{"id":9058,"date":"2025-04-11T22:47:18","date_gmt":"2025-04-12T06:47:18","guid":{"rendered":"https:\/\/www.xcentricbeauty.com\/product\/queratina-brasilena-alisado-progresivo-1-l\/"},"modified":"2025-04-11T22:47:18","modified_gmt":"2025-04-12T06:47:18","slug":"queratina-brasilena-alisado-progresivo-1-l","status":"publish","type":"product","link":"https:\/\/www.xcentricbeauty.com\/es\/producto\/queratina-brasilena-alisado-progresivo-1-l\/","title":{"rendered":"Queratina brasile\u00f1a | Alisado progresivo | 1 L"},"content":{"rendered":"<p>Su f\u00f3rmula se basa en ingredientes activos biodegradables de la selva amaz\u00f3nica, que restauran los nutrientes y fortalecen el cabello. Su complejo tribol\u00f3gico acondiciona y prot<a class=\"thickbox button simpay-thickbox\" title=\"Insert Payment Form\" href=\"https:\/\/www.xcentricbeauty.com\/wp-admin\/post.php?post=837&amp;action=edit#TB_inline?height=300&amp;inlineId=simpay-insert-form\"><span id=\"simpay-insert-form-button\" class=\"wp-media-buttons-icon\"><img decoding=\"async\" src=\"https:\/\/www.xcentricbeauty.com\/wp-content\/plugins\/wp-simple-pay-pro-3\/includes\/core\/assets\/images\/icon.png\" width=\"30\"><\/span>Insert Payment Form<\/a>ege las fibras capilares de la fricci\u00f3n creada por las planchas, y reduce en gran medida el encrespamiento y el volumen, dej\u00e1ndolo liso y sedoso. <\/p>\n<p><strong>Indicaciones t\u00e9cnicas:<\/strong> La Queratina brasile\u00f1a es un alisado progresivo vers\u00e1til y eficaz que garantiza un alisado total en todo tipo de cabello.<\/p>\n<p>&nbsp;<\/p>\n","protected":false},"excerpt":{"rendered":"<p>Su f\u00f3rmula se basa en ingredientes activos biodegradables de la selva amaz\u00f3nica, que restauran los nutrientes y fortalecen el cabello. Su complejo tribol\u00f3gico acondiciona y protege las fibras capilares de la fricci\u00f3n creada por las planchas, y reduce en gran medida el encrespamiento y el volumen, dej\u00e1ndolo liso y sedoso. <\/p>\n","protected":false},"featured_media":2712,"comment_status":"open","ping_status":"closed","template":"","meta":[],"product_brand":[],"product_cat":[242],"product_tag":[],"class_list":{"0":"post-9058","1":"product","2":"type-product","3":"status-publish","4":"has-post-thumbnail","6":"product_cat-queratina-brasilena","8":"first","9":"instock","10":"taxable","11":"shipping-taxable","12":"purchasable","13":"product-type-simple"},"yoast_head":"<!-- This site is optimized with the Yoast SEO plugin v27.6 - https:\/\/yoast.com\/product\/yoast-seo-wordpress\/ -->\n<title>Queratina brasile\u00f1a | Alisado progresivo | 1 L - Xcentric Beauty<\/title>\n<meta name=\"robots\" content=\"index, follow, max-snippet:-1, max-image-preview:large, max-video-preview:-1\" \/>\n<link rel=\"canonical\" href=\"https:\/\/www.xcentricbeauty.com\/es\/producto\/queratina-brasilena-alisado-progresivo-1-l\/\" \/>\n<meta property=\"og:locale\" content=\"es_ES\" \/>\n<meta property=\"og:type\" content=\"article\" \/>\n<meta property=\"og:title\" content=\"Queratina brasile\u00f1a | Alisado progresivo | 1 L - Xcentric Beauty\" \/>\n<meta property=\"og:description\" content=\"Su f\u00f3rmula se basa en ingredientes activos biodegradables de la selva amaz\u00f3nica, que restauran los nutrientes y fortalecen el cabello. Su complejo tribol\u00f3gico acondiciona y protege las fibras capilares de la fricci\u00f3n creada por las planchas, y reduce en gran medida el encrespamiento y el volumen, dej\u00e1ndolo liso y sedoso.\" \/>\n<meta property=\"og:url\" content=\"https:\/\/www.xcentricbeauty.com\/es\/producto\/queratina-brasilena-alisado-progresivo-1-l\/\" \/>\n<meta property=\"og:site_name\" content=\"Xcentric Beauty\" \/>\n<meta property=\"og:image\" content=\"https:\/\/www.xcentricbeauty.com\/wp-content\/uploads\/2025\/04\/Bk_Progressiva1L-scaled.webp\" \/>\n\t<meta property=\"og:image:width\" content=\"652\" \/>\n\t<meta property=\"og:image:height\" content=\"2560\" \/>\n\t<meta property=\"og:image:type\" content=\"image\/webp\" \/>\n<meta name=\"twitter:card\" content=\"summary_large_image\" \/>\n<script type=\"application\/ld+json\" class=\"yoast-schema-graph\">{\"@context\":\"https:\\\/\\\/schema.org\",\"@graph\":[{\"@type\":\"WebPage\",\"@id\":\"https:\\\/\\\/www.xcentricbeauty.com\\\/es\\\/producto\\\/queratina-brasilena-alisado-progresivo-1-l\\\/\",\"url\":\"https:\\\/\\\/www.xcentricbeauty.com\\\/es\\\/producto\\\/queratina-brasilena-alisado-progresivo-1-l\\\/\",\"name\":\"Queratina brasile\u00f1a | Alisado progresivo | 1 L - Xcentric Beauty\",\"isPartOf\":{\"@id\":\"https:\\\/\\\/www.xcentricbeauty.com\\\/es\\\/#website\"},\"primaryImageOfPage\":{\"@id\":\"https:\\\/\\\/www.xcentricbeauty.com\\\/es\\\/producto\\\/queratina-brasilena-alisado-progresivo-1-l\\\/#primaryimage\"},\"image\":{\"@id\":\"https:\\\/\\\/www.xcentricbeauty.com\\\/es\\\/producto\\\/queratina-brasilena-alisado-progresivo-1-l\\\/#primaryimage\"},\"thumbnailUrl\":\"https:\\\/\\\/www.xcentricbeauty.com\\\/wp-content\\\/uploads\\\/2025\\\/04\\\/Bk_Progressiva1L-scaled.webp\",\"datePublished\":\"2025-04-12T06:47:18+00:00\",\"breadcrumb\":{\"@id\":\"https:\\\/\\\/www.xcentricbeauty.com\\\/es\\\/producto\\\/queratina-brasilena-alisado-progresivo-1-l\\\/#breadcrumb\"},\"inLanguage\":\"es\",\"potentialAction\":[{\"@type\":\"ReadAction\",\"target\":[\"https:\\\/\\\/www.xcentricbeauty.com\\\/es\\\/producto\\\/queratina-brasilena-alisado-progresivo-1-l\\\/\"]}]},{\"@type\":\"ImageObject\",\"inLanguage\":\"es\",\"@id\":\"https:\\\/\\\/www.xcentricbeauty.com\\\/es\\\/producto\\\/queratina-brasilena-alisado-progresivo-1-l\\\/#primaryimage\",\"url\":\"https:\\\/\\\/www.xcentricbeauty.com\\\/wp-content\\\/uploads\\\/2025\\\/04\\\/Bk_Progressiva1L-scaled.webp\",\"contentUrl\":\"https:\\\/\\\/www.xcentricbeauty.com\\\/wp-content\\\/uploads\\\/2025\\\/04\\\/Bk_Progressiva1L-scaled.webp\",\"width\":652,\"height\":2560},{\"@type\":\"BreadcrumbList\",\"@id\":\"https:\\\/\\\/www.xcentricbeauty.com\\\/es\\\/producto\\\/queratina-brasilena-alisado-progresivo-1-l\\\/#breadcrumb\",\"itemListElement\":[{\"@type\":\"ListItem\",\"position\":1,\"name\":\"Home\",\"item\":\"https:\\\/\\\/www.xcentricbeauty.com\\\/es\\\/inicio\\\/\"},{\"@type\":\"ListItem\",\"position\":2,\"name\":\"Tienda\",\"item\":\"https:\\\/\\\/www.xcentricbeauty.com\\\/es\\\/tienda\\\/\"},{\"@type\":\"ListItem\",\"position\":3,\"name\":\"Queratina brasile\u00f1a | Alisado progresivo | 1 L\"}]},{\"@type\":\"WebSite\",\"@id\":\"https:\\\/\\\/www.xcentricbeauty.com\\\/es\\\/#website\",\"url\":\"https:\\\/\\\/www.xcentricbeauty.com\\\/es\\\/\",\"name\":\"Xcentric Beauty\",\"description\":\"Hair Products Shop\",\"potentialAction\":[{\"@type\":\"SearchAction\",\"target\":{\"@type\":\"EntryPoint\",\"urlTemplate\":\"https:\\\/\\\/www.xcentricbeauty.com\\\/es\\\/?s={search_term_string}\"},\"query-input\":{\"@type\":\"PropertyValueSpecification\",\"valueRequired\":true,\"valueName\":\"search_term_string\"}}],\"inLanguage\":\"es\"}]}<\/script>\n<!-- \/ Yoast SEO plugin. -->","yoast_head_json":{"title":"Queratina brasile\u00f1a | Alisado progresivo | 1 L - Xcentric Beauty","robots":{"index":"index","follow":"follow","max-snippet":"max-snippet:-1","max-image-preview":"max-image-preview:large","max-video-preview":"max-video-preview:-1"},"canonical":"https:\/\/www.xcentricbeauty.com\/es\/producto\/queratina-brasilena-alisado-progresivo-1-l\/","og_locale":"es_ES","og_type":"article","og_title":"Queratina brasile\u00f1a | Alisado progresivo | 1 L - Xcentric Beauty","og_description":"Su f\u00f3rmula se basa en ingredientes activos biodegradables de la selva amaz\u00f3nica, que restauran los nutrientes y fortalecen el cabello. Su complejo tribol\u00f3gico acondiciona y protege las fibras capilares de la fricci\u00f3n creada por las planchas, y reduce en gran medida el encrespamiento y el volumen, dej\u00e1ndolo liso y sedoso.","og_url":"https:\/\/www.xcentricbeauty.com\/es\/producto\/queratina-brasilena-alisado-progresivo-1-l\/","og_site_name":"Xcentric Beauty","og_image":[{"width":652,"height":2560,"url":"https:\/\/www.xcentricbeauty.com\/wp-content\/uploads\/2025\/04\/Bk_Progressiva1L-scaled.webp","type":"image\/webp"}],"twitter_card":"summary_large_image","schema":{"@context":"https:\/\/schema.org","@graph":[{"@type":"WebPage","@id":"https:\/\/www.xcentricbeauty.com\/es\/producto\/queratina-brasilena-alisado-progresivo-1-l\/","url":"https:\/\/www.xcentricbeauty.com\/es\/producto\/queratina-brasilena-alisado-progresivo-1-l\/","name":"Queratina brasile\u00f1a | Alisado progresivo | 1 L - Xcentric Beauty","isPartOf":{"@id":"https:\/\/www.xcentricbeauty.com\/es\/#website"},"primaryImageOfPage":{"@id":"https:\/\/www.xcentricbeauty.com\/es\/producto\/queratina-brasilena-alisado-progresivo-1-l\/#primaryimage"},"image":{"@id":"https:\/\/www.xcentricbeauty.com\/es\/producto\/queratina-brasilena-alisado-progresivo-1-l\/#primaryimage"},"thumbnailUrl":"https:\/\/www.xcentricbeauty.com\/wp-content\/uploads\/2025\/04\/Bk_Progressiva1L-scaled.webp","datePublished":"2025-04-12T06:47:18+00:00","breadcrumb":{"@id":"https:\/\/www.xcentricbeauty.com\/es\/producto\/queratina-brasilena-alisado-progresivo-1-l\/#breadcrumb"},"inLanguage":"es","potentialAction":[{"@type":"ReadAction","target":["https:\/\/www.xcentricbeauty.com\/es\/producto\/queratina-brasilena-alisado-progresivo-1-l\/"]}]},{"@type":"ImageObject","inLanguage":"es","@id":"https:\/\/www.xcentricbeauty.com\/es\/producto\/queratina-brasilena-alisado-progresivo-1-l\/#primaryimage","url":"https:\/\/www.xcentricbeauty.com\/wp-content\/uploads\/2025\/04\/Bk_Progressiva1L-scaled.webp","contentUrl":"https:\/\/www.xcentricbeauty.com\/wp-content\/uploads\/2025\/04\/Bk_Progressiva1L-scaled.webp","width":652,"height":2560},{"@type":"BreadcrumbList","@id":"https:\/\/www.xcentricbeauty.com\/es\/producto\/queratina-brasilena-alisado-progresivo-1-l\/#breadcrumb","itemListElement":[{"@type":"ListItem","position":1,"name":"Home","item":"https:\/\/www.xcentricbeauty.com\/es\/inicio\/"},{"@type":"ListItem","position":2,"name":"Tienda","item":"https:\/\/www.xcentricbeauty.com\/es\/tienda\/"},{"@type":"ListItem","position":3,"name":"Queratina brasile\u00f1a | Alisado progresivo | 1 L"}]},{"@type":"WebSite","@id":"https:\/\/www.xcentricbeauty.com\/es\/#website","url":"https:\/\/www.xcentricbeauty.com\/es\/","name":"Xcentric Beauty","description":"Hair Products Shop","potentialAction":[{"@type":"SearchAction","target":{"@type":"EntryPoint","urlTemplate":"https:\/\/www.xcentricbeauty.com\/es\/?s={search_term_string}"},"query-input":{"@type":"PropertyValueSpecification","valueRequired":true,"valueName":"search_term_string"}}],"inLanguage":"es"}]}},"_links":{"self":[{"href":"https:\/\/www.xcentricbeauty.com\/es\/wp-json\/wp\/v2\/product\/9058","targetHints":{"allow":["GET"]}}],"collection":[{"href":"https:\/\/www.xcentricbeauty.com\/es\/wp-json\/wp\/v2\/product"}],"about":[{"href":"https:\/\/www.xcentricbeauty.com\/es\/wp-json\/wp\/v2\/types\/product"}],"replies":[{"embeddable":true,"href":"https:\/\/www.xcentricbeauty.com\/es\/wp-json\/wp\/v2\/comments?post=9058"}],"wp:featuredmedia":[{"embeddable":true,"href":"https:\/\/www.xcentricbeauty.com\/es\/wp-json\/wp\/v2\/media\/2712"}],"wp:attachment":[{"href":"https:\/\/www.xcentricbeauty.com\/es\/wp-json\/wp\/v2\/media?parent=9058"}],"wp:term":[{"taxonomy":"product_brand","embeddable":true,"href":"https:\/\/www.xcentricbeauty.com\/es\/wp-json\/wp\/v2\/product_brand?post=9058"},{"taxonomy":"product_cat","embeddable":true,"href":"https:\/\/www.xcentricbeauty.com\/es\/wp-json\/wp\/v2\/product_cat?post=9058"},{"taxonomy":"product_tag","embeddable":true,"href":"https:\/\/www.xcentricbeauty.com\/es\/wp-json\/wp\/v2\/product_tag?post=9058"}],"curies":[{"name":"wp","href":"https:\/\/api.w.org\/{rel}","templated":true}]}}