{"id":9011,"date":"2025-04-22T14:10:08","date_gmt":"2025-04-22T22:10:08","guid":{"rendered":"https:\/\/www.xcentricbeauty.com\/product\/brazilian-coconut-locion-paso-2-500-ml\/"},"modified":"2025-04-22T14:10:08","modified_gmt":"2025-04-22T22:10:08","slug":"brazilian-coconut-locion-paso-2-500-ml","status":"publish","type":"product","link":"https:\/\/www.xcentricbeauty.com\/es\/producto\/brazilian-coconut-locion-paso-2-500-ml\/","title":{"rendered":"Brazilian Coconut | Loci\u00f3n (Paso 2) | 500 ml"},"content":{"rendered":"<p>Recupera la fibra capilar, sella las cut\u00edculas e hidrata las hebras da\u00f1adas devolviendo la vitalidad y suavidad al cabello. Tiene una acci\u00f3n antiencrespamiento que reduce el volumen en un 30 % y elimina el 100 % del frizz, dejando el pelo supersedoso y brillante. Su f\u00f3rmula no contiene formaldeh\u00eddo ni ning\u00fan derivado, y no provoca humo durante el proceso. Este producto es f\u00e1cil de aplicar y de r\u00e1pida absorci\u00f3n gracias a sus mol\u00e9culas nanoprocesadas.   <\/p>\n<p><strong>Indicaciones t\u00e9cnicas:<\/strong> Est\u00e1 indicado para tratar el encrespamiento, la falta de brillo y el volumen no deseado.<\/p>\n<p>&nbsp;<\/p>\n<p>&nbsp;<\/p>\n","protected":false},"excerpt":{"rendered":"<p>Recupera la fibra capilar, sella las cut\u00edculas e hidrata las hebras da\u00f1adas devolviendo la vitalidad y suavidad al cabello. Tiene una acci\u00f3n antiencrespamiento que reduce el volumen en un 30 % y elimina el 100 % del frizz, dejando el pelo supersedoso y brillante. Su f\u00f3rmula no contiene formaldeh\u00eddo ni ning\u00fan derivado, y no provoca humo durante el proceso. Este producto es f\u00e1cil de aplicar y de r\u00e1pida absorci\u00f3n gracias a sus mol\u00e9culas nanoprocesadas.   <\/p>\n","protected":false},"featured_media":2909,"comment_status":"open","ping_status":"closed","template":"","meta":[],"product_brand":[],"product_cat":[238],"product_tag":[],"class_list":{"0":"post-9011","1":"product","2":"type-product","3":"status-publish","4":"has-post-thumbnail","6":"product_cat-brazilian-coconut","8":"first","9":"instock","10":"taxable","11":"shipping-taxable","12":"purchasable","13":"product-type-simple"},"yoast_head":"<!-- This site is optimized with the Yoast SEO plugin v27.6 - https:\/\/yoast.com\/product\/yoast-seo-wordpress\/ -->\n<title>Brazilian Coconut | Loci\u00f3n (Paso 2) | 500 ml - Xcentric Beauty<\/title>\n<meta name=\"robots\" content=\"index, follow, max-snippet:-1, max-image-preview:large, max-video-preview:-1\" \/>\n<link rel=\"canonical\" href=\"https:\/\/www.xcentricbeauty.com\/es\/producto\/brazilian-coconut-locion-paso-2-500-ml\/\" \/>\n<meta property=\"og:locale\" content=\"es_ES\" \/>\n<meta property=\"og:type\" content=\"article\" \/>\n<meta property=\"og:title\" content=\"Brazilian Coconut | Loci\u00f3n (Paso 2) | 500 ml - Xcentric Beauty\" \/>\n<meta property=\"og:description\" content=\"Recupera la fibra capilar, sella las cut\u00edculas e hidrata las hebras da\u00f1adas devolviendo la vitalidad y suavidad al cabello. Tiene una acci\u00f3n antiencrespamiento que reduce el volumen en un 30 % y elimina el 100 % del frizz, dejando el pelo supersedoso y brillante. Su f\u00f3rmula no contiene formaldeh\u00eddo ni ning\u00fan derivado, y no provoca humo durante el proceso. Este producto es f\u00e1cil de aplicar y de r\u00e1pida absorci\u00f3n gracias a sus mol\u00e9culas nanoprocesadas.\" \/>\n<meta property=\"og:url\" content=\"https:\/\/www.xcentricbeauty.com\/es\/producto\/brazilian-coconut-locion-paso-2-500-ml\/\" \/>\n<meta property=\"og:site_name\" content=\"Xcentric Beauty\" \/>\n<meta property=\"og:image\" content=\"https:\/\/www.xcentricbeauty.com\/wp-content\/uploads\/2025\/04\/CocoNut_Step2_500m-scaled.webp\" \/>\n\t<meta property=\"og:image:width\" content=\"639\" \/>\n\t<meta property=\"og:image:height\" content=\"2560\" \/>\n\t<meta property=\"og:image:type\" content=\"image\/webp\" \/>\n<meta name=\"twitter:card\" content=\"summary_large_image\" \/>\n<meta name=\"twitter:label1\" content=\"Tiempo de lectura\" \/>\n\t<meta name=\"twitter:data1\" content=\"1 minuto\" \/>\n<script type=\"application\/ld+json\" class=\"yoast-schema-graph\">{\"@context\":\"https:\\\/\\\/schema.org\",\"@graph\":[{\"@type\":\"WebPage\",\"@id\":\"https:\\\/\\\/www.xcentricbeauty.com\\\/es\\\/producto\\\/brazilian-coconut-locion-paso-2-500-ml\\\/\",\"url\":\"https:\\\/\\\/www.xcentricbeauty.com\\\/es\\\/producto\\\/brazilian-coconut-locion-paso-2-500-ml\\\/\",\"name\":\"Brazilian Coconut | Loci\u00f3n (Paso 2) | 500 ml - Xcentric Beauty\",\"isPartOf\":{\"@id\":\"https:\\\/\\\/www.xcentricbeauty.com\\\/es\\\/#website\"},\"primaryImageOfPage\":{\"@id\":\"https:\\\/\\\/www.xcentricbeauty.com\\\/es\\\/producto\\\/brazilian-coconut-locion-paso-2-500-ml\\\/#primaryimage\"},\"image\":{\"@id\":\"https:\\\/\\\/www.xcentricbeauty.com\\\/es\\\/producto\\\/brazilian-coconut-locion-paso-2-500-ml\\\/#primaryimage\"},\"thumbnailUrl\":\"https:\\\/\\\/www.xcentricbeauty.com\\\/wp-content\\\/uploads\\\/2025\\\/04\\\/CocoNut_Step2_500m-scaled.webp\",\"datePublished\":\"2025-04-22T22:10:08+00:00\",\"breadcrumb\":{\"@id\":\"https:\\\/\\\/www.xcentricbeauty.com\\\/es\\\/producto\\\/brazilian-coconut-locion-paso-2-500-ml\\\/#breadcrumb\"},\"inLanguage\":\"es\",\"potentialAction\":[{\"@type\":\"ReadAction\",\"target\":[\"https:\\\/\\\/www.xcentricbeauty.com\\\/es\\\/producto\\\/brazilian-coconut-locion-paso-2-500-ml\\\/\"]}]},{\"@type\":\"ImageObject\",\"inLanguage\":\"es\",\"@id\":\"https:\\\/\\\/www.xcentricbeauty.com\\\/es\\\/producto\\\/brazilian-coconut-locion-paso-2-500-ml\\\/#primaryimage\",\"url\":\"https:\\\/\\\/www.xcentricbeauty.com\\\/wp-content\\\/uploads\\\/2025\\\/04\\\/CocoNut_Step2_500m-scaled.webp\",\"contentUrl\":\"https:\\\/\\\/www.xcentricbeauty.com\\\/wp-content\\\/uploads\\\/2025\\\/04\\\/CocoNut_Step2_500m-scaled.webp\",\"width\":639,\"height\":2560},{\"@type\":\"BreadcrumbList\",\"@id\":\"https:\\\/\\\/www.xcentricbeauty.com\\\/es\\\/producto\\\/brazilian-coconut-locion-paso-2-500-ml\\\/#breadcrumb\",\"itemListElement\":[{\"@type\":\"ListItem\",\"position\":1,\"name\":\"Home\",\"item\":\"https:\\\/\\\/www.xcentricbeauty.com\\\/es\\\/inicio\\\/\"},{\"@type\":\"ListItem\",\"position\":2,\"name\":\"Tienda\",\"item\":\"https:\\\/\\\/www.xcentricbeauty.com\\\/es\\\/tienda\\\/\"},{\"@type\":\"ListItem\",\"position\":3,\"name\":\"Brazilian Coconut | Loci\u00f3n (Paso 2) | 500 ml\"}]},{\"@type\":\"WebSite\",\"@id\":\"https:\\\/\\\/www.xcentricbeauty.com\\\/es\\\/#website\",\"url\":\"https:\\\/\\\/www.xcentricbeauty.com\\\/es\\\/\",\"name\":\"Xcentric Beauty\",\"description\":\"Hair Products Shop\",\"potentialAction\":[{\"@type\":\"SearchAction\",\"target\":{\"@type\":\"EntryPoint\",\"urlTemplate\":\"https:\\\/\\\/www.xcentricbeauty.com\\\/es\\\/?s={search_term_string}\"},\"query-input\":{\"@type\":\"PropertyValueSpecification\",\"valueRequired\":true,\"valueName\":\"search_term_string\"}}],\"inLanguage\":\"es\"}]}<\/script>\n<!-- \/ Yoast SEO plugin. -->","yoast_head_json":{"title":"Brazilian Coconut | Loci\u00f3n (Paso 2) | 500 ml - Xcentric Beauty","robots":{"index":"index","follow":"follow","max-snippet":"max-snippet:-1","max-image-preview":"max-image-preview:large","max-video-preview":"max-video-preview:-1"},"canonical":"https:\/\/www.xcentricbeauty.com\/es\/producto\/brazilian-coconut-locion-paso-2-500-ml\/","og_locale":"es_ES","og_type":"article","og_title":"Brazilian Coconut | Loci\u00f3n (Paso 2) | 500 ml - Xcentric Beauty","og_description":"Recupera la fibra capilar, sella las cut\u00edculas e hidrata las hebras da\u00f1adas devolviendo la vitalidad y suavidad al cabello. Tiene una acci\u00f3n antiencrespamiento que reduce el volumen en un 30 % y elimina el 100 % del frizz, dejando el pelo supersedoso y brillante. Su f\u00f3rmula no contiene formaldeh\u00eddo ni ning\u00fan derivado, y no provoca humo durante el proceso. Este producto es f\u00e1cil de aplicar y de r\u00e1pida absorci\u00f3n gracias a sus mol\u00e9culas nanoprocesadas.","og_url":"https:\/\/www.xcentricbeauty.com\/es\/producto\/brazilian-coconut-locion-paso-2-500-ml\/","og_site_name":"Xcentric Beauty","og_image":[{"width":639,"height":2560,"url":"https:\/\/www.xcentricbeauty.com\/wp-content\/uploads\/2025\/04\/CocoNut_Step2_500m-scaled.webp","type":"image\/webp"}],"twitter_card":"summary_large_image","twitter_misc":{"Tiempo de lectura":"1 minuto"},"schema":{"@context":"https:\/\/schema.org","@graph":[{"@type":"WebPage","@id":"https:\/\/www.xcentricbeauty.com\/es\/producto\/brazilian-coconut-locion-paso-2-500-ml\/","url":"https:\/\/www.xcentricbeauty.com\/es\/producto\/brazilian-coconut-locion-paso-2-500-ml\/","name":"Brazilian Coconut | Loci\u00f3n (Paso 2) | 500 ml - Xcentric Beauty","isPartOf":{"@id":"https:\/\/www.xcentricbeauty.com\/es\/#website"},"primaryImageOfPage":{"@id":"https:\/\/www.xcentricbeauty.com\/es\/producto\/brazilian-coconut-locion-paso-2-500-ml\/#primaryimage"},"image":{"@id":"https:\/\/www.xcentricbeauty.com\/es\/producto\/brazilian-coconut-locion-paso-2-500-ml\/#primaryimage"},"thumbnailUrl":"https:\/\/www.xcentricbeauty.com\/wp-content\/uploads\/2025\/04\/CocoNut_Step2_500m-scaled.webp","datePublished":"2025-04-22T22:10:08+00:00","breadcrumb":{"@id":"https:\/\/www.xcentricbeauty.com\/es\/producto\/brazilian-coconut-locion-paso-2-500-ml\/#breadcrumb"},"inLanguage":"es","potentialAction":[{"@type":"ReadAction","target":["https:\/\/www.xcentricbeauty.com\/es\/producto\/brazilian-coconut-locion-paso-2-500-ml\/"]}]},{"@type":"ImageObject","inLanguage":"es","@id":"https:\/\/www.xcentricbeauty.com\/es\/producto\/brazilian-coconut-locion-paso-2-500-ml\/#primaryimage","url":"https:\/\/www.xcentricbeauty.com\/wp-content\/uploads\/2025\/04\/CocoNut_Step2_500m-scaled.webp","contentUrl":"https:\/\/www.xcentricbeauty.com\/wp-content\/uploads\/2025\/04\/CocoNut_Step2_500m-scaled.webp","width":639,"height":2560},{"@type":"BreadcrumbList","@id":"https:\/\/www.xcentricbeauty.com\/es\/producto\/brazilian-coconut-locion-paso-2-500-ml\/#breadcrumb","itemListElement":[{"@type":"ListItem","position":1,"name":"Home","item":"https:\/\/www.xcentricbeauty.com\/es\/inicio\/"},{"@type":"ListItem","position":2,"name":"Tienda","item":"https:\/\/www.xcentricbeauty.com\/es\/tienda\/"},{"@type":"ListItem","position":3,"name":"Brazilian Coconut | Loci\u00f3n (Paso 2) | 500 ml"}]},{"@type":"WebSite","@id":"https:\/\/www.xcentricbeauty.com\/es\/#website","url":"https:\/\/www.xcentricbeauty.com\/es\/","name":"Xcentric Beauty","description":"Hair Products Shop","potentialAction":[{"@type":"SearchAction","target":{"@type":"EntryPoint","urlTemplate":"https:\/\/www.xcentricbeauty.com\/es\/?s={search_term_string}"},"query-input":{"@type":"PropertyValueSpecification","valueRequired":true,"valueName":"search_term_string"}}],"inLanguage":"es"}]}},"_links":{"self":[{"href":"https:\/\/www.xcentricbeauty.com\/es\/wp-json\/wp\/v2\/product\/9011","targetHints":{"allow":["GET"]}}],"collection":[{"href":"https:\/\/www.xcentricbeauty.com\/es\/wp-json\/wp\/v2\/product"}],"about":[{"href":"https:\/\/www.xcentricbeauty.com\/es\/wp-json\/wp\/v2\/types\/product"}],"replies":[{"embeddable":true,"href":"https:\/\/www.xcentricbeauty.com\/es\/wp-json\/wp\/v2\/comments?post=9011"}],"wp:featuredmedia":[{"embeddable":true,"href":"https:\/\/www.xcentricbeauty.com\/es\/wp-json\/wp\/v2\/media\/2909"}],"wp:attachment":[{"href":"https:\/\/www.xcentricbeauty.com\/es\/wp-json\/wp\/v2\/media?parent=9011"}],"wp:term":[{"taxonomy":"product_brand","embeddable":true,"href":"https:\/\/www.xcentricbeauty.com\/es\/wp-json\/wp\/v2\/product_brand?post=9011"},{"taxonomy":"product_cat","embeddable":true,"href":"https:\/\/www.xcentricbeauty.com\/es\/wp-json\/wp\/v2\/product_cat?post=9011"},{"taxonomy":"product_tag","embeddable":true,"href":"https:\/\/www.xcentricbeauty.com\/es\/wp-json\/wp\/v2\/product_tag?post=9011"}],"curies":[{"name":"wp","href":"https:\/\/api.w.org\/{rel}","templated":true}]}}