{"id":8998,"date":"2025-05-09T05:00:34","date_gmt":"2025-05-09T13:00:34","guid":{"rendered":"https:\/\/www.xcentricbeauty.com\/product\/plastica-capilar-queratina-activa-paso-3-500ml\/"},"modified":"2025-05-09T05:00:34","modified_gmt":"2025-05-09T13:00:34","slug":"plastica-capilar-queratina-activa-paso-3-500ml","status":"publish","type":"product","link":"https:\/\/www.xcentricbeauty.com\/es\/producto\/plastica-capilar-queratina-activa-paso-3-500ml\/","title":{"rendered":"Pl\u00e1stica Capilar | Queratina Activa (Paso 3) | 500ml"},"content":{"rendered":"<p>Devuelve la vitalidad al cabello. Enriquecido con caviar, que contiene nutrientes, vitaminas, l\u00edpidos, minerales y prote\u00ednas, incluyendo amino\u00e1cidos y omega 3. <\/p>\n<p><strong>Indicaciones T\u00e9cnicas:<\/strong> Tratamiento intensivo para cabello sensible, quebradizo y con puntas abiertas. Est\u00e1 enriquecido con caviar que act\u00faa en la reconstrucci\u00f3n de la fibra capilar, devolviendo su manto hidrolip\u00eddico. Potencia un aspecto sedoso al cabello, reemplazando las capas desgastadas y eliminando los signos de envejecimiento.  <\/p>\n<p>&nbsp;<\/p>\n<p>&nbsp;<\/p>\n","protected":false},"excerpt":{"rendered":"<p>Devuelve la vitalidad al cabello. Enriquecido con caviar, que contiene nutrientes, vitaminas, l\u00edpidos, minerales y prote\u00ednas, incluyendo amino\u00e1cidos y omega 3. <\/p>\n","protected":false},"featured_media":2901,"comment_status":"open","ping_status":"closed","template":"","meta":[],"product_brand":[],"product_cat":[231],"product_tag":[],"class_list":{"0":"post-8998","1":"product","2":"type-product","3":"status-publish","4":"has-post-thumbnail","6":"product_cat-plastica-capilar","8":"first","9":"instock","10":"taxable","11":"shipping-taxable","12":"purchasable","13":"product-type-simple"},"yoast_head":"<!-- This site is optimized with the Yoast SEO plugin v27.6 - https:\/\/yoast.com\/product\/yoast-seo-wordpress\/ -->\n<title>Pl\u00e1stica Capilar | Queratina Activa (Paso 3) | 500ml - Xcentric Beauty<\/title>\n<meta name=\"robots\" content=\"index, follow, max-snippet:-1, max-image-preview:large, max-video-preview:-1\" \/>\n<link rel=\"canonical\" href=\"https:\/\/www.xcentricbeauty.com\/es\/producto\/plastica-capilar-queratina-activa-paso-3-500ml\/\" \/>\n<meta property=\"og:locale\" content=\"es_ES\" \/>\n<meta property=\"og:type\" content=\"article\" \/>\n<meta property=\"og:title\" content=\"Pl\u00e1stica Capilar | Queratina Activa (Paso 3) | 500ml - Xcentric Beauty\" \/>\n<meta property=\"og:description\" content=\"Devuelve la vitalidad al cabello. Enriquecido con caviar, que contiene nutrientes, vitaminas, l\u00edpidos, minerales y prote\u00ednas, incluyendo amino\u00e1cidos y omega 3.\" \/>\n<meta property=\"og:url\" content=\"https:\/\/www.xcentricbeauty.com\/es\/producto\/plastica-capilar-queratina-activa-paso-3-500ml\/\" \/>\n<meta property=\"og:site_name\" content=\"Xcentric Beauty\" \/>\n<meta property=\"og:image\" content=\"https:\/\/www.xcentricbeauty.com\/wp-content\/uploads\/2025\/05\/Plastica_Step-3-500mL-1-scaled.webp\" \/>\n\t<meta property=\"og:image:width\" content=\"722\" \/>\n\t<meta property=\"og:image:height\" content=\"2560\" \/>\n\t<meta property=\"og:image:type\" content=\"image\/webp\" \/>\n<meta name=\"twitter:card\" content=\"summary_large_image\" \/>\n<script type=\"application\/ld+json\" class=\"yoast-schema-graph\">{\"@context\":\"https:\\\/\\\/schema.org\",\"@graph\":[{\"@type\":\"WebPage\",\"@id\":\"https:\\\/\\\/www.xcentricbeauty.com\\\/es\\\/producto\\\/plastica-capilar-queratina-activa-paso-3-500ml\\\/\",\"url\":\"https:\\\/\\\/www.xcentricbeauty.com\\\/es\\\/producto\\\/plastica-capilar-queratina-activa-paso-3-500ml\\\/\",\"name\":\"Pl\u00e1stica Capilar | Queratina Activa (Paso 3) | 500ml - Xcentric Beauty\",\"isPartOf\":{\"@id\":\"https:\\\/\\\/www.xcentricbeauty.com\\\/es\\\/#website\"},\"primaryImageOfPage\":{\"@id\":\"https:\\\/\\\/www.xcentricbeauty.com\\\/es\\\/producto\\\/plastica-capilar-queratina-activa-paso-3-500ml\\\/#primaryimage\"},\"image\":{\"@id\":\"https:\\\/\\\/www.xcentricbeauty.com\\\/es\\\/producto\\\/plastica-capilar-queratina-activa-paso-3-500ml\\\/#primaryimage\"},\"thumbnailUrl\":\"https:\\\/\\\/www.xcentricbeauty.com\\\/wp-content\\\/uploads\\\/2025\\\/05\\\/Plastica_Step-3-500mL-1-scaled.webp\",\"datePublished\":\"2025-05-09T13:00:34+00:00\",\"breadcrumb\":{\"@id\":\"https:\\\/\\\/www.xcentricbeauty.com\\\/es\\\/producto\\\/plastica-capilar-queratina-activa-paso-3-500ml\\\/#breadcrumb\"},\"inLanguage\":\"es\",\"potentialAction\":[{\"@type\":\"ReadAction\",\"target\":[\"https:\\\/\\\/www.xcentricbeauty.com\\\/es\\\/producto\\\/plastica-capilar-queratina-activa-paso-3-500ml\\\/\"]}]},{\"@type\":\"ImageObject\",\"inLanguage\":\"es\",\"@id\":\"https:\\\/\\\/www.xcentricbeauty.com\\\/es\\\/producto\\\/plastica-capilar-queratina-activa-paso-3-500ml\\\/#primaryimage\",\"url\":\"https:\\\/\\\/www.xcentricbeauty.com\\\/wp-content\\\/uploads\\\/2025\\\/05\\\/Plastica_Step-3-500mL-1-scaled.webp\",\"contentUrl\":\"https:\\\/\\\/www.xcentricbeauty.com\\\/wp-content\\\/uploads\\\/2025\\\/05\\\/Plastica_Step-3-500mL-1-scaled.webp\",\"width\":722,\"height\":2560},{\"@type\":\"BreadcrumbList\",\"@id\":\"https:\\\/\\\/www.xcentricbeauty.com\\\/es\\\/producto\\\/plastica-capilar-queratina-activa-paso-3-500ml\\\/#breadcrumb\",\"itemListElement\":[{\"@type\":\"ListItem\",\"position\":1,\"name\":\"Home\",\"item\":\"https:\\\/\\\/www.xcentricbeauty.com\\\/es\\\/inicio\\\/\"},{\"@type\":\"ListItem\",\"position\":2,\"name\":\"Tienda\",\"item\":\"https:\\\/\\\/www.xcentricbeauty.com\\\/es\\\/tienda\\\/\"},{\"@type\":\"ListItem\",\"position\":3,\"name\":\"Pl\u00e1stica Capilar | Queratina Activa (Paso 3) | 500ml\"}]},{\"@type\":\"WebSite\",\"@id\":\"https:\\\/\\\/www.xcentricbeauty.com\\\/es\\\/#website\",\"url\":\"https:\\\/\\\/www.xcentricbeauty.com\\\/es\\\/\",\"name\":\"Xcentric Beauty\",\"description\":\"Hair Products Shop\",\"potentialAction\":[{\"@type\":\"SearchAction\",\"target\":{\"@type\":\"EntryPoint\",\"urlTemplate\":\"https:\\\/\\\/www.xcentricbeauty.com\\\/es\\\/?s={search_term_string}\"},\"query-input\":{\"@type\":\"PropertyValueSpecification\",\"valueRequired\":true,\"valueName\":\"search_term_string\"}}],\"inLanguage\":\"es\"}]}<\/script>\n<!-- \/ Yoast SEO plugin. -->","yoast_head_json":{"title":"Pl\u00e1stica Capilar | Queratina Activa (Paso 3) | 500ml - Xcentric Beauty","robots":{"index":"index","follow":"follow","max-snippet":"max-snippet:-1","max-image-preview":"max-image-preview:large","max-video-preview":"max-video-preview:-1"},"canonical":"https:\/\/www.xcentricbeauty.com\/es\/producto\/plastica-capilar-queratina-activa-paso-3-500ml\/","og_locale":"es_ES","og_type":"article","og_title":"Pl\u00e1stica Capilar | Queratina Activa (Paso 3) | 500ml - Xcentric Beauty","og_description":"Devuelve la vitalidad al cabello. Enriquecido con caviar, que contiene nutrientes, vitaminas, l\u00edpidos, minerales y prote\u00ednas, incluyendo amino\u00e1cidos y omega 3.","og_url":"https:\/\/www.xcentricbeauty.com\/es\/producto\/plastica-capilar-queratina-activa-paso-3-500ml\/","og_site_name":"Xcentric Beauty","og_image":[{"width":722,"height":2560,"url":"https:\/\/www.xcentricbeauty.com\/wp-content\/uploads\/2025\/05\/Plastica_Step-3-500mL-1-scaled.webp","type":"image\/webp"}],"twitter_card":"summary_large_image","schema":{"@context":"https:\/\/schema.org","@graph":[{"@type":"WebPage","@id":"https:\/\/www.xcentricbeauty.com\/es\/producto\/plastica-capilar-queratina-activa-paso-3-500ml\/","url":"https:\/\/www.xcentricbeauty.com\/es\/producto\/plastica-capilar-queratina-activa-paso-3-500ml\/","name":"Pl\u00e1stica Capilar | Queratina Activa (Paso 3) | 500ml - Xcentric Beauty","isPartOf":{"@id":"https:\/\/www.xcentricbeauty.com\/es\/#website"},"primaryImageOfPage":{"@id":"https:\/\/www.xcentricbeauty.com\/es\/producto\/plastica-capilar-queratina-activa-paso-3-500ml\/#primaryimage"},"image":{"@id":"https:\/\/www.xcentricbeauty.com\/es\/producto\/plastica-capilar-queratina-activa-paso-3-500ml\/#primaryimage"},"thumbnailUrl":"https:\/\/www.xcentricbeauty.com\/wp-content\/uploads\/2025\/05\/Plastica_Step-3-500mL-1-scaled.webp","datePublished":"2025-05-09T13:00:34+00:00","breadcrumb":{"@id":"https:\/\/www.xcentricbeauty.com\/es\/producto\/plastica-capilar-queratina-activa-paso-3-500ml\/#breadcrumb"},"inLanguage":"es","potentialAction":[{"@type":"ReadAction","target":["https:\/\/www.xcentricbeauty.com\/es\/producto\/plastica-capilar-queratina-activa-paso-3-500ml\/"]}]},{"@type":"ImageObject","inLanguage":"es","@id":"https:\/\/www.xcentricbeauty.com\/es\/producto\/plastica-capilar-queratina-activa-paso-3-500ml\/#primaryimage","url":"https:\/\/www.xcentricbeauty.com\/wp-content\/uploads\/2025\/05\/Plastica_Step-3-500mL-1-scaled.webp","contentUrl":"https:\/\/www.xcentricbeauty.com\/wp-content\/uploads\/2025\/05\/Plastica_Step-3-500mL-1-scaled.webp","width":722,"height":2560},{"@type":"BreadcrumbList","@id":"https:\/\/www.xcentricbeauty.com\/es\/producto\/plastica-capilar-queratina-activa-paso-3-500ml\/#breadcrumb","itemListElement":[{"@type":"ListItem","position":1,"name":"Home","item":"https:\/\/www.xcentricbeauty.com\/es\/inicio\/"},{"@type":"ListItem","position":2,"name":"Tienda","item":"https:\/\/www.xcentricbeauty.com\/es\/tienda\/"},{"@type":"ListItem","position":3,"name":"Pl\u00e1stica Capilar | Queratina Activa (Paso 3) | 500ml"}]},{"@type":"WebSite","@id":"https:\/\/www.xcentricbeauty.com\/es\/#website","url":"https:\/\/www.xcentricbeauty.com\/es\/","name":"Xcentric Beauty","description":"Hair Products Shop","potentialAction":[{"@type":"SearchAction","target":{"@type":"EntryPoint","urlTemplate":"https:\/\/www.xcentricbeauty.com\/es\/?s={search_term_string}"},"query-input":{"@type":"PropertyValueSpecification","valueRequired":true,"valueName":"search_term_string"}}],"inLanguage":"es"}]}},"_links":{"self":[{"href":"https:\/\/www.xcentricbeauty.com\/es\/wp-json\/wp\/v2\/product\/8998","targetHints":{"allow":["GET"]}}],"collection":[{"href":"https:\/\/www.xcentricbeauty.com\/es\/wp-json\/wp\/v2\/product"}],"about":[{"href":"https:\/\/www.xcentricbeauty.com\/es\/wp-json\/wp\/v2\/types\/product"}],"replies":[{"embeddable":true,"href":"https:\/\/www.xcentricbeauty.com\/es\/wp-json\/wp\/v2\/comments?post=8998"}],"wp:featuredmedia":[{"embeddable":true,"href":"https:\/\/www.xcentricbeauty.com\/es\/wp-json\/wp\/v2\/media\/2901"}],"wp:attachment":[{"href":"https:\/\/www.xcentricbeauty.com\/es\/wp-json\/wp\/v2\/media?parent=8998"}],"wp:term":[{"taxonomy":"product_brand","embeddable":true,"href":"https:\/\/www.xcentricbeauty.com\/es\/wp-json\/wp\/v2\/product_brand?post=8998"},{"taxonomy":"product_cat","embeddable":true,"href":"https:\/\/www.xcentricbeauty.com\/es\/wp-json\/wp\/v2\/product_cat?post=8998"},{"taxonomy":"product_tag","embeddable":true,"href":"https:\/\/www.xcentricbeauty.com\/es\/wp-json\/wp\/v2\/product_tag?post=8998"}],"curies":[{"name":"wp","href":"https:\/\/api.w.org\/{rel}","templated":true}]}}