{"id":8937,"date":"2025-05-12T17:33:55","date_gmt":"2025-05-13T01:33:55","guid":{"rendered":"https:\/\/www.xcentricbeauty.com\/product\/color-glam-champu-rubio-250-ml\/"},"modified":"2025-05-12T17:33:55","modified_gmt":"2025-05-13T01:33:55","slug":"color-glam-champu-rubio-250-ml","status":"publish","type":"product","link":"https:\/\/www.xcentricbeauty.com\/es\/producto\/color-glam-champu-rubio-250-ml\/","title":{"rendered":"Color Glam | Champ\u00fa Rubio | 250 ml"},"content":{"rendered":"<p>Limpia suavemente. Enriquecido con amino\u00e1cidos y aceite de coco, su f\u00f3rmula permite una mejor fijaci\u00f3n y durabilidad del color, devolviendo suavidad y brillo al cabello. <\/p>\n<p><strong>Indicaciones t\u00e9cnicas:<\/strong> Para cabello te\u00f1ido y decolorado.<\/p>\n<p>&nbsp;<\/p>\n","protected":false},"excerpt":{"rendered":"<p>Limpia suavemente. Enriquecido con amino\u00e1cidos y aceite de coco, su f\u00f3rmula permite una mejor fijaci\u00f3n y durabilidad del color, devolviendo suavidad y brillo al cabello. <\/p>\n","protected":false},"featured_media":2935,"comment_status":"open","ping_status":"closed","template":"","meta":[],"product_brand":[],"product_cat":[212,214],"product_tag":[],"class_list":{"0":"post-8937","1":"product","2":"type-product","3":"status-publish","4":"has-post-thumbnail","6":"product_cat-color-glam-blond","7":"product_cat-color-glam-blond-home-care","9":"first","10":"instock","11":"taxable","12":"shipping-taxable","13":"purchasable","14":"product-type-simple"},"yoast_head":"<!-- This site is optimized with the Yoast SEO plugin v27.6 - https:\/\/yoast.com\/product\/yoast-seo-wordpress\/ -->\n<title>Color Glam | Champ\u00fa Rubio | 250 ml - Xcentric Beauty<\/title>\n<meta name=\"robots\" content=\"index, follow, max-snippet:-1, max-image-preview:large, max-video-preview:-1\" \/>\n<link rel=\"canonical\" href=\"https:\/\/www.xcentricbeauty.com\/es\/producto\/color-glam-champu-rubio-250-ml\/\" \/>\n<meta property=\"og:locale\" content=\"es_ES\" \/>\n<meta property=\"og:type\" content=\"article\" \/>\n<meta property=\"og:title\" content=\"Color Glam | Champ\u00fa Rubio | 250 ml - Xcentric Beauty\" \/>\n<meta property=\"og:description\" content=\"Limpia suavemente. Enriquecido con amino\u00e1cidos y aceite de coco, su f\u00f3rmula permite una mejor fijaci\u00f3n y durabilidad del color, devolviendo suavidad y brillo al cabello.\" \/>\n<meta property=\"og:url\" content=\"https:\/\/www.xcentricbeauty.com\/es\/producto\/color-glam-champu-rubio-250-ml\/\" \/>\n<meta property=\"og:site_name\" content=\"Xcentric Beauty\" \/>\n<meta property=\"og:image\" content=\"https:\/\/www.xcentricbeauty.com\/wp-content\/uploads\/2025\/05\/ColorGlam_Blond_Shampoo.webp\" \/>\n\t<meta property=\"og:image:width\" content=\"899\" \/>\n\t<meta property=\"og:image:height\" content=\"2523\" \/>\n\t<meta property=\"og:image:type\" content=\"image\/webp\" \/>\n<meta name=\"twitter:card\" content=\"summary_large_image\" \/>\n<script type=\"application\/ld+json\" class=\"yoast-schema-graph\">{\"@context\":\"https:\\\/\\\/schema.org\",\"@graph\":[{\"@type\":\"WebPage\",\"@id\":\"https:\\\/\\\/www.xcentricbeauty.com\\\/es\\\/producto\\\/color-glam-champu-rubio-250-ml\\\/\",\"url\":\"https:\\\/\\\/www.xcentricbeauty.com\\\/es\\\/producto\\\/color-glam-champu-rubio-250-ml\\\/\",\"name\":\"Color Glam | Champ\u00fa Rubio | 250 ml - Xcentric Beauty\",\"isPartOf\":{\"@id\":\"https:\\\/\\\/www.xcentricbeauty.com\\\/es\\\/#website\"},\"primaryImageOfPage\":{\"@id\":\"https:\\\/\\\/www.xcentricbeauty.com\\\/es\\\/producto\\\/color-glam-champu-rubio-250-ml\\\/#primaryimage\"},\"image\":{\"@id\":\"https:\\\/\\\/www.xcentricbeauty.com\\\/es\\\/producto\\\/color-glam-champu-rubio-250-ml\\\/#primaryimage\"},\"thumbnailUrl\":\"https:\\\/\\\/www.xcentricbeauty.com\\\/wp-content\\\/uploads\\\/2025\\\/05\\\/ColorGlam_Blond_Shampoo.webp\",\"datePublished\":\"2025-05-13T01:33:55+00:00\",\"breadcrumb\":{\"@id\":\"https:\\\/\\\/www.xcentricbeauty.com\\\/es\\\/producto\\\/color-glam-champu-rubio-250-ml\\\/#breadcrumb\"},\"inLanguage\":\"es\",\"potentialAction\":[{\"@type\":\"ReadAction\",\"target\":[\"https:\\\/\\\/www.xcentricbeauty.com\\\/es\\\/producto\\\/color-glam-champu-rubio-250-ml\\\/\"]}]},{\"@type\":\"ImageObject\",\"inLanguage\":\"es\",\"@id\":\"https:\\\/\\\/www.xcentricbeauty.com\\\/es\\\/producto\\\/color-glam-champu-rubio-250-ml\\\/#primaryimage\",\"url\":\"https:\\\/\\\/www.xcentricbeauty.com\\\/wp-content\\\/uploads\\\/2025\\\/05\\\/ColorGlam_Blond_Shampoo.webp\",\"contentUrl\":\"https:\\\/\\\/www.xcentricbeauty.com\\\/wp-content\\\/uploads\\\/2025\\\/05\\\/ColorGlam_Blond_Shampoo.webp\",\"width\":899,\"height\":2523},{\"@type\":\"BreadcrumbList\",\"@id\":\"https:\\\/\\\/www.xcentricbeauty.com\\\/es\\\/producto\\\/color-glam-champu-rubio-250-ml\\\/#breadcrumb\",\"itemListElement\":[{\"@type\":\"ListItem\",\"position\":1,\"name\":\"Home\",\"item\":\"https:\\\/\\\/www.xcentricbeauty.com\\\/es\\\/inicio\\\/\"},{\"@type\":\"ListItem\",\"position\":2,\"name\":\"Tienda\",\"item\":\"https:\\\/\\\/www.xcentricbeauty.com\\\/es\\\/tienda\\\/\"},{\"@type\":\"ListItem\",\"position\":3,\"name\":\"Color Glam | Champ\u00fa Rubio | 250 ml\"}]},{\"@type\":\"WebSite\",\"@id\":\"https:\\\/\\\/www.xcentricbeauty.com\\\/es\\\/#website\",\"url\":\"https:\\\/\\\/www.xcentricbeauty.com\\\/es\\\/\",\"name\":\"Xcentric Beauty\",\"description\":\"Hair Products Shop\",\"potentialAction\":[{\"@type\":\"SearchAction\",\"target\":{\"@type\":\"EntryPoint\",\"urlTemplate\":\"https:\\\/\\\/www.xcentricbeauty.com\\\/es\\\/?s={search_term_string}\"},\"query-input\":{\"@type\":\"PropertyValueSpecification\",\"valueRequired\":true,\"valueName\":\"search_term_string\"}}],\"inLanguage\":\"es\"}]}<\/script>\n<!-- \/ Yoast SEO plugin. -->","yoast_head_json":{"title":"Color Glam | Champ\u00fa Rubio | 250 ml - Xcentric Beauty","robots":{"index":"index","follow":"follow","max-snippet":"max-snippet:-1","max-image-preview":"max-image-preview:large","max-video-preview":"max-video-preview:-1"},"canonical":"https:\/\/www.xcentricbeauty.com\/es\/producto\/color-glam-champu-rubio-250-ml\/","og_locale":"es_ES","og_type":"article","og_title":"Color Glam | Champ\u00fa Rubio | 250 ml - Xcentric Beauty","og_description":"Limpia suavemente. Enriquecido con amino\u00e1cidos y aceite de coco, su f\u00f3rmula permite una mejor fijaci\u00f3n y durabilidad del color, devolviendo suavidad y brillo al cabello.","og_url":"https:\/\/www.xcentricbeauty.com\/es\/producto\/color-glam-champu-rubio-250-ml\/","og_site_name":"Xcentric Beauty","og_image":[{"width":899,"height":2523,"url":"https:\/\/www.xcentricbeauty.com\/wp-content\/uploads\/2025\/05\/ColorGlam_Blond_Shampoo.webp","type":"image\/webp"}],"twitter_card":"summary_large_image","schema":{"@context":"https:\/\/schema.org","@graph":[{"@type":"WebPage","@id":"https:\/\/www.xcentricbeauty.com\/es\/producto\/color-glam-champu-rubio-250-ml\/","url":"https:\/\/www.xcentricbeauty.com\/es\/producto\/color-glam-champu-rubio-250-ml\/","name":"Color Glam | Champ\u00fa Rubio | 250 ml - Xcentric Beauty","isPartOf":{"@id":"https:\/\/www.xcentricbeauty.com\/es\/#website"},"primaryImageOfPage":{"@id":"https:\/\/www.xcentricbeauty.com\/es\/producto\/color-glam-champu-rubio-250-ml\/#primaryimage"},"image":{"@id":"https:\/\/www.xcentricbeauty.com\/es\/producto\/color-glam-champu-rubio-250-ml\/#primaryimage"},"thumbnailUrl":"https:\/\/www.xcentricbeauty.com\/wp-content\/uploads\/2025\/05\/ColorGlam_Blond_Shampoo.webp","datePublished":"2025-05-13T01:33:55+00:00","breadcrumb":{"@id":"https:\/\/www.xcentricbeauty.com\/es\/producto\/color-glam-champu-rubio-250-ml\/#breadcrumb"},"inLanguage":"es","potentialAction":[{"@type":"ReadAction","target":["https:\/\/www.xcentricbeauty.com\/es\/producto\/color-glam-champu-rubio-250-ml\/"]}]},{"@type":"ImageObject","inLanguage":"es","@id":"https:\/\/www.xcentricbeauty.com\/es\/producto\/color-glam-champu-rubio-250-ml\/#primaryimage","url":"https:\/\/www.xcentricbeauty.com\/wp-content\/uploads\/2025\/05\/ColorGlam_Blond_Shampoo.webp","contentUrl":"https:\/\/www.xcentricbeauty.com\/wp-content\/uploads\/2025\/05\/ColorGlam_Blond_Shampoo.webp","width":899,"height":2523},{"@type":"BreadcrumbList","@id":"https:\/\/www.xcentricbeauty.com\/es\/producto\/color-glam-champu-rubio-250-ml\/#breadcrumb","itemListElement":[{"@type":"ListItem","position":1,"name":"Home","item":"https:\/\/www.xcentricbeauty.com\/es\/inicio\/"},{"@type":"ListItem","position":2,"name":"Tienda","item":"https:\/\/www.xcentricbeauty.com\/es\/tienda\/"},{"@type":"ListItem","position":3,"name":"Color Glam | Champ\u00fa Rubio | 250 ml"}]},{"@type":"WebSite","@id":"https:\/\/www.xcentricbeauty.com\/es\/#website","url":"https:\/\/www.xcentricbeauty.com\/es\/","name":"Xcentric Beauty","description":"Hair Products Shop","potentialAction":[{"@type":"SearchAction","target":{"@type":"EntryPoint","urlTemplate":"https:\/\/www.xcentricbeauty.com\/es\/?s={search_term_string}"},"query-input":{"@type":"PropertyValueSpecification","valueRequired":true,"valueName":"search_term_string"}}],"inLanguage":"es"}]}},"_links":{"self":[{"href":"https:\/\/www.xcentricbeauty.com\/es\/wp-json\/wp\/v2\/product\/8937","targetHints":{"allow":["GET"]}}],"collection":[{"href":"https:\/\/www.xcentricbeauty.com\/es\/wp-json\/wp\/v2\/product"}],"about":[{"href":"https:\/\/www.xcentricbeauty.com\/es\/wp-json\/wp\/v2\/types\/product"}],"replies":[{"embeddable":true,"href":"https:\/\/www.xcentricbeauty.com\/es\/wp-json\/wp\/v2\/comments?post=8937"}],"wp:featuredmedia":[{"embeddable":true,"href":"https:\/\/www.xcentricbeauty.com\/es\/wp-json\/wp\/v2\/media\/2935"}],"wp:attachment":[{"href":"https:\/\/www.xcentricbeauty.com\/es\/wp-json\/wp\/v2\/media?parent=8937"}],"wp:term":[{"taxonomy":"product_brand","embeddable":true,"href":"https:\/\/www.xcentricbeauty.com\/es\/wp-json\/wp\/v2\/product_brand?post=8937"},{"taxonomy":"product_cat","embeddable":true,"href":"https:\/\/www.xcentricbeauty.com\/es\/wp-json\/wp\/v2\/product_cat?post=8937"},{"taxonomy":"product_tag","embeddable":true,"href":"https:\/\/www.xcentricbeauty.com\/es\/wp-json\/wp\/v2\/product_tag?post=8937"}],"curies":[{"name":"wp","href":"https:\/\/api.w.org\/{rel}","templated":true}]}}