{"id":8918,"date":"2025-05-09T21:47:10","date_gmt":"2025-05-10T05:47:10","guid":{"rendered":"https:\/\/www.xcentricbeauty.com\/product\/plancha-lizze-extreme-titanio-de-125-pulgadas\/"},"modified":"2025-05-09T21:47:10","modified_gmt":"2025-05-10T05:47:10","slug":"plancha-lizze-extreme-titanio-de-125-pulgadas","status":"publish","type":"product","link":"https:\/\/www.xcentricbeauty.com\/es\/producto\/plancha-lizze-extreme-titanio-de-125-pulgadas\/","title":{"rendered":"Plancha Lizze Extreme | Titanio de 1,25 pulgadas"},"content":{"rendered":"<p>Este producto ha sido dise\u00f1ado con tecnolog\u00eda de vanguardia para realzar el brillo y la suavidad del cabello. Est\u00e1 pensado para ofrecer comodidad y resultados eficaces a<br \/>\nprofesionales sin comprometer la salud de las hebras capilares. Con resistencia cer\u00e1mica, mantiene el calor de forma efectiva durante el peinado, alcanzando una temperatura \u00f3ptima de 250\u00baC para uso profesional.<br \/>\nLa plancha Lizze Extreme incorpora un sistema de calentamiento que asegura una alta conductividad t\u00e9rmica, manteniendo una temperatura constante en las placas gracias a una r\u00e1pida recuperaci\u00f3n del calor.<br \/>\nAdem\u00e1s, cuenta con un cable giratorio de 3 metros de largo para mayor comodidad. Con placas recubiertas de titanio, protege el cabello del contacto directo con la base de aluminio, haciendo que el proceso de alisado sea m\u00e1s r\u00e1pido, preciso y uniforme. Tambi\u00e9n incluye una pantalla LED y botones de control de temperatura para una funcionalidad adicional.    <\/p>\n","protected":false},"excerpt":{"rendered":"<p>Este producto ha sido dise\u00f1ado con tecnolog\u00eda de vanguardia para realzar el brillo y la suavidad del cabello. Est\u00e1 pensado para ofrecer comodidad y resultados eficaces a<br \/>\nprofesionales sin comprometer la salud de las hebras capilares. Con resistencia cer\u00e1mica, mantiene el calor de forma efectiva durante el peinado, alcanzando una<br \/>\ntemperatura \u00f3ptima de 250\u00baC para uso profesional.  <\/p>\n","protected":false},"featured_media":2787,"comment_status":"open","ping_status":"closed","template":"","meta":[],"product_brand":[],"product_cat":[206],"product_tag":[],"class_list":{"0":"post-8918","1":"product","2":"type-product","3":"status-publish","4":"has-post-thumbnail","6":"product_cat-accesorios","8":"first","9":"instock","10":"taxable","11":"shipping-taxable","12":"purchasable","13":"product-type-simple"},"yoast_head":"<!-- This site is optimized with the Yoast SEO plugin v27.6 - https:\/\/yoast.com\/product\/yoast-seo-wordpress\/ -->\n<title>Plancha Lizze Extreme | Titanio de 1,25 pulgadas - Xcentric Beauty<\/title>\n<meta name=\"robots\" content=\"index, follow, max-snippet:-1, max-image-preview:large, max-video-preview:-1\" \/>\n<link rel=\"canonical\" href=\"https:\/\/www.xcentricbeauty.com\/es\/producto\/plancha-lizze-extreme-titanio-de-125-pulgadas\/\" \/>\n<meta property=\"og:locale\" content=\"es_ES\" \/>\n<meta property=\"og:type\" content=\"article\" \/>\n<meta property=\"og:title\" content=\"Plancha Lizze Extreme | Titanio de 1,25 pulgadas - Xcentric Beauty\" \/>\n<meta property=\"og:description\" content=\"Este producto ha sido dise\u00f1ado con tecnolog\u00eda de vanguardia para realzar el brillo y la suavidad del cabello. Est\u00e1 pensado para ofrecer comodidad y resultados eficaces a profesionales sin comprometer la salud de las hebras capilares. Con resistencia cer\u00e1mica, mantiene el calor de forma efectiva durante el peinado, alcanzando una temperatura \u00f3ptima de 250\u00baC para uso profesional.\" \/>\n<meta property=\"og:url\" content=\"https:\/\/www.xcentricbeauty.com\/es\/producto\/plancha-lizze-extreme-titanio-de-125-pulgadas\/\" \/>\n<meta property=\"og:site_name\" content=\"Xcentric Beauty\" \/>\n<meta property=\"og:image\" content=\"https:\/\/www.xcentricbeauty.com\/wp-content\/uploads\/2025\/05\/2ac.png\" \/>\n\t<meta property=\"og:image:width\" content=\"192\" \/>\n\t<meta property=\"og:image:height\" content=\"383\" \/>\n\t<meta property=\"og:image:type\" content=\"image\/png\" \/>\n<meta name=\"twitter:card\" content=\"summary_large_image\" \/>\n<meta name=\"twitter:label1\" content=\"Tiempo de lectura\" \/>\n\t<meta name=\"twitter:data1\" content=\"1 minuto\" \/>\n<script type=\"application\/ld+json\" class=\"yoast-schema-graph\">{\"@context\":\"https:\\\/\\\/schema.org\",\"@graph\":[{\"@type\":\"WebPage\",\"@id\":\"https:\\\/\\\/www.xcentricbeauty.com\\\/es\\\/producto\\\/plancha-lizze-extreme-titanio-de-125-pulgadas\\\/\",\"url\":\"https:\\\/\\\/www.xcentricbeauty.com\\\/es\\\/producto\\\/plancha-lizze-extreme-titanio-de-125-pulgadas\\\/\",\"name\":\"Plancha Lizze Extreme | Titanio de 1,25 pulgadas - Xcentric Beauty\",\"isPartOf\":{\"@id\":\"https:\\\/\\\/www.xcentricbeauty.com\\\/es\\\/#website\"},\"primaryImageOfPage\":{\"@id\":\"https:\\\/\\\/www.xcentricbeauty.com\\\/es\\\/producto\\\/plancha-lizze-extreme-titanio-de-125-pulgadas\\\/#primaryimage\"},\"image\":{\"@id\":\"https:\\\/\\\/www.xcentricbeauty.com\\\/es\\\/producto\\\/plancha-lizze-extreme-titanio-de-125-pulgadas\\\/#primaryimage\"},\"thumbnailUrl\":\"https:\\\/\\\/www.xcentricbeauty.com\\\/wp-content\\\/uploads\\\/2025\\\/05\\\/2ac.png\",\"datePublished\":\"2025-05-10T05:47:10+00:00\",\"breadcrumb\":{\"@id\":\"https:\\\/\\\/www.xcentricbeauty.com\\\/es\\\/producto\\\/plancha-lizze-extreme-titanio-de-125-pulgadas\\\/#breadcrumb\"},\"inLanguage\":\"es\",\"potentialAction\":[{\"@type\":\"ReadAction\",\"target\":[\"https:\\\/\\\/www.xcentricbeauty.com\\\/es\\\/producto\\\/plancha-lizze-extreme-titanio-de-125-pulgadas\\\/\"]}]},{\"@type\":\"ImageObject\",\"inLanguage\":\"es\",\"@id\":\"https:\\\/\\\/www.xcentricbeauty.com\\\/es\\\/producto\\\/plancha-lizze-extreme-titanio-de-125-pulgadas\\\/#primaryimage\",\"url\":\"https:\\\/\\\/www.xcentricbeauty.com\\\/wp-content\\\/uploads\\\/2025\\\/05\\\/2ac.png\",\"contentUrl\":\"https:\\\/\\\/www.xcentricbeauty.com\\\/wp-content\\\/uploads\\\/2025\\\/05\\\/2ac.png\",\"width\":192,\"height\":383},{\"@type\":\"BreadcrumbList\",\"@id\":\"https:\\\/\\\/www.xcentricbeauty.com\\\/es\\\/producto\\\/plancha-lizze-extreme-titanio-de-125-pulgadas\\\/#breadcrumb\",\"itemListElement\":[{\"@type\":\"ListItem\",\"position\":1,\"name\":\"Home\",\"item\":\"https:\\\/\\\/www.xcentricbeauty.com\\\/es\\\/inicio\\\/\"},{\"@type\":\"ListItem\",\"position\":2,\"name\":\"Tienda\",\"item\":\"https:\\\/\\\/www.xcentricbeauty.com\\\/es\\\/tienda\\\/\"},{\"@type\":\"ListItem\",\"position\":3,\"name\":\"Plancha Lizze Extreme | Titanio de 1,25 pulgadas\"}]},{\"@type\":\"WebSite\",\"@id\":\"https:\\\/\\\/www.xcentricbeauty.com\\\/es\\\/#website\",\"url\":\"https:\\\/\\\/www.xcentricbeauty.com\\\/es\\\/\",\"name\":\"Xcentric Beauty\",\"description\":\"Hair Products Shop\",\"potentialAction\":[{\"@type\":\"SearchAction\",\"target\":{\"@type\":\"EntryPoint\",\"urlTemplate\":\"https:\\\/\\\/www.xcentricbeauty.com\\\/es\\\/?s={search_term_string}\"},\"query-input\":{\"@type\":\"PropertyValueSpecification\",\"valueRequired\":true,\"valueName\":\"search_term_string\"}}],\"inLanguage\":\"es\"}]}<\/script>\n<!-- \/ Yoast SEO plugin. -->","yoast_head_json":{"title":"Plancha Lizze Extreme | Titanio de 1,25 pulgadas - Xcentric Beauty","robots":{"index":"index","follow":"follow","max-snippet":"max-snippet:-1","max-image-preview":"max-image-preview:large","max-video-preview":"max-video-preview:-1"},"canonical":"https:\/\/www.xcentricbeauty.com\/es\/producto\/plancha-lizze-extreme-titanio-de-125-pulgadas\/","og_locale":"es_ES","og_type":"article","og_title":"Plancha Lizze Extreme | Titanio de 1,25 pulgadas - Xcentric Beauty","og_description":"Este producto ha sido dise\u00f1ado con tecnolog\u00eda de vanguardia para realzar el brillo y la suavidad del cabello. Est\u00e1 pensado para ofrecer comodidad y resultados eficaces a profesionales sin comprometer la salud de las hebras capilares. Con resistencia cer\u00e1mica, mantiene el calor de forma efectiva durante el peinado, alcanzando una temperatura \u00f3ptima de 250\u00baC para uso profesional.","og_url":"https:\/\/www.xcentricbeauty.com\/es\/producto\/plancha-lizze-extreme-titanio-de-125-pulgadas\/","og_site_name":"Xcentric Beauty","og_image":[{"width":192,"height":383,"url":"https:\/\/www.xcentricbeauty.com\/wp-content\/uploads\/2025\/05\/2ac.png","type":"image\/png"}],"twitter_card":"summary_large_image","twitter_misc":{"Tiempo de lectura":"1 minuto"},"schema":{"@context":"https:\/\/schema.org","@graph":[{"@type":"WebPage","@id":"https:\/\/www.xcentricbeauty.com\/es\/producto\/plancha-lizze-extreme-titanio-de-125-pulgadas\/","url":"https:\/\/www.xcentricbeauty.com\/es\/producto\/plancha-lizze-extreme-titanio-de-125-pulgadas\/","name":"Plancha Lizze Extreme | Titanio de 1,25 pulgadas - Xcentric Beauty","isPartOf":{"@id":"https:\/\/www.xcentricbeauty.com\/es\/#website"},"primaryImageOfPage":{"@id":"https:\/\/www.xcentricbeauty.com\/es\/producto\/plancha-lizze-extreme-titanio-de-125-pulgadas\/#primaryimage"},"image":{"@id":"https:\/\/www.xcentricbeauty.com\/es\/producto\/plancha-lizze-extreme-titanio-de-125-pulgadas\/#primaryimage"},"thumbnailUrl":"https:\/\/www.xcentricbeauty.com\/wp-content\/uploads\/2025\/05\/2ac.png","datePublished":"2025-05-10T05:47:10+00:00","breadcrumb":{"@id":"https:\/\/www.xcentricbeauty.com\/es\/producto\/plancha-lizze-extreme-titanio-de-125-pulgadas\/#breadcrumb"},"inLanguage":"es","potentialAction":[{"@type":"ReadAction","target":["https:\/\/www.xcentricbeauty.com\/es\/producto\/plancha-lizze-extreme-titanio-de-125-pulgadas\/"]}]},{"@type":"ImageObject","inLanguage":"es","@id":"https:\/\/www.xcentricbeauty.com\/es\/producto\/plancha-lizze-extreme-titanio-de-125-pulgadas\/#primaryimage","url":"https:\/\/www.xcentricbeauty.com\/wp-content\/uploads\/2025\/05\/2ac.png","contentUrl":"https:\/\/www.xcentricbeauty.com\/wp-content\/uploads\/2025\/05\/2ac.png","width":192,"height":383},{"@type":"BreadcrumbList","@id":"https:\/\/www.xcentricbeauty.com\/es\/producto\/plancha-lizze-extreme-titanio-de-125-pulgadas\/#breadcrumb","itemListElement":[{"@type":"ListItem","position":1,"name":"Home","item":"https:\/\/www.xcentricbeauty.com\/es\/inicio\/"},{"@type":"ListItem","position":2,"name":"Tienda","item":"https:\/\/www.xcentricbeauty.com\/es\/tienda\/"},{"@type":"ListItem","position":3,"name":"Plancha Lizze Extreme | Titanio de 1,25 pulgadas"}]},{"@type":"WebSite","@id":"https:\/\/www.xcentricbeauty.com\/es\/#website","url":"https:\/\/www.xcentricbeauty.com\/es\/","name":"Xcentric Beauty","description":"Hair Products Shop","potentialAction":[{"@type":"SearchAction","target":{"@type":"EntryPoint","urlTemplate":"https:\/\/www.xcentricbeauty.com\/es\/?s={search_term_string}"},"query-input":{"@type":"PropertyValueSpecification","valueRequired":true,"valueName":"search_term_string"}}],"inLanguage":"es"}]}},"_links":{"self":[{"href":"https:\/\/www.xcentricbeauty.com\/es\/wp-json\/wp\/v2\/product\/8918","targetHints":{"allow":["GET"]}}],"collection":[{"href":"https:\/\/www.xcentricbeauty.com\/es\/wp-json\/wp\/v2\/product"}],"about":[{"href":"https:\/\/www.xcentricbeauty.com\/es\/wp-json\/wp\/v2\/types\/product"}],"replies":[{"embeddable":true,"href":"https:\/\/www.xcentricbeauty.com\/es\/wp-json\/wp\/v2\/comments?post=8918"}],"wp:featuredmedia":[{"embeddable":true,"href":"https:\/\/www.xcentricbeauty.com\/es\/wp-json\/wp\/v2\/media\/2787"}],"wp:attachment":[{"href":"https:\/\/www.xcentricbeauty.com\/es\/wp-json\/wp\/v2\/media?parent=8918"}],"wp:term":[{"taxonomy":"product_brand","embeddable":true,"href":"https:\/\/www.xcentricbeauty.com\/es\/wp-json\/wp\/v2\/product_brand?post=8918"},{"taxonomy":"product_cat","embeddable":true,"href":"https:\/\/www.xcentricbeauty.com\/es\/wp-json\/wp\/v2\/product_cat?post=8918"},{"taxonomy":"product_tag","embeddable":true,"href":"https:\/\/www.xcentricbeauty.com\/es\/wp-json\/wp\/v2\/product_tag?post=8918"}],"curies":[{"name":"wp","href":"https:\/\/api.w.org\/{rel}","templated":true}]}}