{"id":8904,"date":"2025-05-09T21:54:05","date_gmt":"2025-05-10T05:54:05","guid":{"rendered":"https:\/\/www.xcentricbeauty.com\/product\/ducha-stream-mineral-pure\/"},"modified":"2025-05-09T21:54:05","modified_gmt":"2025-05-10T05:54:05","slug":"ducha-stream-mineral-pure","status":"publish","type":"product","link":"https:\/\/www.xcentricbeauty.com\/es\/producto\/ducha-stream-mineral-pure\/","title":{"rendered":"Ducha Stream Mineral PURE"},"content":{"rendered":"<p>La Ducha Stream Mineral PURE es ideal para quienes buscan una experiencia de ducha mejorada. Este cabezal de ducha est\u00e1 dise\u00f1ado con 250 microorificios cortados con l\u00e1ser, que aumentan la presi\u00f3n del agua un 200% mientras ahorran entre un 30% y un 35% de agua. Su tecnolog\u00eda avanzada proporciona una sensaci\u00f3n \u00fanica: una gran cantidad de agua extremadamente suave y agradable al tacto, haciendo de cada ducha un momento relajante y revitalizante.  <\/p>\n<p>Adem\u00e1s, las piedras minerales del interior filtran las impurezas, dejando tu piel y cabello m\u00e1s suaves. \u00a1Transforma tu rutina diaria con la Ducha Stream Mineral PURE y disfruta de una experiencia de spa en casa! <\/p>\n","protected":false},"excerpt":{"rendered":"<p>La Ducha Stream Mineral PURE es ideal para quienes buscan una experiencia de ducha mejorada. Este cabezal de ducha est\u00e1 dise\u00f1ado con 250 microorificios cortados con l\u00e1ser, que aumentan la presi\u00f3n del agua un 200% mientras ahorran entre un 30% y un 35% de agua. Su tecnolog\u00eda avanzada proporciona una sensaci\u00f3n \u00fanica: una gran cantidad de agua extremadamente suave y agradable al tacto, haciendo de cada ducha un momento relajante y revitalizante.<br \/>\nGracias a su sistema de filtraci\u00f3n avanzado, Pure Shower se ha convertido en un referente entre los salones. Los tres tipos de esferas minerales act\u00faan en el proceso de filtraci\u00f3n y purificaci\u00f3n del agua, favoreciendo una limpieza profunda y un cabello m\u00e1s saludable. Pure Shower es \u00fanica en el mercado con una Certificaci\u00f3n Internacional de Esferas, garantizando la m\u00e1xima calidad del equipo.    <\/p>\n","protected":false},"featured_media":2795,"comment_status":"open","ping_status":"closed","template":"","meta":[],"product_brand":[],"product_cat":[206],"product_tag":[],"class_list":{"0":"post-8904","1":"product","2":"type-product","3":"status-publish","4":"has-post-thumbnail","6":"product_cat-accesorios","8":"first","9":"instock","10":"taxable","11":"shipping-taxable","12":"purchasable","13":"product-type-simple"},"yoast_head":"<!-- This site is optimized with the Yoast SEO plugin v27.6 - https:\/\/yoast.com\/product\/yoast-seo-wordpress\/ -->\n<title>Ducha Stream Mineral PURE - Xcentric Beauty<\/title>\n<meta name=\"robots\" content=\"index, follow, max-snippet:-1, max-image-preview:large, max-video-preview:-1\" \/>\n<link rel=\"canonical\" href=\"https:\/\/www.xcentricbeauty.com\/es\/producto\/ducha-stream-mineral-pure\/\" \/>\n<meta property=\"og:locale\" content=\"es_ES\" \/>\n<meta property=\"og:type\" content=\"article\" \/>\n<meta property=\"og:title\" content=\"Ducha Stream Mineral PURE - Xcentric Beauty\" \/>\n<meta property=\"og:description\" content=\"La Ducha Stream Mineral PURE es ideal para quienes buscan una experiencia de ducha mejorada. Este cabezal de ducha est\u00e1 dise\u00f1ado con 250 microorificios cortados con l\u00e1ser, que aumentan la presi\u00f3n del agua un 200% mientras ahorran entre un 30% y un 35% de agua. Su tecnolog\u00eda avanzada proporciona una sensaci\u00f3n \u00fanica: una gran cantidad de agua extremadamente suave y agradable al tacto, haciendo de cada ducha un momento relajante y revitalizante. Gracias a su sistema de filtraci\u00f3n avanzado, Pure Shower se ha convertido en un referente entre los salones. Los tres tipos de esferas minerales act\u00faan en el proceso de filtraci\u00f3n y purificaci\u00f3n del agua, favoreciendo una limpieza profunda y un cabello m\u00e1s saludable. Pure Shower es \u00fanica en el mercado con una Certificaci\u00f3n Internacional de Esferas, garantizando la m\u00e1xima calidad del equipo.\" \/>\n<meta property=\"og:url\" content=\"https:\/\/www.xcentricbeauty.com\/es\/producto\/ducha-stream-mineral-pure\/\" \/>\n<meta property=\"og:site_name\" content=\"Xcentric Beauty\" \/>\n<meta property=\"og:image\" content=\"https:\/\/www.xcentricbeauty.com\/wp-content\/uploads\/2025\/05\/6ac.png\" \/>\n\t<meta property=\"og:image:width\" content=\"302\" \/>\n\t<meta property=\"og:image:height\" content=\"384\" \/>\n\t<meta property=\"og:image:type\" content=\"image\/png\" \/>\n<meta name=\"twitter:card\" content=\"summary_large_image\" \/>\n<meta name=\"twitter:label1\" content=\"Tiempo de lectura\" \/>\n\t<meta name=\"twitter:data1\" content=\"1 minuto\" \/>\n<script type=\"application\/ld+json\" class=\"yoast-schema-graph\">{\"@context\":\"https:\\\/\\\/schema.org\",\"@graph\":[{\"@type\":\"WebPage\",\"@id\":\"https:\\\/\\\/www.xcentricbeauty.com\\\/es\\\/producto\\\/ducha-stream-mineral-pure\\\/\",\"url\":\"https:\\\/\\\/www.xcentricbeauty.com\\\/es\\\/producto\\\/ducha-stream-mineral-pure\\\/\",\"name\":\"Ducha Stream Mineral PURE - Xcentric Beauty\",\"isPartOf\":{\"@id\":\"https:\\\/\\\/www.xcentricbeauty.com\\\/es\\\/#website\"},\"primaryImageOfPage\":{\"@id\":\"https:\\\/\\\/www.xcentricbeauty.com\\\/es\\\/producto\\\/ducha-stream-mineral-pure\\\/#primaryimage\"},\"image\":{\"@id\":\"https:\\\/\\\/www.xcentricbeauty.com\\\/es\\\/producto\\\/ducha-stream-mineral-pure\\\/#primaryimage\"},\"thumbnailUrl\":\"https:\\\/\\\/www.xcentricbeauty.com\\\/wp-content\\\/uploads\\\/2025\\\/05\\\/6ac.png\",\"datePublished\":\"2025-05-10T05:54:05+00:00\",\"breadcrumb\":{\"@id\":\"https:\\\/\\\/www.xcentricbeauty.com\\\/es\\\/producto\\\/ducha-stream-mineral-pure\\\/#breadcrumb\"},\"inLanguage\":\"es\",\"potentialAction\":[{\"@type\":\"ReadAction\",\"target\":[\"https:\\\/\\\/www.xcentricbeauty.com\\\/es\\\/producto\\\/ducha-stream-mineral-pure\\\/\"]}]},{\"@type\":\"ImageObject\",\"inLanguage\":\"es\",\"@id\":\"https:\\\/\\\/www.xcentricbeauty.com\\\/es\\\/producto\\\/ducha-stream-mineral-pure\\\/#primaryimage\",\"url\":\"https:\\\/\\\/www.xcentricbeauty.com\\\/wp-content\\\/uploads\\\/2025\\\/05\\\/6ac.png\",\"contentUrl\":\"https:\\\/\\\/www.xcentricbeauty.com\\\/wp-content\\\/uploads\\\/2025\\\/05\\\/6ac.png\",\"width\":302,\"height\":384},{\"@type\":\"BreadcrumbList\",\"@id\":\"https:\\\/\\\/www.xcentricbeauty.com\\\/es\\\/producto\\\/ducha-stream-mineral-pure\\\/#breadcrumb\",\"itemListElement\":[{\"@type\":\"ListItem\",\"position\":1,\"name\":\"Home\",\"item\":\"https:\\\/\\\/www.xcentricbeauty.com\\\/es\\\/inicio\\\/\"},{\"@type\":\"ListItem\",\"position\":2,\"name\":\"Tienda\",\"item\":\"https:\\\/\\\/www.xcentricbeauty.com\\\/es\\\/tienda\\\/\"},{\"@type\":\"ListItem\",\"position\":3,\"name\":\"Ducha Stream Mineral PURE\"}]},{\"@type\":\"WebSite\",\"@id\":\"https:\\\/\\\/www.xcentricbeauty.com\\\/es\\\/#website\",\"url\":\"https:\\\/\\\/www.xcentricbeauty.com\\\/es\\\/\",\"name\":\"Xcentric Beauty\",\"description\":\"Hair Products Shop\",\"potentialAction\":[{\"@type\":\"SearchAction\",\"target\":{\"@type\":\"EntryPoint\",\"urlTemplate\":\"https:\\\/\\\/www.xcentricbeauty.com\\\/es\\\/?s={search_term_string}\"},\"query-input\":{\"@type\":\"PropertyValueSpecification\",\"valueRequired\":true,\"valueName\":\"search_term_string\"}}],\"inLanguage\":\"es\"}]}<\/script>\n<!-- \/ Yoast SEO plugin. -->","yoast_head_json":{"title":"Ducha Stream Mineral PURE - Xcentric Beauty","robots":{"index":"index","follow":"follow","max-snippet":"max-snippet:-1","max-image-preview":"max-image-preview:large","max-video-preview":"max-video-preview:-1"},"canonical":"https:\/\/www.xcentricbeauty.com\/es\/producto\/ducha-stream-mineral-pure\/","og_locale":"es_ES","og_type":"article","og_title":"Ducha Stream Mineral PURE - Xcentric Beauty","og_description":"La Ducha Stream Mineral PURE es ideal para quienes buscan una experiencia de ducha mejorada. Este cabezal de ducha est\u00e1 dise\u00f1ado con 250 microorificios cortados con l\u00e1ser, que aumentan la presi\u00f3n del agua un 200% mientras ahorran entre un 30% y un 35% de agua. Su tecnolog\u00eda avanzada proporciona una sensaci\u00f3n \u00fanica: una gran cantidad de agua extremadamente suave y agradable al tacto, haciendo de cada ducha un momento relajante y revitalizante. Gracias a su sistema de filtraci\u00f3n avanzado, Pure Shower se ha convertido en un referente entre los salones. Los tres tipos de esferas minerales act\u00faan en el proceso de filtraci\u00f3n y purificaci\u00f3n del agua, favoreciendo una limpieza profunda y un cabello m\u00e1s saludable. Pure Shower es \u00fanica en el mercado con una Certificaci\u00f3n Internacional de Esferas, garantizando la m\u00e1xima calidad del equipo.","og_url":"https:\/\/www.xcentricbeauty.com\/es\/producto\/ducha-stream-mineral-pure\/","og_site_name":"Xcentric Beauty","og_image":[{"width":302,"height":384,"url":"https:\/\/www.xcentricbeauty.com\/wp-content\/uploads\/2025\/05\/6ac.png","type":"image\/png"}],"twitter_card":"summary_large_image","twitter_misc":{"Tiempo de lectura":"1 minuto"},"schema":{"@context":"https:\/\/schema.org","@graph":[{"@type":"WebPage","@id":"https:\/\/www.xcentricbeauty.com\/es\/producto\/ducha-stream-mineral-pure\/","url":"https:\/\/www.xcentricbeauty.com\/es\/producto\/ducha-stream-mineral-pure\/","name":"Ducha Stream Mineral PURE - Xcentric Beauty","isPartOf":{"@id":"https:\/\/www.xcentricbeauty.com\/es\/#website"},"primaryImageOfPage":{"@id":"https:\/\/www.xcentricbeauty.com\/es\/producto\/ducha-stream-mineral-pure\/#primaryimage"},"image":{"@id":"https:\/\/www.xcentricbeauty.com\/es\/producto\/ducha-stream-mineral-pure\/#primaryimage"},"thumbnailUrl":"https:\/\/www.xcentricbeauty.com\/wp-content\/uploads\/2025\/05\/6ac.png","datePublished":"2025-05-10T05:54:05+00:00","breadcrumb":{"@id":"https:\/\/www.xcentricbeauty.com\/es\/producto\/ducha-stream-mineral-pure\/#breadcrumb"},"inLanguage":"es","potentialAction":[{"@type":"ReadAction","target":["https:\/\/www.xcentricbeauty.com\/es\/producto\/ducha-stream-mineral-pure\/"]}]},{"@type":"ImageObject","inLanguage":"es","@id":"https:\/\/www.xcentricbeauty.com\/es\/producto\/ducha-stream-mineral-pure\/#primaryimage","url":"https:\/\/www.xcentricbeauty.com\/wp-content\/uploads\/2025\/05\/6ac.png","contentUrl":"https:\/\/www.xcentricbeauty.com\/wp-content\/uploads\/2025\/05\/6ac.png","width":302,"height":384},{"@type":"BreadcrumbList","@id":"https:\/\/www.xcentricbeauty.com\/es\/producto\/ducha-stream-mineral-pure\/#breadcrumb","itemListElement":[{"@type":"ListItem","position":1,"name":"Home","item":"https:\/\/www.xcentricbeauty.com\/es\/inicio\/"},{"@type":"ListItem","position":2,"name":"Tienda","item":"https:\/\/www.xcentricbeauty.com\/es\/tienda\/"},{"@type":"ListItem","position":3,"name":"Ducha Stream Mineral PURE"}]},{"@type":"WebSite","@id":"https:\/\/www.xcentricbeauty.com\/es\/#website","url":"https:\/\/www.xcentricbeauty.com\/es\/","name":"Xcentric Beauty","description":"Hair Products Shop","potentialAction":[{"@type":"SearchAction","target":{"@type":"EntryPoint","urlTemplate":"https:\/\/www.xcentricbeauty.com\/es\/?s={search_term_string}"},"query-input":{"@type":"PropertyValueSpecification","valueRequired":true,"valueName":"search_term_string"}}],"inLanguage":"es"}]}},"_links":{"self":[{"href":"https:\/\/www.xcentricbeauty.com\/es\/wp-json\/wp\/v2\/product\/8904","targetHints":{"allow":["GET"]}}],"collection":[{"href":"https:\/\/www.xcentricbeauty.com\/es\/wp-json\/wp\/v2\/product"}],"about":[{"href":"https:\/\/www.xcentricbeauty.com\/es\/wp-json\/wp\/v2\/types\/product"}],"replies":[{"embeddable":true,"href":"https:\/\/www.xcentricbeauty.com\/es\/wp-json\/wp\/v2\/comments?post=8904"}],"wp:featuredmedia":[{"embeddable":true,"href":"https:\/\/www.xcentricbeauty.com\/es\/wp-json\/wp\/v2\/media\/2795"}],"wp:attachment":[{"href":"https:\/\/www.xcentricbeauty.com\/es\/wp-json\/wp\/v2\/media?parent=8904"}],"wp:term":[{"taxonomy":"product_brand","embeddable":true,"href":"https:\/\/www.xcentricbeauty.com\/es\/wp-json\/wp\/v2\/product_brand?post=8904"},{"taxonomy":"product_cat","embeddable":true,"href":"https:\/\/www.xcentricbeauty.com\/es\/wp-json\/wp\/v2\/product_cat?post=8904"},{"taxonomy":"product_tag","embeddable":true,"href":"https:\/\/www.xcentricbeauty.com\/es\/wp-json\/wp\/v2\/product_tag?post=8904"}],"curies":[{"name":"wp","href":"https:\/\/api.w.org\/{rel}","templated":true}]}}