{"id":8855,"date":"2025-05-13T22:30:25","date_gmt":"2025-05-14T06:30:25","guid":{"rendered":"https:\/\/www.xcentricbeauty.com\/product\/brazilian-coconut-acondicionador-home-care-250-ml\/"},"modified":"2025-05-13T22:30:25","modified_gmt":"2025-05-14T06:30:25","slug":"brazilian-coconut-acondicionador-home-care-250-ml","status":"publish","type":"product","link":"https:\/\/www.xcentricbeauty.com\/es\/producto\/brazilian-coconut-acondicionador-home-care-250-ml\/","title":{"rendered":"Brazilian Coconut | Acondicionador Home Care | 250 ml"},"content":{"rendered":"<p>Los productos de la l\u00ednea de cuidado en casa prolongan los resultados del tratamiento Brazilian Coconut realizado en el sal\u00f3n y mantienen tu cabello fuerte, brillante y con menos encrespamiento y volumen durante m\u00e1s tiempo.<\/p>\n<p>Est\u00e1n indicados para todo tipo de cabellos que se cepillan a diario. Estos productos se han desarrollado con una f\u00f3rmula ligera que contiene aceite de coco y siliconas vegetales, capaces de crear una pel\u00edcula protectora en la estructura de la fibra capilar. <\/p>\n<p><strong>Indicaciones t\u00e9cnicas:<\/strong> Est\u00e1 indicado para tratar el encrespamiento, la falta de brillo y el volumen no deseado.<\/p>\n<p>&nbsp;<\/p>\n","protected":false},"excerpt":{"rendered":"<p>Los productos de la l\u00ednea de cuidado en casa prolongan los resultados del tratamiento Brazilian Coconut realizado en el sal\u00f3n y mantienen tu cabello fuerte, brillante y con menos encrespamiento y volumen durante m\u00e1s tiempo.<\/p>\n","protected":false},"featured_media":3046,"comment_status":"open","ping_status":"closed","template":"","meta":[],"product_brand":[],"product_cat":[239],"product_tag":[],"class_list":{"0":"post-8855","1":"product","2":"type-product","3":"status-publish","4":"has-post-thumbnail","6":"product_cat-cuidado-en-casa-brazilian-coconut","7":"pa_size-ml-250-ml","8":"pa_size-ml-500-ml","10":"first","11":"instock","12":"taxable","13":"shipping-taxable","14":"purchasable","15":"product-type-simple"},"yoast_head":"<!-- This site is optimized with the Yoast SEO plugin v27.6 - https:\/\/yoast.com\/product\/yoast-seo-wordpress\/ -->\n<title>Brazilian Coconut | Acondicionador Home Care | 250 ml - Xcentric Beauty<\/title>\n<meta name=\"robots\" content=\"index, follow, max-snippet:-1, max-image-preview:large, max-video-preview:-1\" \/>\n<link rel=\"canonical\" href=\"https:\/\/www.xcentricbeauty.com\/es\/producto\/brazilian-coconut-acondicionador-home-care-250-ml\/\" \/>\n<meta property=\"og:locale\" content=\"es_ES\" \/>\n<meta property=\"og:type\" content=\"article\" \/>\n<meta property=\"og:title\" content=\"Brazilian Coconut | Acondicionador Home Care | 250 ml - Xcentric Beauty\" \/>\n<meta property=\"og:description\" content=\"Los productos de la l\u00ednea de cuidado en casa prolongan los resultados del tratamiento Brazilian Coconut realizado en el sal\u00f3n y mantienen tu cabello fuerte, brillante y con menos encrespamiento y volumen durante m\u00e1s tiempo.\" \/>\n<meta property=\"og:url\" content=\"https:\/\/www.xcentricbeauty.com\/es\/producto\/brazilian-coconut-acondicionador-home-care-250-ml\/\" \/>\n<meta property=\"og:site_name\" content=\"Xcentric Beauty\" \/>\n<meta property=\"og:image\" content=\"https:\/\/www.xcentricbeauty.com\/wp-content\/uploads\/2025\/05\/CocoNut_HC_Condicionador_250m.webp\" \/>\n\t<meta property=\"og:image:width\" content=\"634\" \/>\n\t<meta property=\"og:image:height\" content=\"2184\" \/>\n\t<meta property=\"og:image:type\" content=\"image\/webp\" \/>\n<meta name=\"twitter:card\" content=\"summary_large_image\" \/>\n<meta name=\"twitter:label1\" content=\"Tiempo de lectura\" \/>\n\t<meta name=\"twitter:data1\" content=\"1 minuto\" \/>\n<script type=\"application\/ld+json\" class=\"yoast-schema-graph\">{\"@context\":\"https:\\\/\\\/schema.org\",\"@graph\":[{\"@type\":\"WebPage\",\"@id\":\"https:\\\/\\\/www.xcentricbeauty.com\\\/es\\\/producto\\\/brazilian-coconut-acondicionador-home-care-250-ml\\\/\",\"url\":\"https:\\\/\\\/www.xcentricbeauty.com\\\/es\\\/producto\\\/brazilian-coconut-acondicionador-home-care-250-ml\\\/\",\"name\":\"Brazilian Coconut | Acondicionador Home Care | 250 ml - Xcentric Beauty\",\"isPartOf\":{\"@id\":\"https:\\\/\\\/www.xcentricbeauty.com\\\/es\\\/#website\"},\"primaryImageOfPage\":{\"@id\":\"https:\\\/\\\/www.xcentricbeauty.com\\\/es\\\/producto\\\/brazilian-coconut-acondicionador-home-care-250-ml\\\/#primaryimage\"},\"image\":{\"@id\":\"https:\\\/\\\/www.xcentricbeauty.com\\\/es\\\/producto\\\/brazilian-coconut-acondicionador-home-care-250-ml\\\/#primaryimage\"},\"thumbnailUrl\":\"https:\\\/\\\/www.xcentricbeauty.com\\\/wp-content\\\/uploads\\\/2025\\\/05\\\/CocoNut_HC_Condicionador_250m.webp\",\"datePublished\":\"2025-05-14T06:30:25+00:00\",\"breadcrumb\":{\"@id\":\"https:\\\/\\\/www.xcentricbeauty.com\\\/es\\\/producto\\\/brazilian-coconut-acondicionador-home-care-250-ml\\\/#breadcrumb\"},\"inLanguage\":\"es\",\"potentialAction\":[{\"@type\":\"ReadAction\",\"target\":[\"https:\\\/\\\/www.xcentricbeauty.com\\\/es\\\/producto\\\/brazilian-coconut-acondicionador-home-care-250-ml\\\/\"]}]},{\"@type\":\"ImageObject\",\"inLanguage\":\"es\",\"@id\":\"https:\\\/\\\/www.xcentricbeauty.com\\\/es\\\/producto\\\/brazilian-coconut-acondicionador-home-care-250-ml\\\/#primaryimage\",\"url\":\"https:\\\/\\\/www.xcentricbeauty.com\\\/wp-content\\\/uploads\\\/2025\\\/05\\\/CocoNut_HC_Condicionador_250m.webp\",\"contentUrl\":\"https:\\\/\\\/www.xcentricbeauty.com\\\/wp-content\\\/uploads\\\/2025\\\/05\\\/CocoNut_HC_Condicionador_250m.webp\",\"width\":634,\"height\":2184},{\"@type\":\"BreadcrumbList\",\"@id\":\"https:\\\/\\\/www.xcentricbeauty.com\\\/es\\\/producto\\\/brazilian-coconut-acondicionador-home-care-250-ml\\\/#breadcrumb\",\"itemListElement\":[{\"@type\":\"ListItem\",\"position\":1,\"name\":\"Home\",\"item\":\"https:\\\/\\\/www.xcentricbeauty.com\\\/es\\\/inicio\\\/\"},{\"@type\":\"ListItem\",\"position\":2,\"name\":\"Tienda\",\"item\":\"https:\\\/\\\/www.xcentricbeauty.com\\\/es\\\/tienda\\\/\"},{\"@type\":\"ListItem\",\"position\":3,\"name\":\"Brazilian Coconut | Acondicionador Home Care | 250 ml\"}]},{\"@type\":\"WebSite\",\"@id\":\"https:\\\/\\\/www.xcentricbeauty.com\\\/es\\\/#website\",\"url\":\"https:\\\/\\\/www.xcentricbeauty.com\\\/es\\\/\",\"name\":\"Xcentric Beauty\",\"description\":\"Hair Products Shop\",\"potentialAction\":[{\"@type\":\"SearchAction\",\"target\":{\"@type\":\"EntryPoint\",\"urlTemplate\":\"https:\\\/\\\/www.xcentricbeauty.com\\\/es\\\/?s={search_term_string}\"},\"query-input\":{\"@type\":\"PropertyValueSpecification\",\"valueRequired\":true,\"valueName\":\"search_term_string\"}}],\"inLanguage\":\"es\"}]}<\/script>\n<!-- \/ Yoast SEO plugin. -->","yoast_head_json":{"title":"Brazilian Coconut | Acondicionador Home Care | 250 ml - Xcentric Beauty","robots":{"index":"index","follow":"follow","max-snippet":"max-snippet:-1","max-image-preview":"max-image-preview:large","max-video-preview":"max-video-preview:-1"},"canonical":"https:\/\/www.xcentricbeauty.com\/es\/producto\/brazilian-coconut-acondicionador-home-care-250-ml\/","og_locale":"es_ES","og_type":"article","og_title":"Brazilian Coconut | Acondicionador Home Care | 250 ml - Xcentric Beauty","og_description":"Los productos de la l\u00ednea de cuidado en casa prolongan los resultados del tratamiento Brazilian Coconut realizado en el sal\u00f3n y mantienen tu cabello fuerte, brillante y con menos encrespamiento y volumen durante m\u00e1s tiempo.","og_url":"https:\/\/www.xcentricbeauty.com\/es\/producto\/brazilian-coconut-acondicionador-home-care-250-ml\/","og_site_name":"Xcentric Beauty","og_image":[{"width":634,"height":2184,"url":"https:\/\/www.xcentricbeauty.com\/wp-content\/uploads\/2025\/05\/CocoNut_HC_Condicionador_250m.webp","type":"image\/webp"}],"twitter_card":"summary_large_image","twitter_misc":{"Tiempo de lectura":"1 minuto"},"schema":{"@context":"https:\/\/schema.org","@graph":[{"@type":"WebPage","@id":"https:\/\/www.xcentricbeauty.com\/es\/producto\/brazilian-coconut-acondicionador-home-care-250-ml\/","url":"https:\/\/www.xcentricbeauty.com\/es\/producto\/brazilian-coconut-acondicionador-home-care-250-ml\/","name":"Brazilian Coconut | Acondicionador Home Care | 250 ml - Xcentric Beauty","isPartOf":{"@id":"https:\/\/www.xcentricbeauty.com\/es\/#website"},"primaryImageOfPage":{"@id":"https:\/\/www.xcentricbeauty.com\/es\/producto\/brazilian-coconut-acondicionador-home-care-250-ml\/#primaryimage"},"image":{"@id":"https:\/\/www.xcentricbeauty.com\/es\/producto\/brazilian-coconut-acondicionador-home-care-250-ml\/#primaryimage"},"thumbnailUrl":"https:\/\/www.xcentricbeauty.com\/wp-content\/uploads\/2025\/05\/CocoNut_HC_Condicionador_250m.webp","datePublished":"2025-05-14T06:30:25+00:00","breadcrumb":{"@id":"https:\/\/www.xcentricbeauty.com\/es\/producto\/brazilian-coconut-acondicionador-home-care-250-ml\/#breadcrumb"},"inLanguage":"es","potentialAction":[{"@type":"ReadAction","target":["https:\/\/www.xcentricbeauty.com\/es\/producto\/brazilian-coconut-acondicionador-home-care-250-ml\/"]}]},{"@type":"ImageObject","inLanguage":"es","@id":"https:\/\/www.xcentricbeauty.com\/es\/producto\/brazilian-coconut-acondicionador-home-care-250-ml\/#primaryimage","url":"https:\/\/www.xcentricbeauty.com\/wp-content\/uploads\/2025\/05\/CocoNut_HC_Condicionador_250m.webp","contentUrl":"https:\/\/www.xcentricbeauty.com\/wp-content\/uploads\/2025\/05\/CocoNut_HC_Condicionador_250m.webp","width":634,"height":2184},{"@type":"BreadcrumbList","@id":"https:\/\/www.xcentricbeauty.com\/es\/producto\/brazilian-coconut-acondicionador-home-care-250-ml\/#breadcrumb","itemListElement":[{"@type":"ListItem","position":1,"name":"Home","item":"https:\/\/www.xcentricbeauty.com\/es\/inicio\/"},{"@type":"ListItem","position":2,"name":"Tienda","item":"https:\/\/www.xcentricbeauty.com\/es\/tienda\/"},{"@type":"ListItem","position":3,"name":"Brazilian Coconut | Acondicionador Home Care | 250 ml"}]},{"@type":"WebSite","@id":"https:\/\/www.xcentricbeauty.com\/es\/#website","url":"https:\/\/www.xcentricbeauty.com\/es\/","name":"Xcentric Beauty","description":"Hair Products Shop","potentialAction":[{"@type":"SearchAction","target":{"@type":"EntryPoint","urlTemplate":"https:\/\/www.xcentricbeauty.com\/es\/?s={search_term_string}"},"query-input":{"@type":"PropertyValueSpecification","valueRequired":true,"valueName":"search_term_string"}}],"inLanguage":"es"}]}},"_links":{"self":[{"href":"https:\/\/www.xcentricbeauty.com\/es\/wp-json\/wp\/v2\/product\/8855","targetHints":{"allow":["GET"]}}],"collection":[{"href":"https:\/\/www.xcentricbeauty.com\/es\/wp-json\/wp\/v2\/product"}],"about":[{"href":"https:\/\/www.xcentricbeauty.com\/es\/wp-json\/wp\/v2\/types\/product"}],"replies":[{"embeddable":true,"href":"https:\/\/www.xcentricbeauty.com\/es\/wp-json\/wp\/v2\/comments?post=8855"}],"wp:featuredmedia":[{"embeddable":true,"href":"https:\/\/www.xcentricbeauty.com\/es\/wp-json\/wp\/v2\/media\/3046"}],"wp:attachment":[{"href":"https:\/\/www.xcentricbeauty.com\/es\/wp-json\/wp\/v2\/media?parent=8855"}],"wp:term":[{"taxonomy":"product_brand","embeddable":true,"href":"https:\/\/www.xcentricbeauty.com\/es\/wp-json\/wp\/v2\/product_brand?post=8855"},{"taxonomy":"product_cat","embeddable":true,"href":"https:\/\/www.xcentricbeauty.com\/es\/wp-json\/wp\/v2\/product_cat?post=8855"},{"taxonomy":"product_tag","embeddable":true,"href":"https:\/\/www.xcentricbeauty.com\/es\/wp-json\/wp\/v2\/product_tag?post=8855"}],"curies":[{"name":"wp","href":"https:\/\/api.w.org\/{rel}","templated":true}]}}