{"id":8837,"date":"2025-05-24T17:22:49","date_gmt":"2025-05-25T01:22:49","guid":{"rendered":"https:\/\/www.xcentricbeauty.com\/product\/florestas-brasileiras-aceite-esencial-de-romero\/"},"modified":"2025-05-24T17:22:49","modified_gmt":"2025-05-25T01:22:49","slug":"florestas-brasileiras-aceite-esencial-de-romero","status":"publish","type":"product","link":"https:\/\/www.xcentricbeauty.com\/es\/producto\/florestas-brasileiras-aceite-esencial-de-romero\/","title":{"rendered":"Florestas Brasileiras | Aceite Esencial de Romero"},"content":{"rendered":"<p>El aceite esencial de romero tiene propiedades analg\u00e9sicas, antirreum\u00e1ticas, antis\u00e9pticas, antif\u00fangicas, bactericidas, antiinflamatorias, astringentes, calmantes, t\u00f3nicas y cicatrizantes. Tambi\u00e9n tiene acci\u00f3n antioxidante, combatiendo los radicales libres. Es rico en calcio, hierro, magnesio, zinc, potasio, taninos, tiamina y vitaminas A, C, E y B6.  <\/p>\n<p>Act\u00faa en el control del hongo Malassezia, ayuda a mejorar las condiciones de seborrea y caspa, equilibra y regula la grasa y la microbiota del cuero cabelludo, adem\u00e1s de aliviar el picor y la irritaci\u00f3n y combatir la ca\u00edda del cabello, porque regenera el fol\u00edculo piloso. Adem\u00e1s, se utiliza para ayudar en la calvicie precoz, porque mejora la circulaci\u00f3n y estimula el crecimiento del cabello. Ayuda a mantener el color del cabello oscuro, dej\u00e1ndolo suave y sedoso. En el cabello seco, lo revitaliza y le da brillo, limpiando en profundidad y fortaleciendo el cabello. Elimina la grasa sin resecar el cuero cabelludo. Recomendado para todo tipo de cabello, incluido el graso.     <\/p>\n<p><strong>Indicaciones T\u00e9cnicas: <\/strong>Recomendado para todo tipo de cabello, incluido el graso.<\/p>\n<p>&nbsp;<\/p>\n","protected":false},"excerpt":{"rendered":"<p>El aceite esencial de romero tiene propiedades analg\u00e9sicas, antirreum\u00e1ticas, antis\u00e9pticas, antif\u00fangicas, bactericidas, antiinflamatorias, astringentes, calmantes, t\u00f3nicas y cicatrizantes. Tambi\u00e9n tiene acci\u00f3n antioxidante, combatiendo los radicales libres. Es rico en calcio, hierro, magnesio, zinc, potasio, taninos, tiamina y vitaminas A, C, E y B6.  <\/p>\n","protected":false},"featured_media":3917,"comment_status":"open","ping_status":"closed","template":"","meta":[],"product_brand":[],"product_cat":[228,326],"product_tag":[],"class_list":{"0":"post-8837","1":"product","2":"type-product","3":"status-publish","4":"has-post-thumbnail","6":"product_cat-florestas-brasileiras","7":"product_cat-florestas-brasileiras-home-care","8":"pa_size-ml-1-l","9":"pa_size-ml-227","11":"first","12":"instock","13":"taxable","14":"shipping-taxable","15":"purchasable","16":"product-type-simple"},"yoast_head":"<!-- This site is optimized with the Yoast SEO plugin v27.6 - https:\/\/yoast.com\/product\/yoast-seo-wordpress\/ -->\n<title>Florestas Brasileiras | Aceite Esencial de Romero - Xcentric Beauty<\/title>\n<meta name=\"robots\" content=\"index, follow, max-snippet:-1, max-image-preview:large, max-video-preview:-1\" \/>\n<link rel=\"canonical\" href=\"https:\/\/www.xcentricbeauty.com\/es\/producto\/florestas-brasileiras-aceite-esencial-de-romero\/\" \/>\n<meta property=\"og:locale\" content=\"es_ES\" \/>\n<meta property=\"og:type\" content=\"article\" \/>\n<meta property=\"og:title\" content=\"Florestas Brasileiras | Aceite Esencial de Romero - Xcentric Beauty\" \/>\n<meta property=\"og:description\" content=\"El aceite esencial de romero tiene propiedades analg\u00e9sicas, antirreum\u00e1ticas, antis\u00e9pticas, antif\u00fangicas, bactericidas, antiinflamatorias, astringentes, calmantes, t\u00f3nicas y cicatrizantes. Tambi\u00e9n tiene acci\u00f3n antioxidante, combatiendo los radicales libres. Es rico en calcio, hierro, magnesio, zinc, potasio, taninos, tiamina y vitaminas A, C, E y B6.\" \/>\n<meta property=\"og:url\" content=\"https:\/\/www.xcentricbeauty.com\/es\/producto\/florestas-brasileiras-aceite-esencial-de-romero\/\" \/>\n<meta property=\"og:site_name\" content=\"Xcentric Beauty\" \/>\n<meta property=\"og:image\" content=\"https:\/\/www.xcentricbeauty.com\/wp-content\/uploads\/2025\/05\/Oleo_Essencial_Alecrim_frasco.webp\" \/>\n\t<meta property=\"og:image:width\" content=\"783\" \/>\n\t<meta property=\"og:image:height\" content=\"1907\" \/>\n\t<meta property=\"og:image:type\" content=\"image\/webp\" \/>\n<meta name=\"twitter:card\" content=\"summary_large_image\" \/>\n<meta name=\"twitter:label1\" content=\"Tiempo de lectura\" \/>\n\t<meta name=\"twitter:data1\" content=\"1 minuto\" \/>\n<script type=\"application\/ld+json\" class=\"yoast-schema-graph\">{\"@context\":\"https:\\\/\\\/schema.org\",\"@graph\":[{\"@type\":\"WebPage\",\"@id\":\"https:\\\/\\\/www.xcentricbeauty.com\\\/es\\\/producto\\\/florestas-brasileiras-aceite-esencial-de-romero\\\/\",\"url\":\"https:\\\/\\\/www.xcentricbeauty.com\\\/es\\\/producto\\\/florestas-brasileiras-aceite-esencial-de-romero\\\/\",\"name\":\"Florestas Brasileiras | Aceite Esencial de Romero - Xcentric Beauty\",\"isPartOf\":{\"@id\":\"https:\\\/\\\/www.xcentricbeauty.com\\\/es\\\/#website\"},\"primaryImageOfPage\":{\"@id\":\"https:\\\/\\\/www.xcentricbeauty.com\\\/es\\\/producto\\\/florestas-brasileiras-aceite-esencial-de-romero\\\/#primaryimage\"},\"image\":{\"@id\":\"https:\\\/\\\/www.xcentricbeauty.com\\\/es\\\/producto\\\/florestas-brasileiras-aceite-esencial-de-romero\\\/#primaryimage\"},\"thumbnailUrl\":\"https:\\\/\\\/www.xcentricbeauty.com\\\/wp-content\\\/uploads\\\/2025\\\/05\\\/Oleo_Essencial_Alecrim_frasco.webp\",\"datePublished\":\"2025-05-25T01:22:49+00:00\",\"breadcrumb\":{\"@id\":\"https:\\\/\\\/www.xcentricbeauty.com\\\/es\\\/producto\\\/florestas-brasileiras-aceite-esencial-de-romero\\\/#breadcrumb\"},\"inLanguage\":\"es\",\"potentialAction\":[{\"@type\":\"ReadAction\",\"target\":[\"https:\\\/\\\/www.xcentricbeauty.com\\\/es\\\/producto\\\/florestas-brasileiras-aceite-esencial-de-romero\\\/\"]}]},{\"@type\":\"ImageObject\",\"inLanguage\":\"es\",\"@id\":\"https:\\\/\\\/www.xcentricbeauty.com\\\/es\\\/producto\\\/florestas-brasileiras-aceite-esencial-de-romero\\\/#primaryimage\",\"url\":\"https:\\\/\\\/www.xcentricbeauty.com\\\/wp-content\\\/uploads\\\/2025\\\/05\\\/Oleo_Essencial_Alecrim_frasco.webp\",\"contentUrl\":\"https:\\\/\\\/www.xcentricbeauty.com\\\/wp-content\\\/uploads\\\/2025\\\/05\\\/Oleo_Essencial_Alecrim_frasco.webp\",\"width\":783,\"height\":1907},{\"@type\":\"BreadcrumbList\",\"@id\":\"https:\\\/\\\/www.xcentricbeauty.com\\\/es\\\/producto\\\/florestas-brasileiras-aceite-esencial-de-romero\\\/#breadcrumb\",\"itemListElement\":[{\"@type\":\"ListItem\",\"position\":1,\"name\":\"Home\",\"item\":\"https:\\\/\\\/www.xcentricbeauty.com\\\/es\\\/inicio\\\/\"},{\"@type\":\"ListItem\",\"position\":2,\"name\":\"Tienda\",\"item\":\"https:\\\/\\\/www.xcentricbeauty.com\\\/es\\\/tienda\\\/\"},{\"@type\":\"ListItem\",\"position\":3,\"name\":\"Florestas Brasileiras | Aceite Esencial de Romero\"}]},{\"@type\":\"WebSite\",\"@id\":\"https:\\\/\\\/www.xcentricbeauty.com\\\/es\\\/#website\",\"url\":\"https:\\\/\\\/www.xcentricbeauty.com\\\/es\\\/\",\"name\":\"Xcentric Beauty\",\"description\":\"Hair Products Shop\",\"potentialAction\":[{\"@type\":\"SearchAction\",\"target\":{\"@type\":\"EntryPoint\",\"urlTemplate\":\"https:\\\/\\\/www.xcentricbeauty.com\\\/es\\\/?s={search_term_string}\"},\"query-input\":{\"@type\":\"PropertyValueSpecification\",\"valueRequired\":true,\"valueName\":\"search_term_string\"}}],\"inLanguage\":\"es\"}]}<\/script>\n<!-- \/ Yoast SEO plugin. -->","yoast_head_json":{"title":"Florestas Brasileiras | Aceite Esencial de Romero - Xcentric Beauty","robots":{"index":"index","follow":"follow","max-snippet":"max-snippet:-1","max-image-preview":"max-image-preview:large","max-video-preview":"max-video-preview:-1"},"canonical":"https:\/\/www.xcentricbeauty.com\/es\/producto\/florestas-brasileiras-aceite-esencial-de-romero\/","og_locale":"es_ES","og_type":"article","og_title":"Florestas Brasileiras | Aceite Esencial de Romero - Xcentric Beauty","og_description":"El aceite esencial de romero tiene propiedades analg\u00e9sicas, antirreum\u00e1ticas, antis\u00e9pticas, antif\u00fangicas, bactericidas, antiinflamatorias, astringentes, calmantes, t\u00f3nicas y cicatrizantes. Tambi\u00e9n tiene acci\u00f3n antioxidante, combatiendo los radicales libres. Es rico en calcio, hierro, magnesio, zinc, potasio, taninos, tiamina y vitaminas A, C, E y B6.","og_url":"https:\/\/www.xcentricbeauty.com\/es\/producto\/florestas-brasileiras-aceite-esencial-de-romero\/","og_site_name":"Xcentric Beauty","og_image":[{"width":783,"height":1907,"url":"https:\/\/www.xcentricbeauty.com\/wp-content\/uploads\/2025\/05\/Oleo_Essencial_Alecrim_frasco.webp","type":"image\/webp"}],"twitter_card":"summary_large_image","twitter_misc":{"Tiempo de lectura":"1 minuto"},"schema":{"@context":"https:\/\/schema.org","@graph":[{"@type":"WebPage","@id":"https:\/\/www.xcentricbeauty.com\/es\/producto\/florestas-brasileiras-aceite-esencial-de-romero\/","url":"https:\/\/www.xcentricbeauty.com\/es\/producto\/florestas-brasileiras-aceite-esencial-de-romero\/","name":"Florestas Brasileiras | Aceite Esencial de Romero - Xcentric Beauty","isPartOf":{"@id":"https:\/\/www.xcentricbeauty.com\/es\/#website"},"primaryImageOfPage":{"@id":"https:\/\/www.xcentricbeauty.com\/es\/producto\/florestas-brasileiras-aceite-esencial-de-romero\/#primaryimage"},"image":{"@id":"https:\/\/www.xcentricbeauty.com\/es\/producto\/florestas-brasileiras-aceite-esencial-de-romero\/#primaryimage"},"thumbnailUrl":"https:\/\/www.xcentricbeauty.com\/wp-content\/uploads\/2025\/05\/Oleo_Essencial_Alecrim_frasco.webp","datePublished":"2025-05-25T01:22:49+00:00","breadcrumb":{"@id":"https:\/\/www.xcentricbeauty.com\/es\/producto\/florestas-brasileiras-aceite-esencial-de-romero\/#breadcrumb"},"inLanguage":"es","potentialAction":[{"@type":"ReadAction","target":["https:\/\/www.xcentricbeauty.com\/es\/producto\/florestas-brasileiras-aceite-esencial-de-romero\/"]}]},{"@type":"ImageObject","inLanguage":"es","@id":"https:\/\/www.xcentricbeauty.com\/es\/producto\/florestas-brasileiras-aceite-esencial-de-romero\/#primaryimage","url":"https:\/\/www.xcentricbeauty.com\/wp-content\/uploads\/2025\/05\/Oleo_Essencial_Alecrim_frasco.webp","contentUrl":"https:\/\/www.xcentricbeauty.com\/wp-content\/uploads\/2025\/05\/Oleo_Essencial_Alecrim_frasco.webp","width":783,"height":1907},{"@type":"BreadcrumbList","@id":"https:\/\/www.xcentricbeauty.com\/es\/producto\/florestas-brasileiras-aceite-esencial-de-romero\/#breadcrumb","itemListElement":[{"@type":"ListItem","position":1,"name":"Home","item":"https:\/\/www.xcentricbeauty.com\/es\/inicio\/"},{"@type":"ListItem","position":2,"name":"Tienda","item":"https:\/\/www.xcentricbeauty.com\/es\/tienda\/"},{"@type":"ListItem","position":3,"name":"Florestas Brasileiras | Aceite Esencial de Romero"}]},{"@type":"WebSite","@id":"https:\/\/www.xcentricbeauty.com\/es\/#website","url":"https:\/\/www.xcentricbeauty.com\/es\/","name":"Xcentric Beauty","description":"Hair Products Shop","potentialAction":[{"@type":"SearchAction","target":{"@type":"EntryPoint","urlTemplate":"https:\/\/www.xcentricbeauty.com\/es\/?s={search_term_string}"},"query-input":{"@type":"PropertyValueSpecification","valueRequired":true,"valueName":"search_term_string"}}],"inLanguage":"es"}]}},"_links":{"self":[{"href":"https:\/\/www.xcentricbeauty.com\/es\/wp-json\/wp\/v2\/product\/8837","targetHints":{"allow":["GET"]}}],"collection":[{"href":"https:\/\/www.xcentricbeauty.com\/es\/wp-json\/wp\/v2\/product"}],"about":[{"href":"https:\/\/www.xcentricbeauty.com\/es\/wp-json\/wp\/v2\/types\/product"}],"replies":[{"embeddable":true,"href":"https:\/\/www.xcentricbeauty.com\/es\/wp-json\/wp\/v2\/comments?post=8837"}],"wp:featuredmedia":[{"embeddable":true,"href":"https:\/\/www.xcentricbeauty.com\/es\/wp-json\/wp\/v2\/media\/3917"}],"wp:attachment":[{"href":"https:\/\/www.xcentricbeauty.com\/es\/wp-json\/wp\/v2\/media?parent=8837"}],"wp:term":[{"taxonomy":"product_brand","embeddable":true,"href":"https:\/\/www.xcentricbeauty.com\/es\/wp-json\/wp\/v2\/product_brand?post=8837"},{"taxonomy":"product_cat","embeddable":true,"href":"https:\/\/www.xcentricbeauty.com\/es\/wp-json\/wp\/v2\/product_cat?post=8837"},{"taxonomy":"product_tag","embeddable":true,"href":"https:\/\/www.xcentricbeauty.com\/es\/wp-json\/wp\/v2\/product_tag?post=8837"}],"curies":[{"name":"wp","href":"https:\/\/api.w.org\/{rel}","templated":true}]}}