{"id":8606,"date":"2025-05-29T02:18:37","date_gmt":"2025-05-29T10:18:37","guid":{"rendered":"https:\/\/www.xcentricbeauty.com\/product\/txture-protector-termico-pre-babyliss-250-ml\/"},"modified":"2025-05-29T02:18:37","modified_gmt":"2025-05-29T10:18:37","slug":"txture-protector-termico-pre-babyliss-250-ml","status":"publish","type":"product","link":"https:\/\/www.xcentricbeauty.com\/es\/producto\/txture-protector-termico-pre-babyliss-250-ml\/","title":{"rendered":"TXture | Protector T\u00e9rmico Pre-Babyliss | 250 ml"},"content":{"rendered":"<p>Contiene una mezcla de amino\u00e1cidos en su composici\u00f3n, filtro solar y silicona vol\u00e1til, lo que le permite crear una pel\u00edcula alrededor de la fibra capilar, promoviendo una protecci\u00f3n total contra el calor de la Babyliss (tenacillas), por ejemplo. Su formulaci\u00f3n no es grasa, indicada para todo tipo de cabello, ideal para aplicar antes del procedimiento de Babyliss en mechas balayage, para preparar peinados y estilismos en cabellos que desean ondas. Su aplicaci\u00f3n es sencilla y su uso est\u00e1 recomendado para la rutina de salones de belleza y barber\u00edas, especialmente para preparar el cabello para fotos y v\u00eddeos publicitarios en redes sociales.  <\/p>\n<p><strong>Indicaciones T\u00e9cnicas:<\/strong> Est\u00e1 indicado para todo tipo de cabello, ideal para aplicar antes del procedimiento de Babyliss en mechas balayage, para preparar peinados y estilismos en cabellos que desean ondas.<\/p>\n<p>&nbsp;<\/p>\n<p>&nbsp;<\/p>\n","protected":false},"excerpt":{"rendered":"<p>Contiene una mezcla de amino\u00e1cidos en su composici\u00f3n, filtro solar y silicona vol\u00e1til, lo que le permite crear una pel\u00edcula alrededor de la fibra capilar, promoviendo una protecci\u00f3n total contra el calor de la Babyliss (tenacillas), por ejemplo. Su formulaci\u00f3n no es grasa, indicada para todo tipo de cabello, ideal para aplicar antes del procedimiento de Babyliss en mechas balayage, para preparar peinados y estilismos en cabellos que desean ondas. Su aplicaci\u00f3n es sencilla y su uso est\u00e1 recomendado para la rutina de salones de belleza y barber\u00edas, especialmente para preparar el cabello para fotos y v\u00eddeos publicitarios en redes sociales.  <\/p>\n","protected":false},"featured_media":4074,"comment_status":"open","ping_status":"closed","template":"","meta":[],"product_brand":[],"product_cat":[218,222],"product_tag":[],"class_list":{"0":"post-8606","1":"product","2":"type-product","3":"status-publish","4":"has-post-thumbnail","6":"product_cat-txture","7":"product_cat-txture-cuidado-en-casa","9":"first","10":"instock","11":"taxable","12":"shipping-taxable","13":"purchasable","14":"product-type-simple"},"yoast_head":"<!-- This site is optimized with the Yoast SEO plugin v27.6 - https:\/\/yoast.com\/product\/yoast-seo-wordpress\/ -->\n<title>TXture | Protector T\u00e9rmico Pre-Babyliss | 250 ml - Xcentric Beauty<\/title>\n<meta name=\"robots\" content=\"index, follow, max-snippet:-1, max-image-preview:large, max-video-preview:-1\" \/>\n<link rel=\"canonical\" href=\"https:\/\/www.xcentricbeauty.com\/es\/producto\/txture-protector-termico-pre-babyliss-250-ml\/\" \/>\n<meta property=\"og:locale\" content=\"es_ES\" \/>\n<meta property=\"og:type\" content=\"article\" \/>\n<meta property=\"og:title\" content=\"TXture | Protector T\u00e9rmico Pre-Babyliss | 250 ml - Xcentric Beauty\" \/>\n<meta property=\"og:description\" content=\"Contiene una mezcla de amino\u00e1cidos en su composici\u00f3n, filtro solar y silicona vol\u00e1til, lo que le permite crear una pel\u00edcula alrededor de la fibra capilar, promoviendo una protecci\u00f3n total contra el calor de la Babyliss (tenacillas), por ejemplo. Su formulaci\u00f3n no es grasa, indicada para todo tipo de cabello, ideal para aplicar antes del procedimiento de Babyliss en mechas balayage, para preparar peinados y estilismos en cabellos que desean ondas. Su aplicaci\u00f3n es sencilla y su uso est\u00e1 recomendado para la rutina de salones de belleza y barber\u00edas, especialmente para preparar el cabello para fotos y v\u00eddeos publicitarios en redes sociales.\" \/>\n<meta property=\"og:url\" content=\"https:\/\/www.xcentricbeauty.com\/es\/producto\/txture-protector-termico-pre-babyliss-250-ml\/\" \/>\n<meta property=\"og:site_name\" content=\"Xcentric Beauty\" \/>\n<meta property=\"og:image\" content=\"https:\/\/www.xcentricbeauty.com\/wp-content\/uploads\/2025\/05\/TXture_BB_Cream_250mL-1.webp\" \/>\n\t<meta property=\"og:image:width\" content=\"738\" \/>\n\t<meta property=\"og:image:height\" content=\"2220\" \/>\n\t<meta property=\"og:image:type\" content=\"image\/webp\" \/>\n<meta name=\"twitter:card\" content=\"summary_large_image\" \/>\n<meta name=\"twitter:label1\" content=\"Tiempo de lectura\" \/>\n\t<meta name=\"twitter:data1\" content=\"1 minuto\" \/>\n<script type=\"application\/ld+json\" class=\"yoast-schema-graph\">{\"@context\":\"https:\\\/\\\/schema.org\",\"@graph\":[{\"@type\":\"WebPage\",\"@id\":\"https:\\\/\\\/www.xcentricbeauty.com\\\/es\\\/producto\\\/txture-protector-termico-pre-babyliss-250-ml\\\/\",\"url\":\"https:\\\/\\\/www.xcentricbeauty.com\\\/es\\\/producto\\\/txture-protector-termico-pre-babyliss-250-ml\\\/\",\"name\":\"TXture | Protector T\u00e9rmico Pre-Babyliss | 250 ml - Xcentric Beauty\",\"isPartOf\":{\"@id\":\"https:\\\/\\\/www.xcentricbeauty.com\\\/es\\\/#website\"},\"primaryImageOfPage\":{\"@id\":\"https:\\\/\\\/www.xcentricbeauty.com\\\/es\\\/producto\\\/txture-protector-termico-pre-babyliss-250-ml\\\/#primaryimage\"},\"image\":{\"@id\":\"https:\\\/\\\/www.xcentricbeauty.com\\\/es\\\/producto\\\/txture-protector-termico-pre-babyliss-250-ml\\\/#primaryimage\"},\"thumbnailUrl\":\"https:\\\/\\\/www.xcentricbeauty.com\\\/wp-content\\\/uploads\\\/2025\\\/05\\\/TXture_BB_Cream_250mL-1.webp\",\"datePublished\":\"2025-05-29T10:18:37+00:00\",\"breadcrumb\":{\"@id\":\"https:\\\/\\\/www.xcentricbeauty.com\\\/es\\\/producto\\\/txture-protector-termico-pre-babyliss-250-ml\\\/#breadcrumb\"},\"inLanguage\":\"es\",\"potentialAction\":[{\"@type\":\"ReadAction\",\"target\":[\"https:\\\/\\\/www.xcentricbeauty.com\\\/es\\\/producto\\\/txture-protector-termico-pre-babyliss-250-ml\\\/\"]}]},{\"@type\":\"ImageObject\",\"inLanguage\":\"es\",\"@id\":\"https:\\\/\\\/www.xcentricbeauty.com\\\/es\\\/producto\\\/txture-protector-termico-pre-babyliss-250-ml\\\/#primaryimage\",\"url\":\"https:\\\/\\\/www.xcentricbeauty.com\\\/wp-content\\\/uploads\\\/2025\\\/05\\\/TXture_BB_Cream_250mL-1.webp\",\"contentUrl\":\"https:\\\/\\\/www.xcentricbeauty.com\\\/wp-content\\\/uploads\\\/2025\\\/05\\\/TXture_BB_Cream_250mL-1.webp\",\"width\":738,\"height\":2220},{\"@type\":\"BreadcrumbList\",\"@id\":\"https:\\\/\\\/www.xcentricbeauty.com\\\/es\\\/producto\\\/txture-protector-termico-pre-babyliss-250-ml\\\/#breadcrumb\",\"itemListElement\":[{\"@type\":\"ListItem\",\"position\":1,\"name\":\"Home\",\"item\":\"https:\\\/\\\/www.xcentricbeauty.com\\\/es\\\/inicio\\\/\"},{\"@type\":\"ListItem\",\"position\":2,\"name\":\"Tienda\",\"item\":\"https:\\\/\\\/www.xcentricbeauty.com\\\/es\\\/tienda\\\/\"},{\"@type\":\"ListItem\",\"position\":3,\"name\":\"TXture | Protector T\u00e9rmico Pre-Babyliss | 250 ml\"}]},{\"@type\":\"WebSite\",\"@id\":\"https:\\\/\\\/www.xcentricbeauty.com\\\/es\\\/#website\",\"url\":\"https:\\\/\\\/www.xcentricbeauty.com\\\/es\\\/\",\"name\":\"Xcentric Beauty\",\"description\":\"Hair Products Shop\",\"potentialAction\":[{\"@type\":\"SearchAction\",\"target\":{\"@type\":\"EntryPoint\",\"urlTemplate\":\"https:\\\/\\\/www.xcentricbeauty.com\\\/es\\\/?s={search_term_string}\"},\"query-input\":{\"@type\":\"PropertyValueSpecification\",\"valueRequired\":true,\"valueName\":\"search_term_string\"}}],\"inLanguage\":\"es\"}]}<\/script>\n<!-- \/ Yoast SEO plugin. -->","yoast_head_json":{"title":"TXture | Protector T\u00e9rmico Pre-Babyliss | 250 ml - Xcentric Beauty","robots":{"index":"index","follow":"follow","max-snippet":"max-snippet:-1","max-image-preview":"max-image-preview:large","max-video-preview":"max-video-preview:-1"},"canonical":"https:\/\/www.xcentricbeauty.com\/es\/producto\/txture-protector-termico-pre-babyliss-250-ml\/","og_locale":"es_ES","og_type":"article","og_title":"TXture | Protector T\u00e9rmico Pre-Babyliss | 250 ml - Xcentric Beauty","og_description":"Contiene una mezcla de amino\u00e1cidos en su composici\u00f3n, filtro solar y silicona vol\u00e1til, lo que le permite crear una pel\u00edcula alrededor de la fibra capilar, promoviendo una protecci\u00f3n total contra el calor de la Babyliss (tenacillas), por ejemplo. Su formulaci\u00f3n no es grasa, indicada para todo tipo de cabello, ideal para aplicar antes del procedimiento de Babyliss en mechas balayage, para preparar peinados y estilismos en cabellos que desean ondas. Su aplicaci\u00f3n es sencilla y su uso est\u00e1 recomendado para la rutina de salones de belleza y barber\u00edas, especialmente para preparar el cabello para fotos y v\u00eddeos publicitarios en redes sociales.","og_url":"https:\/\/www.xcentricbeauty.com\/es\/producto\/txture-protector-termico-pre-babyliss-250-ml\/","og_site_name":"Xcentric Beauty","og_image":[{"width":738,"height":2220,"url":"https:\/\/www.xcentricbeauty.com\/wp-content\/uploads\/2025\/05\/TXture_BB_Cream_250mL-1.webp","type":"image\/webp"}],"twitter_card":"summary_large_image","twitter_misc":{"Tiempo de lectura":"1 minuto"},"schema":{"@context":"https:\/\/schema.org","@graph":[{"@type":"WebPage","@id":"https:\/\/www.xcentricbeauty.com\/es\/producto\/txture-protector-termico-pre-babyliss-250-ml\/","url":"https:\/\/www.xcentricbeauty.com\/es\/producto\/txture-protector-termico-pre-babyliss-250-ml\/","name":"TXture | Protector T\u00e9rmico Pre-Babyliss | 250 ml - Xcentric Beauty","isPartOf":{"@id":"https:\/\/www.xcentricbeauty.com\/es\/#website"},"primaryImageOfPage":{"@id":"https:\/\/www.xcentricbeauty.com\/es\/producto\/txture-protector-termico-pre-babyliss-250-ml\/#primaryimage"},"image":{"@id":"https:\/\/www.xcentricbeauty.com\/es\/producto\/txture-protector-termico-pre-babyliss-250-ml\/#primaryimage"},"thumbnailUrl":"https:\/\/www.xcentricbeauty.com\/wp-content\/uploads\/2025\/05\/TXture_BB_Cream_250mL-1.webp","datePublished":"2025-05-29T10:18:37+00:00","breadcrumb":{"@id":"https:\/\/www.xcentricbeauty.com\/es\/producto\/txture-protector-termico-pre-babyliss-250-ml\/#breadcrumb"},"inLanguage":"es","potentialAction":[{"@type":"ReadAction","target":["https:\/\/www.xcentricbeauty.com\/es\/producto\/txture-protector-termico-pre-babyliss-250-ml\/"]}]},{"@type":"ImageObject","inLanguage":"es","@id":"https:\/\/www.xcentricbeauty.com\/es\/producto\/txture-protector-termico-pre-babyliss-250-ml\/#primaryimage","url":"https:\/\/www.xcentricbeauty.com\/wp-content\/uploads\/2025\/05\/TXture_BB_Cream_250mL-1.webp","contentUrl":"https:\/\/www.xcentricbeauty.com\/wp-content\/uploads\/2025\/05\/TXture_BB_Cream_250mL-1.webp","width":738,"height":2220},{"@type":"BreadcrumbList","@id":"https:\/\/www.xcentricbeauty.com\/es\/producto\/txture-protector-termico-pre-babyliss-250-ml\/#breadcrumb","itemListElement":[{"@type":"ListItem","position":1,"name":"Home","item":"https:\/\/www.xcentricbeauty.com\/es\/inicio\/"},{"@type":"ListItem","position":2,"name":"Tienda","item":"https:\/\/www.xcentricbeauty.com\/es\/tienda\/"},{"@type":"ListItem","position":3,"name":"TXture | Protector T\u00e9rmico Pre-Babyliss | 250 ml"}]},{"@type":"WebSite","@id":"https:\/\/www.xcentricbeauty.com\/es\/#website","url":"https:\/\/www.xcentricbeauty.com\/es\/","name":"Xcentric Beauty","description":"Hair Products Shop","potentialAction":[{"@type":"SearchAction","target":{"@type":"EntryPoint","urlTemplate":"https:\/\/www.xcentricbeauty.com\/es\/?s={search_term_string}"},"query-input":{"@type":"PropertyValueSpecification","valueRequired":true,"valueName":"search_term_string"}}],"inLanguage":"es"}]}},"_links":{"self":[{"href":"https:\/\/www.xcentricbeauty.com\/es\/wp-json\/wp\/v2\/product\/8606","targetHints":{"allow":["GET"]}}],"collection":[{"href":"https:\/\/www.xcentricbeauty.com\/es\/wp-json\/wp\/v2\/product"}],"about":[{"href":"https:\/\/www.xcentricbeauty.com\/es\/wp-json\/wp\/v2\/types\/product"}],"replies":[{"embeddable":true,"href":"https:\/\/www.xcentricbeauty.com\/es\/wp-json\/wp\/v2\/comments?post=8606"}],"wp:featuredmedia":[{"embeddable":true,"href":"https:\/\/www.xcentricbeauty.com\/es\/wp-json\/wp\/v2\/media\/4074"}],"wp:attachment":[{"href":"https:\/\/www.xcentricbeauty.com\/es\/wp-json\/wp\/v2\/media?parent=8606"}],"wp:term":[{"taxonomy":"product_brand","embeddable":true,"href":"https:\/\/www.xcentricbeauty.com\/es\/wp-json\/wp\/v2\/product_brand?post=8606"},{"taxonomy":"product_cat","embeddable":true,"href":"https:\/\/www.xcentricbeauty.com\/es\/wp-json\/wp\/v2\/product_cat?post=8606"},{"taxonomy":"product_tag","embeddable":true,"href":"https:\/\/www.xcentricbeauty.com\/es\/wp-json\/wp\/v2\/product_tag?post=8606"}],"curies":[{"name":"wp","href":"https:\/\/api.w.org\/{rel}","templated":true}]}}