{"id":8603,"date":"2025-05-29T02:32:17","date_gmt":"2025-05-29T10:32:17","guid":{"rendered":"https:\/\/www.xcentricbeauty.com\/product\/txture-fijacion-ligera-para-el-cabello-300-ml\/"},"modified":"2025-05-29T02:32:17","modified_gmt":"2025-05-29T10:32:17","slug":"txture-fijacion-ligera-para-el-cabello-300-ml","status":"publish","type":"product","link":"https:\/\/www.xcentricbeauty.com\/es\/producto\/txture-fijacion-ligera-para-el-cabello-300-ml\/","title":{"rendered":"TXture | Fijaci\u00f3n ligera para el cabello | 300 ml"},"content":{"rendered":"<p>Dise\u00f1ado para dar forma a ondas, rizos, cabello liso y diversas texturas, apoyando la visi\u00f3n creativa de estilistas y barberos. Productos desarrollados por BASF International, que cuenta con una de las mayores estructuras de desarrollo de lacas capilares a nivel mundial. Ha sido probado y aprobado por el equipo global de Ecosmetics.  <\/p>\n<p>Estas formulaciones cumplen totalmente con la resoluci\u00f3n medioambiental. Est\u00e1n indicadas para profesionales de salones de belleza y barber\u00edas que desean una laca de alto rendimiento para sus servicios de peinado, recogidos y otras creaciones para todo tipo de cabello. Tambi\u00e9n pueden indicarse para uso dom\u00e9stico.  <\/p>\n<p><strong>Indicaciones t\u00e9cnicas: <\/strong>Servicios de peinado, recogidos y otras creaciones para todo tipo de cabello.<\/p>\n<p>&nbsp;<\/p>\n<p>&nbsp;<\/p>\n","protected":false},"excerpt":{"rendered":"<p>Dise\u00f1ado para dar forma a ondas, rizos, cabello liso y diversas texturas, apoyando la visi\u00f3n creativa de estilistas y barberos. Productos desarrollados por BASF International, que cuenta con una de las mayores estructuras de desarrollo de lacas capilares a nivel mundial. Ha sido probado y aprobado por el equipo global de Ecosmetics.  <\/p>\n","protected":false},"featured_media":4082,"comment_status":"open","ping_status":"closed","template":"","meta":[],"product_brand":[],"product_cat":[218,222],"product_tag":[],"class_list":{"0":"post-8603","1":"product","2":"type-product","3":"status-publish","4":"has-post-thumbnail","6":"product_cat-txture","7":"product_cat-txture-cuidado-en-casa","9":"first","10":"instock","11":"taxable","12":"shipping-taxable","13":"purchasable","14":"product-type-simple"},"yoast_head":"<!-- This site is optimized with the Yoast SEO plugin v27.6 - https:\/\/yoast.com\/product\/yoast-seo-wordpress\/ -->\n<title>TXture | Fijaci\u00f3n ligera para el cabello | 300 ml - Xcentric Beauty<\/title>\n<meta name=\"robots\" content=\"index, follow, max-snippet:-1, max-image-preview:large, max-video-preview:-1\" \/>\n<link rel=\"canonical\" href=\"https:\/\/www.xcentricbeauty.com\/es\/producto\/txture-fijacion-ligera-para-el-cabello-300-ml\/\" \/>\n<meta property=\"og:locale\" content=\"es_ES\" \/>\n<meta property=\"og:type\" content=\"article\" \/>\n<meta property=\"og:title\" content=\"TXture | Fijaci\u00f3n ligera para el cabello | 300 ml - Xcentric Beauty\" \/>\n<meta property=\"og:description\" content=\"Dise\u00f1ado para dar forma a ondas, rizos, cabello liso y diversas texturas, apoyando la visi\u00f3n creativa de estilistas y barberos. Productos desarrollados por BASF International, que cuenta con una de las mayores estructuras de desarrollo de lacas capilares a nivel mundial. Ha sido probado y aprobado por el equipo global de Ecosmetics.\" \/>\n<meta property=\"og:url\" content=\"https:\/\/www.xcentricbeauty.com\/es\/producto\/txture-fijacion-ligera-para-el-cabello-300-ml\/\" \/>\n<meta property=\"og:site_name\" content=\"Xcentric Beauty\" \/>\n<meta property=\"og:image\" content=\"https:\/\/www.xcentricbeauty.com\/wp-content\/uploads\/2025\/05\/TXture_HairSpray_suave_300mL-scaled.webp\" \/>\n\t<meta property=\"og:image:width\" content=\"495\" \/>\n\t<meta property=\"og:image:height\" content=\"2560\" \/>\n\t<meta property=\"og:image:type\" content=\"image\/webp\" \/>\n<meta name=\"twitter:card\" content=\"summary_large_image\" \/>\n<meta name=\"twitter:label1\" content=\"Tiempo de lectura\" \/>\n\t<meta name=\"twitter:data1\" content=\"1 minuto\" \/>\n<script type=\"application\/ld+json\" class=\"yoast-schema-graph\">{\"@context\":\"https:\\\/\\\/schema.org\",\"@graph\":[{\"@type\":\"WebPage\",\"@id\":\"https:\\\/\\\/www.xcentricbeauty.com\\\/es\\\/producto\\\/txture-fijacion-ligera-para-el-cabello-300-ml\\\/\",\"url\":\"https:\\\/\\\/www.xcentricbeauty.com\\\/es\\\/producto\\\/txture-fijacion-ligera-para-el-cabello-300-ml\\\/\",\"name\":\"TXture | Fijaci\u00f3n ligera para el cabello | 300 ml - Xcentric Beauty\",\"isPartOf\":{\"@id\":\"https:\\\/\\\/www.xcentricbeauty.com\\\/es\\\/#website\"},\"primaryImageOfPage\":{\"@id\":\"https:\\\/\\\/www.xcentricbeauty.com\\\/es\\\/producto\\\/txture-fijacion-ligera-para-el-cabello-300-ml\\\/#primaryimage\"},\"image\":{\"@id\":\"https:\\\/\\\/www.xcentricbeauty.com\\\/es\\\/producto\\\/txture-fijacion-ligera-para-el-cabello-300-ml\\\/#primaryimage\"},\"thumbnailUrl\":\"https:\\\/\\\/www.xcentricbeauty.com\\\/wp-content\\\/uploads\\\/2025\\\/05\\\/TXture_HairSpray_suave_300mL-scaled.webp\",\"datePublished\":\"2025-05-29T10:32:17+00:00\",\"breadcrumb\":{\"@id\":\"https:\\\/\\\/www.xcentricbeauty.com\\\/es\\\/producto\\\/txture-fijacion-ligera-para-el-cabello-300-ml\\\/#breadcrumb\"},\"inLanguage\":\"es\",\"potentialAction\":[{\"@type\":\"ReadAction\",\"target\":[\"https:\\\/\\\/www.xcentricbeauty.com\\\/es\\\/producto\\\/txture-fijacion-ligera-para-el-cabello-300-ml\\\/\"]}]},{\"@type\":\"ImageObject\",\"inLanguage\":\"es\",\"@id\":\"https:\\\/\\\/www.xcentricbeauty.com\\\/es\\\/producto\\\/txture-fijacion-ligera-para-el-cabello-300-ml\\\/#primaryimage\",\"url\":\"https:\\\/\\\/www.xcentricbeauty.com\\\/wp-content\\\/uploads\\\/2025\\\/05\\\/TXture_HairSpray_suave_300mL-scaled.webp\",\"contentUrl\":\"https:\\\/\\\/www.xcentricbeauty.com\\\/wp-content\\\/uploads\\\/2025\\\/05\\\/TXture_HairSpray_suave_300mL-scaled.webp\",\"width\":495,\"height\":2560},{\"@type\":\"BreadcrumbList\",\"@id\":\"https:\\\/\\\/www.xcentricbeauty.com\\\/es\\\/producto\\\/txture-fijacion-ligera-para-el-cabello-300-ml\\\/#breadcrumb\",\"itemListElement\":[{\"@type\":\"ListItem\",\"position\":1,\"name\":\"Home\",\"item\":\"https:\\\/\\\/www.xcentricbeauty.com\\\/es\\\/inicio\\\/\"},{\"@type\":\"ListItem\",\"position\":2,\"name\":\"Tienda\",\"item\":\"https:\\\/\\\/www.xcentricbeauty.com\\\/es\\\/tienda\\\/\"},{\"@type\":\"ListItem\",\"position\":3,\"name\":\"TXture | Fijaci\u00f3n ligera para el cabello | 300 ml\"}]},{\"@type\":\"WebSite\",\"@id\":\"https:\\\/\\\/www.xcentricbeauty.com\\\/es\\\/#website\",\"url\":\"https:\\\/\\\/www.xcentricbeauty.com\\\/es\\\/\",\"name\":\"Xcentric Beauty\",\"description\":\"Hair Products Shop\",\"potentialAction\":[{\"@type\":\"SearchAction\",\"target\":{\"@type\":\"EntryPoint\",\"urlTemplate\":\"https:\\\/\\\/www.xcentricbeauty.com\\\/es\\\/?s={search_term_string}\"},\"query-input\":{\"@type\":\"PropertyValueSpecification\",\"valueRequired\":true,\"valueName\":\"search_term_string\"}}],\"inLanguage\":\"es\"}]}<\/script>\n<!-- \/ Yoast SEO plugin. -->","yoast_head_json":{"title":"TXture | Fijaci\u00f3n ligera para el cabello | 300 ml - Xcentric Beauty","robots":{"index":"index","follow":"follow","max-snippet":"max-snippet:-1","max-image-preview":"max-image-preview:large","max-video-preview":"max-video-preview:-1"},"canonical":"https:\/\/www.xcentricbeauty.com\/es\/producto\/txture-fijacion-ligera-para-el-cabello-300-ml\/","og_locale":"es_ES","og_type":"article","og_title":"TXture | Fijaci\u00f3n ligera para el cabello | 300 ml - Xcentric Beauty","og_description":"Dise\u00f1ado para dar forma a ondas, rizos, cabello liso y diversas texturas, apoyando la visi\u00f3n creativa de estilistas y barberos. Productos desarrollados por BASF International, que cuenta con una de las mayores estructuras de desarrollo de lacas capilares a nivel mundial. Ha sido probado y aprobado por el equipo global de Ecosmetics.","og_url":"https:\/\/www.xcentricbeauty.com\/es\/producto\/txture-fijacion-ligera-para-el-cabello-300-ml\/","og_site_name":"Xcentric Beauty","og_image":[{"width":495,"height":2560,"url":"https:\/\/www.xcentricbeauty.com\/wp-content\/uploads\/2025\/05\/TXture_HairSpray_suave_300mL-scaled.webp","type":"image\/webp"}],"twitter_card":"summary_large_image","twitter_misc":{"Tiempo de lectura":"1 minuto"},"schema":{"@context":"https:\/\/schema.org","@graph":[{"@type":"WebPage","@id":"https:\/\/www.xcentricbeauty.com\/es\/producto\/txture-fijacion-ligera-para-el-cabello-300-ml\/","url":"https:\/\/www.xcentricbeauty.com\/es\/producto\/txture-fijacion-ligera-para-el-cabello-300-ml\/","name":"TXture | Fijaci\u00f3n ligera para el cabello | 300 ml - Xcentric Beauty","isPartOf":{"@id":"https:\/\/www.xcentricbeauty.com\/es\/#website"},"primaryImageOfPage":{"@id":"https:\/\/www.xcentricbeauty.com\/es\/producto\/txture-fijacion-ligera-para-el-cabello-300-ml\/#primaryimage"},"image":{"@id":"https:\/\/www.xcentricbeauty.com\/es\/producto\/txture-fijacion-ligera-para-el-cabello-300-ml\/#primaryimage"},"thumbnailUrl":"https:\/\/www.xcentricbeauty.com\/wp-content\/uploads\/2025\/05\/TXture_HairSpray_suave_300mL-scaled.webp","datePublished":"2025-05-29T10:32:17+00:00","breadcrumb":{"@id":"https:\/\/www.xcentricbeauty.com\/es\/producto\/txture-fijacion-ligera-para-el-cabello-300-ml\/#breadcrumb"},"inLanguage":"es","potentialAction":[{"@type":"ReadAction","target":["https:\/\/www.xcentricbeauty.com\/es\/producto\/txture-fijacion-ligera-para-el-cabello-300-ml\/"]}]},{"@type":"ImageObject","inLanguage":"es","@id":"https:\/\/www.xcentricbeauty.com\/es\/producto\/txture-fijacion-ligera-para-el-cabello-300-ml\/#primaryimage","url":"https:\/\/www.xcentricbeauty.com\/wp-content\/uploads\/2025\/05\/TXture_HairSpray_suave_300mL-scaled.webp","contentUrl":"https:\/\/www.xcentricbeauty.com\/wp-content\/uploads\/2025\/05\/TXture_HairSpray_suave_300mL-scaled.webp","width":495,"height":2560},{"@type":"BreadcrumbList","@id":"https:\/\/www.xcentricbeauty.com\/es\/producto\/txture-fijacion-ligera-para-el-cabello-300-ml\/#breadcrumb","itemListElement":[{"@type":"ListItem","position":1,"name":"Home","item":"https:\/\/www.xcentricbeauty.com\/es\/inicio\/"},{"@type":"ListItem","position":2,"name":"Tienda","item":"https:\/\/www.xcentricbeauty.com\/es\/tienda\/"},{"@type":"ListItem","position":3,"name":"TXture | Fijaci\u00f3n ligera para el cabello | 300 ml"}]},{"@type":"WebSite","@id":"https:\/\/www.xcentricbeauty.com\/es\/#website","url":"https:\/\/www.xcentricbeauty.com\/es\/","name":"Xcentric Beauty","description":"Hair Products Shop","potentialAction":[{"@type":"SearchAction","target":{"@type":"EntryPoint","urlTemplate":"https:\/\/www.xcentricbeauty.com\/es\/?s={search_term_string}"},"query-input":{"@type":"PropertyValueSpecification","valueRequired":true,"valueName":"search_term_string"}}],"inLanguage":"es"}]}},"_links":{"self":[{"href":"https:\/\/www.xcentricbeauty.com\/es\/wp-json\/wp\/v2\/product\/8603","targetHints":{"allow":["GET"]}}],"collection":[{"href":"https:\/\/www.xcentricbeauty.com\/es\/wp-json\/wp\/v2\/product"}],"about":[{"href":"https:\/\/www.xcentricbeauty.com\/es\/wp-json\/wp\/v2\/types\/product"}],"replies":[{"embeddable":true,"href":"https:\/\/www.xcentricbeauty.com\/es\/wp-json\/wp\/v2\/comments?post=8603"}],"wp:featuredmedia":[{"embeddable":true,"href":"https:\/\/www.xcentricbeauty.com\/es\/wp-json\/wp\/v2\/media\/4082"}],"wp:attachment":[{"href":"https:\/\/www.xcentricbeauty.com\/es\/wp-json\/wp\/v2\/media?parent=8603"}],"wp:term":[{"taxonomy":"product_brand","embeddable":true,"href":"https:\/\/www.xcentricbeauty.com\/es\/wp-json\/wp\/v2\/product_brand?post=8603"},{"taxonomy":"product_cat","embeddable":true,"href":"https:\/\/www.xcentricbeauty.com\/es\/wp-json\/wp\/v2\/product_cat?post=8603"},{"taxonomy":"product_tag","embeddable":true,"href":"https:\/\/www.xcentricbeauty.com\/es\/wp-json\/wp\/v2\/product_tag?post=8603"}],"curies":[{"name":"wp","href":"https:\/\/api.w.org\/{rel}","templated":true}]}}