{"id":8581,"date":"2025-06-07T17:21:15","date_gmt":"2025-06-08T01:21:15","guid":{"rendered":"https:\/\/www.xcentricbeauty.com\/product\/complex-pa4-aceite-protector\/"},"modified":"2025-06-07T17:21:15","modified_gmt":"2025-06-08T01:21:15","slug":"complex-pa4-aceite-protector","status":"publish","type":"product","link":"https:\/\/www.xcentricbeauty.com\/es\/producto\/complex-pa4-aceite-protector\/","title":{"rendered":"Complex PA4 | Aceite Protector"},"content":{"rendered":"<p><!--StartFragment --><\/p>\n<p><!--StartFragment --><\/p>\n<p><!--StartFragment --><\/p>\n<p>Formulado con una mezcla premium de siliconas nobles y una alta concentraci\u00f3n de Aceite de Moringa Amaz\u00f3nica, el Aceite Protector ofrece una protecci\u00f3n avanzada antimetales y anticontaminaci\u00f3n. Sus siliconas forman una pel\u00edcula protectora alrededor del cabello, creando una barrera contra metales pesados y contaminantes a\u00e9reos o acu\u00e1ticos. Mientras tanto, el Aceite de Moringa act\u00faa activamente sobre los rastros de metal dentro de las hebras, mejorando el efecto quelante para una purificaci\u00f3n \u00f3ptima.  <\/p>\n<p>Beneficio: Completa el tratamiento antimetales, antigris\u00e1ceo y anticontaminaci\u00f3n, aportando un toque lujoso, brillo intenso y protecci\u00f3n extra contra futuros contaminantes.<\/p>\n<p><strong>Indicaciones t\u00e9cnicas: <\/strong>Recomendado para eliminar metales pesados del cabello, absorbidos del agua de mar, piscinas, pozos artesianos y la contaminaci\u00f3n atmosf\u00e9rica. Purifica las hebras, dejando el cabello descontaminado y listo para tratamientos de decoloraci\u00f3n y coloraci\u00f3n.  <!--EndFragment --><\/p>\n<p><!--EndFragment --><\/p>\n<p>&nbsp;<\/p>\n<p><!--EndFragment --><\/p>\n","protected":false},"excerpt":{"rendered":"<p>Formulado con una mezcla premium de siliconas nobles y una alta concentraci\u00f3n de Aceite de Moringa Amaz\u00f3nica, el Aceite Protector ofrece una protecci\u00f3n avanzada antimetales y anticontaminaci\u00f3n.<\/p>\n","protected":false},"featured_media":5509,"comment_status":"open","ping_status":"closed","template":"","meta":[],"product_brand":[],"product_cat":[221,225],"product_tag":[],"class_list":{"0":"post-8581","1":"product","2":"type-product","3":"status-publish","4":"has-post-thumbnail","6":"product_cat-complex-pa4","7":"product_cat-cuidado-en-casa-complex-pa4","8":"pa_size-ml-220","9":"pa_size-ml-219","11":"first","12":"outofstock","13":"taxable","14":"shipping-taxable","15":"purchasable","16":"product-type-variable"},"yoast_head":"<!-- This site is optimized with the Yoast SEO plugin v27.6 - https:\/\/yoast.com\/product\/yoast-seo-wordpress\/ -->\n<title>Complex PA4 | Aceite Protector - Xcentric Beauty<\/title>\n<meta name=\"robots\" content=\"index, follow, max-snippet:-1, max-image-preview:large, max-video-preview:-1\" \/>\n<link rel=\"canonical\" href=\"https:\/\/www.xcentricbeauty.com\/es\/producto\/complex-pa4-aceite-protector\/\" \/>\n<meta property=\"og:locale\" content=\"es_ES\" \/>\n<meta property=\"og:type\" content=\"article\" \/>\n<meta property=\"og:title\" content=\"Complex PA4 | Aceite Protector - Xcentric Beauty\" \/>\n<meta property=\"og:description\" content=\"Formulado con una mezcla premium de siliconas nobles y una alta concentraci\u00f3n de Aceite de Moringa Amaz\u00f3nica, el Aceite Protector ofrece una protecci\u00f3n avanzada antimetales y anticontaminaci\u00f3n.\" \/>\n<meta property=\"og:url\" content=\"https:\/\/www.xcentricbeauty.com\/es\/producto\/complex-pa4-aceite-protector\/\" \/>\n<meta property=\"og:site_name\" content=\"Xcentric Beauty\" \/>\n<meta property=\"og:image\" content=\"https:\/\/www.xcentricbeauty.com\/wp-content\/uploads\/2025\/07\/Oil_60ml-1.png\" \/>\n\t<meta property=\"og:image:width\" content=\"437\" \/>\n\t<meta property=\"og:image:height\" content=\"1435\" \/>\n\t<meta property=\"og:image:type\" content=\"image\/png\" \/>\n<meta name=\"twitter:card\" content=\"summary_large_image\" \/>\n<meta name=\"twitter:label1\" content=\"Tiempo de lectura\" \/>\n\t<meta name=\"twitter:data1\" content=\"1 minuto\" \/>\n<script type=\"application\/ld+json\" class=\"yoast-schema-graph\">{\"@context\":\"https:\\\/\\\/schema.org\",\"@graph\":[{\"@type\":\"WebPage\",\"@id\":\"https:\\\/\\\/www.xcentricbeauty.com\\\/es\\\/producto\\\/complex-pa4-aceite-protector\\\/\",\"url\":\"https:\\\/\\\/www.xcentricbeauty.com\\\/es\\\/producto\\\/complex-pa4-aceite-protector\\\/\",\"name\":\"Complex PA4 | Aceite Protector - Xcentric Beauty\",\"isPartOf\":{\"@id\":\"https:\\\/\\\/www.xcentricbeauty.com\\\/es\\\/#website\"},\"primaryImageOfPage\":{\"@id\":\"https:\\\/\\\/www.xcentricbeauty.com\\\/es\\\/producto\\\/complex-pa4-aceite-protector\\\/#primaryimage\"},\"image\":{\"@id\":\"https:\\\/\\\/www.xcentricbeauty.com\\\/es\\\/producto\\\/complex-pa4-aceite-protector\\\/#primaryimage\"},\"thumbnailUrl\":\"https:\\\/\\\/www.xcentricbeauty.com\\\/wp-content\\\/uploads\\\/2025\\\/07\\\/Oil_60ml-1.png\",\"datePublished\":\"2025-06-08T01:21:15+00:00\",\"breadcrumb\":{\"@id\":\"https:\\\/\\\/www.xcentricbeauty.com\\\/es\\\/producto\\\/complex-pa4-aceite-protector\\\/#breadcrumb\"},\"inLanguage\":\"es\",\"potentialAction\":[{\"@type\":\"ReadAction\",\"target\":[\"https:\\\/\\\/www.xcentricbeauty.com\\\/es\\\/producto\\\/complex-pa4-aceite-protector\\\/\"]}]},{\"@type\":\"ImageObject\",\"inLanguage\":\"es\",\"@id\":\"https:\\\/\\\/www.xcentricbeauty.com\\\/es\\\/producto\\\/complex-pa4-aceite-protector\\\/#primaryimage\",\"url\":\"https:\\\/\\\/www.xcentricbeauty.com\\\/wp-content\\\/uploads\\\/2025\\\/07\\\/Oil_60ml-1.png\",\"contentUrl\":\"https:\\\/\\\/www.xcentricbeauty.com\\\/wp-content\\\/uploads\\\/2025\\\/07\\\/Oil_60ml-1.png\",\"width\":437,\"height\":1435},{\"@type\":\"BreadcrumbList\",\"@id\":\"https:\\\/\\\/www.xcentricbeauty.com\\\/es\\\/producto\\\/complex-pa4-aceite-protector\\\/#breadcrumb\",\"itemListElement\":[{\"@type\":\"ListItem\",\"position\":1,\"name\":\"Home\",\"item\":\"https:\\\/\\\/www.xcentricbeauty.com\\\/es\\\/inicio\\\/\"},{\"@type\":\"ListItem\",\"position\":2,\"name\":\"Tienda\",\"item\":\"https:\\\/\\\/www.xcentricbeauty.com\\\/es\\\/tienda\\\/\"},{\"@type\":\"ListItem\",\"position\":3,\"name\":\"Complex PA4 | Aceite Protector\"}]},{\"@type\":\"WebSite\",\"@id\":\"https:\\\/\\\/www.xcentricbeauty.com\\\/es\\\/#website\",\"url\":\"https:\\\/\\\/www.xcentricbeauty.com\\\/es\\\/\",\"name\":\"Xcentric Beauty\",\"description\":\"Hair Products Shop\",\"potentialAction\":[{\"@type\":\"SearchAction\",\"target\":{\"@type\":\"EntryPoint\",\"urlTemplate\":\"https:\\\/\\\/www.xcentricbeauty.com\\\/es\\\/?s={search_term_string}\"},\"query-input\":{\"@type\":\"PropertyValueSpecification\",\"valueRequired\":true,\"valueName\":\"search_term_string\"}}],\"inLanguage\":\"es\"}]}<\/script>\n<!-- \/ Yoast SEO plugin. -->","yoast_head_json":{"title":"Complex PA4 | Aceite Protector - Xcentric Beauty","robots":{"index":"index","follow":"follow","max-snippet":"max-snippet:-1","max-image-preview":"max-image-preview:large","max-video-preview":"max-video-preview:-1"},"canonical":"https:\/\/www.xcentricbeauty.com\/es\/producto\/complex-pa4-aceite-protector\/","og_locale":"es_ES","og_type":"article","og_title":"Complex PA4 | Aceite Protector - Xcentric Beauty","og_description":"Formulado con una mezcla premium de siliconas nobles y una alta concentraci\u00f3n de Aceite de Moringa Amaz\u00f3nica, el Aceite Protector ofrece una protecci\u00f3n avanzada antimetales y anticontaminaci\u00f3n.","og_url":"https:\/\/www.xcentricbeauty.com\/es\/producto\/complex-pa4-aceite-protector\/","og_site_name":"Xcentric Beauty","og_image":[{"width":437,"height":1435,"url":"https:\/\/www.xcentricbeauty.com\/wp-content\/uploads\/2025\/07\/Oil_60ml-1.png","type":"image\/png"}],"twitter_card":"summary_large_image","twitter_misc":{"Tiempo de lectura":"1 minuto"},"schema":{"@context":"https:\/\/schema.org","@graph":[{"@type":"WebPage","@id":"https:\/\/www.xcentricbeauty.com\/es\/producto\/complex-pa4-aceite-protector\/","url":"https:\/\/www.xcentricbeauty.com\/es\/producto\/complex-pa4-aceite-protector\/","name":"Complex PA4 | Aceite Protector - Xcentric Beauty","isPartOf":{"@id":"https:\/\/www.xcentricbeauty.com\/es\/#website"},"primaryImageOfPage":{"@id":"https:\/\/www.xcentricbeauty.com\/es\/producto\/complex-pa4-aceite-protector\/#primaryimage"},"image":{"@id":"https:\/\/www.xcentricbeauty.com\/es\/producto\/complex-pa4-aceite-protector\/#primaryimage"},"thumbnailUrl":"https:\/\/www.xcentricbeauty.com\/wp-content\/uploads\/2025\/07\/Oil_60ml-1.png","datePublished":"2025-06-08T01:21:15+00:00","breadcrumb":{"@id":"https:\/\/www.xcentricbeauty.com\/es\/producto\/complex-pa4-aceite-protector\/#breadcrumb"},"inLanguage":"es","potentialAction":[{"@type":"ReadAction","target":["https:\/\/www.xcentricbeauty.com\/es\/producto\/complex-pa4-aceite-protector\/"]}]},{"@type":"ImageObject","inLanguage":"es","@id":"https:\/\/www.xcentricbeauty.com\/es\/producto\/complex-pa4-aceite-protector\/#primaryimage","url":"https:\/\/www.xcentricbeauty.com\/wp-content\/uploads\/2025\/07\/Oil_60ml-1.png","contentUrl":"https:\/\/www.xcentricbeauty.com\/wp-content\/uploads\/2025\/07\/Oil_60ml-1.png","width":437,"height":1435},{"@type":"BreadcrumbList","@id":"https:\/\/www.xcentricbeauty.com\/es\/producto\/complex-pa4-aceite-protector\/#breadcrumb","itemListElement":[{"@type":"ListItem","position":1,"name":"Home","item":"https:\/\/www.xcentricbeauty.com\/es\/inicio\/"},{"@type":"ListItem","position":2,"name":"Tienda","item":"https:\/\/www.xcentricbeauty.com\/es\/tienda\/"},{"@type":"ListItem","position":3,"name":"Complex PA4 | Aceite Protector"}]},{"@type":"WebSite","@id":"https:\/\/www.xcentricbeauty.com\/es\/#website","url":"https:\/\/www.xcentricbeauty.com\/es\/","name":"Xcentric Beauty","description":"Hair Products Shop","potentialAction":[{"@type":"SearchAction","target":{"@type":"EntryPoint","urlTemplate":"https:\/\/www.xcentricbeauty.com\/es\/?s={search_term_string}"},"query-input":{"@type":"PropertyValueSpecification","valueRequired":true,"valueName":"search_term_string"}}],"inLanguage":"es"}]}},"_links":{"self":[{"href":"https:\/\/www.xcentricbeauty.com\/es\/wp-json\/wp\/v2\/product\/8581","targetHints":{"allow":["GET"]}}],"collection":[{"href":"https:\/\/www.xcentricbeauty.com\/es\/wp-json\/wp\/v2\/product"}],"about":[{"href":"https:\/\/www.xcentricbeauty.com\/es\/wp-json\/wp\/v2\/types\/product"}],"replies":[{"embeddable":true,"href":"https:\/\/www.xcentricbeauty.com\/es\/wp-json\/wp\/v2\/comments?post=8581"}],"wp:featuredmedia":[{"embeddable":true,"href":"https:\/\/www.xcentricbeauty.com\/es\/wp-json\/wp\/v2\/media\/5509"}],"wp:attachment":[{"href":"https:\/\/www.xcentricbeauty.com\/es\/wp-json\/wp\/v2\/media?parent=8581"}],"wp:term":[{"taxonomy":"product_brand","embeddable":true,"href":"https:\/\/www.xcentricbeauty.com\/es\/wp-json\/wp\/v2\/product_brand?post=8581"},{"taxonomy":"product_cat","embeddable":true,"href":"https:\/\/www.xcentricbeauty.com\/es\/wp-json\/wp\/v2\/product_cat?post=8581"},{"taxonomy":"product_tag","embeddable":true,"href":"https:\/\/www.xcentricbeauty.com\/es\/wp-json\/wp\/v2\/product_tag?post=8581"}],"curies":[{"name":"wp","href":"https:\/\/api.w.org\/{rel}","templated":true}]}}