{"id":8548,"date":"2025-06-10T11:57:26","date_gmt":"2025-06-10T19:57:26","guid":{"rendered":"https:\/\/www.xcentricbeauty.com\/product\/kit-1-de-mantenimiento-en-casa-plastica-capilar\/"},"modified":"2025-06-10T11:57:26","modified_gmt":"2025-06-10T19:57:26","slug":"kit-1-de-mantenimiento-en-casa-plastica-capilar","status":"publish","type":"product","link":"https:\/\/www.xcentricbeauty.com\/es\/producto\/kit-1-de-mantenimiento-en-casa-plastica-capilar\/","title":{"rendered":"Kit 1 de Mantenimiento en Casa Pl\u00e1stica Capilar"},"content":{"rendered":"<p>L\u00ednea de mantenimiento en casa para el tratamiento del cabello da\u00f1ado, dise\u00f1ada para restaurar la salud capilar sin alterar la estructura de la hebra. Sus principios activos nanoprocesados ofrecen resultados visibles en solo 20 minutos, dejando el cabello sedoso y suave. Enriquecida con perlas de caviar, la l\u00ednea Home Care Pl\u00e1stica Capilar trabaja para reconstruir la fibra capilar, restaurando su manto hidrolip\u00eddico, sustituyendo las capas desgastadas y eliminando los signos del envejecimiento. Este tratamiento de cinco pasos proporciona una verdadera transformaci\u00f3n reconstructiva para cabellos severamente da\u00f1ados.<br \/>\nFormulada con queratina, algas y caviar, esta l\u00ednea de cuidado en casa repara las hebras y restaura las puntas abiertas, siendo un tratamiento intensivo para cabellos sensibles y quebradizos.<\/p>\n","protected":false},"excerpt":{"rendered":"<p>L\u00ednea de mantenimiento en casa para el tratamiento del cabello da\u00f1ado, dise\u00f1ada para restaurar la salud capilar sin alterar la estructura de la hebra. Sus principios activos nanoprocesados ofrecen resultados visibles en solo 20 minutos, dejando el cabello sedoso y suave. Enriquecida con perlas de caviar, la l\u00ednea Home Care Pl\u00e1stica Capilar trabaja para reconstruir la fibra capilar, restaurando su manto hidrolip\u00eddico, sustituyendo las capas desgastadas y eliminando los signos del envejecimiento. Este tratamiento de cinco pasos proporciona una verdadera transformaci\u00f3n reconstructiva para cabellos severamente da\u00f1ados.<\/p>\n","protected":false},"featured_media":4938,"comment_status":"open","ping_status":"closed","template":"","meta":[],"product_brand":[],"product_cat":[231,232],"product_tag":[],"class_list":{"0":"post-8548","1":"product","2":"type-product","3":"status-publish","4":"has-post-thumbnail","6":"product_cat-plastica-capilar","7":"product_cat-plastica-capilar-home-care","9":"first","10":"instock","11":"sale","12":"taxable","13":"shipping-taxable","14":"purchasable","15":"product-type-woosb"},"yoast_head":"<!-- This site is optimized with the Yoast SEO plugin v27.6 - https:\/\/yoast.com\/product\/yoast-seo-wordpress\/ -->\n<title>Kit 1 de Mantenimiento en Casa Pl\u00e1stica Capilar - Xcentric Beauty<\/title>\n<meta name=\"robots\" content=\"index, follow, max-snippet:-1, max-image-preview:large, max-video-preview:-1\" \/>\n<link rel=\"canonical\" href=\"https:\/\/www.xcentricbeauty.com\/es\/producto\/kit-1-de-mantenimiento-en-casa-plastica-capilar\/\" \/>\n<meta property=\"og:locale\" content=\"es_ES\" \/>\n<meta property=\"og:type\" content=\"article\" \/>\n<meta property=\"og:title\" content=\"Kit 1 de Mantenimiento en Casa Pl\u00e1stica Capilar - Xcentric Beauty\" \/>\n<meta property=\"og:description\" content=\"L\u00ednea de mantenimiento en casa para el tratamiento del cabello da\u00f1ado, dise\u00f1ada para restaurar la salud capilar sin alterar la estructura de la hebra. Sus principios activos nanoprocesados ofrecen resultados visibles en solo 20 minutos, dejando el cabello sedoso y suave. Enriquecida con perlas de caviar, la l\u00ednea Home Care Pl\u00e1stica Capilar trabaja para reconstruir la fibra capilar, restaurando su manto hidrolip\u00eddico, sustituyendo las capas desgastadas y eliminando los signos del envejecimiento. Este tratamiento de cinco pasos proporciona una verdadera transformaci\u00f3n reconstructiva para cabellos severamente da\u00f1ados.\" \/>\n<meta property=\"og:url\" content=\"https:\/\/www.xcentricbeauty.com\/es\/producto\/kit-1-de-mantenimiento-en-casa-plastica-capilar\/\" \/>\n<meta property=\"og:site_name\" content=\"Xcentric Beauty\" \/>\n<meta property=\"og:image\" content=\"https:\/\/www.xcentricbeauty.com\/wp-content\/uploads\/2025\/06\/PLASTICA-HC-KIT-1-250ML.webp\" \/>\n\t<meta property=\"og:image:width\" content=\"797\" \/>\n\t<meta property=\"og:image:height\" content=\"535\" \/>\n\t<meta property=\"og:image:type\" content=\"image\/webp\" \/>\n<meta name=\"twitter:card\" content=\"summary_large_image\" \/>\n<meta name=\"twitter:label1\" content=\"Tiempo de lectura\" \/>\n\t<meta name=\"twitter:data1\" content=\"1 minuto\" \/>\n<script type=\"application\/ld+json\" class=\"yoast-schema-graph\">{\"@context\":\"https:\\\/\\\/schema.org\",\"@graph\":[{\"@type\":\"WebPage\",\"@id\":\"https:\\\/\\\/www.xcentricbeauty.com\\\/es\\\/producto\\\/kit-1-de-mantenimiento-en-casa-plastica-capilar\\\/\",\"url\":\"https:\\\/\\\/www.xcentricbeauty.com\\\/es\\\/producto\\\/kit-1-de-mantenimiento-en-casa-plastica-capilar\\\/\",\"name\":\"Kit 1 de Mantenimiento en Casa Pl\u00e1stica Capilar - Xcentric Beauty\",\"isPartOf\":{\"@id\":\"https:\\\/\\\/www.xcentricbeauty.com\\\/es\\\/#website\"},\"primaryImageOfPage\":{\"@id\":\"https:\\\/\\\/www.xcentricbeauty.com\\\/es\\\/producto\\\/kit-1-de-mantenimiento-en-casa-plastica-capilar\\\/#primaryimage\"},\"image\":{\"@id\":\"https:\\\/\\\/www.xcentricbeauty.com\\\/es\\\/producto\\\/kit-1-de-mantenimiento-en-casa-plastica-capilar\\\/#primaryimage\"},\"thumbnailUrl\":\"https:\\\/\\\/www.xcentricbeauty.com\\\/wp-content\\\/uploads\\\/2025\\\/06\\\/PLASTICA-HC-KIT-1-250ML.webp\",\"datePublished\":\"2025-06-10T19:57:26+00:00\",\"breadcrumb\":{\"@id\":\"https:\\\/\\\/www.xcentricbeauty.com\\\/es\\\/producto\\\/kit-1-de-mantenimiento-en-casa-plastica-capilar\\\/#breadcrumb\"},\"inLanguage\":\"es\",\"potentialAction\":[{\"@type\":\"ReadAction\",\"target\":[\"https:\\\/\\\/www.xcentricbeauty.com\\\/es\\\/producto\\\/kit-1-de-mantenimiento-en-casa-plastica-capilar\\\/\"]}]},{\"@type\":\"ImageObject\",\"inLanguage\":\"es\",\"@id\":\"https:\\\/\\\/www.xcentricbeauty.com\\\/es\\\/producto\\\/kit-1-de-mantenimiento-en-casa-plastica-capilar\\\/#primaryimage\",\"url\":\"https:\\\/\\\/www.xcentricbeauty.com\\\/wp-content\\\/uploads\\\/2025\\\/06\\\/PLASTICA-HC-KIT-1-250ML.webp\",\"contentUrl\":\"https:\\\/\\\/www.xcentricbeauty.com\\\/wp-content\\\/uploads\\\/2025\\\/06\\\/PLASTICA-HC-KIT-1-250ML.webp\",\"width\":797,\"height\":535},{\"@type\":\"BreadcrumbList\",\"@id\":\"https:\\\/\\\/www.xcentricbeauty.com\\\/es\\\/producto\\\/kit-1-de-mantenimiento-en-casa-plastica-capilar\\\/#breadcrumb\",\"itemListElement\":[{\"@type\":\"ListItem\",\"position\":1,\"name\":\"Home\",\"item\":\"https:\\\/\\\/www.xcentricbeauty.com\\\/es\\\/inicio\\\/\"},{\"@type\":\"ListItem\",\"position\":2,\"name\":\"Tienda\",\"item\":\"https:\\\/\\\/www.xcentricbeauty.com\\\/es\\\/tienda\\\/\"},{\"@type\":\"ListItem\",\"position\":3,\"name\":\"Kit 1 de Mantenimiento en Casa Pl\u00e1stica Capilar\"}]},{\"@type\":\"WebSite\",\"@id\":\"https:\\\/\\\/www.xcentricbeauty.com\\\/es\\\/#website\",\"url\":\"https:\\\/\\\/www.xcentricbeauty.com\\\/es\\\/\",\"name\":\"Xcentric Beauty\",\"description\":\"Hair Products Shop\",\"potentialAction\":[{\"@type\":\"SearchAction\",\"target\":{\"@type\":\"EntryPoint\",\"urlTemplate\":\"https:\\\/\\\/www.xcentricbeauty.com\\\/es\\\/?s={search_term_string}\"},\"query-input\":{\"@type\":\"PropertyValueSpecification\",\"valueRequired\":true,\"valueName\":\"search_term_string\"}}],\"inLanguage\":\"es\"}]}<\/script>\n<!-- \/ Yoast SEO plugin. -->","yoast_head_json":{"title":"Kit 1 de Mantenimiento en Casa Pl\u00e1stica Capilar - Xcentric Beauty","robots":{"index":"index","follow":"follow","max-snippet":"max-snippet:-1","max-image-preview":"max-image-preview:large","max-video-preview":"max-video-preview:-1"},"canonical":"https:\/\/www.xcentricbeauty.com\/es\/producto\/kit-1-de-mantenimiento-en-casa-plastica-capilar\/","og_locale":"es_ES","og_type":"article","og_title":"Kit 1 de Mantenimiento en Casa Pl\u00e1stica Capilar - Xcentric Beauty","og_description":"L\u00ednea de mantenimiento en casa para el tratamiento del cabello da\u00f1ado, dise\u00f1ada para restaurar la salud capilar sin alterar la estructura de la hebra. Sus principios activos nanoprocesados ofrecen resultados visibles en solo 20 minutos, dejando el cabello sedoso y suave. Enriquecida con perlas de caviar, la l\u00ednea Home Care Pl\u00e1stica Capilar trabaja para reconstruir la fibra capilar, restaurando su manto hidrolip\u00eddico, sustituyendo las capas desgastadas y eliminando los signos del envejecimiento. Este tratamiento de cinco pasos proporciona una verdadera transformaci\u00f3n reconstructiva para cabellos severamente da\u00f1ados.","og_url":"https:\/\/www.xcentricbeauty.com\/es\/producto\/kit-1-de-mantenimiento-en-casa-plastica-capilar\/","og_site_name":"Xcentric Beauty","og_image":[{"width":797,"height":535,"url":"https:\/\/www.xcentricbeauty.com\/wp-content\/uploads\/2025\/06\/PLASTICA-HC-KIT-1-250ML.webp","type":"image\/webp"}],"twitter_card":"summary_large_image","twitter_misc":{"Tiempo de lectura":"1 minuto"},"schema":{"@context":"https:\/\/schema.org","@graph":[{"@type":"WebPage","@id":"https:\/\/www.xcentricbeauty.com\/es\/producto\/kit-1-de-mantenimiento-en-casa-plastica-capilar\/","url":"https:\/\/www.xcentricbeauty.com\/es\/producto\/kit-1-de-mantenimiento-en-casa-plastica-capilar\/","name":"Kit 1 de Mantenimiento en Casa Pl\u00e1stica Capilar - Xcentric Beauty","isPartOf":{"@id":"https:\/\/www.xcentricbeauty.com\/es\/#website"},"primaryImageOfPage":{"@id":"https:\/\/www.xcentricbeauty.com\/es\/producto\/kit-1-de-mantenimiento-en-casa-plastica-capilar\/#primaryimage"},"image":{"@id":"https:\/\/www.xcentricbeauty.com\/es\/producto\/kit-1-de-mantenimiento-en-casa-plastica-capilar\/#primaryimage"},"thumbnailUrl":"https:\/\/www.xcentricbeauty.com\/wp-content\/uploads\/2025\/06\/PLASTICA-HC-KIT-1-250ML.webp","datePublished":"2025-06-10T19:57:26+00:00","breadcrumb":{"@id":"https:\/\/www.xcentricbeauty.com\/es\/producto\/kit-1-de-mantenimiento-en-casa-plastica-capilar\/#breadcrumb"},"inLanguage":"es","potentialAction":[{"@type":"ReadAction","target":["https:\/\/www.xcentricbeauty.com\/es\/producto\/kit-1-de-mantenimiento-en-casa-plastica-capilar\/"]}]},{"@type":"ImageObject","inLanguage":"es","@id":"https:\/\/www.xcentricbeauty.com\/es\/producto\/kit-1-de-mantenimiento-en-casa-plastica-capilar\/#primaryimage","url":"https:\/\/www.xcentricbeauty.com\/wp-content\/uploads\/2025\/06\/PLASTICA-HC-KIT-1-250ML.webp","contentUrl":"https:\/\/www.xcentricbeauty.com\/wp-content\/uploads\/2025\/06\/PLASTICA-HC-KIT-1-250ML.webp","width":797,"height":535},{"@type":"BreadcrumbList","@id":"https:\/\/www.xcentricbeauty.com\/es\/producto\/kit-1-de-mantenimiento-en-casa-plastica-capilar\/#breadcrumb","itemListElement":[{"@type":"ListItem","position":1,"name":"Home","item":"https:\/\/www.xcentricbeauty.com\/es\/inicio\/"},{"@type":"ListItem","position":2,"name":"Tienda","item":"https:\/\/www.xcentricbeauty.com\/es\/tienda\/"},{"@type":"ListItem","position":3,"name":"Kit 1 de Mantenimiento en Casa Pl\u00e1stica Capilar"}]},{"@type":"WebSite","@id":"https:\/\/www.xcentricbeauty.com\/es\/#website","url":"https:\/\/www.xcentricbeauty.com\/es\/","name":"Xcentric Beauty","description":"Hair Products Shop","potentialAction":[{"@type":"SearchAction","target":{"@type":"EntryPoint","urlTemplate":"https:\/\/www.xcentricbeauty.com\/es\/?s={search_term_string}"},"query-input":{"@type":"PropertyValueSpecification","valueRequired":true,"valueName":"search_term_string"}}],"inLanguage":"es"}]}},"_links":{"self":[{"href":"https:\/\/www.xcentricbeauty.com\/es\/wp-json\/wp\/v2\/product\/8548","targetHints":{"allow":["GET"]}}],"collection":[{"href":"https:\/\/www.xcentricbeauty.com\/es\/wp-json\/wp\/v2\/product"}],"about":[{"href":"https:\/\/www.xcentricbeauty.com\/es\/wp-json\/wp\/v2\/types\/product"}],"replies":[{"embeddable":true,"href":"https:\/\/www.xcentricbeauty.com\/es\/wp-json\/wp\/v2\/comments?post=8548"}],"wp:featuredmedia":[{"embeddable":true,"href":"https:\/\/www.xcentricbeauty.com\/es\/wp-json\/wp\/v2\/media\/4938"}],"wp:attachment":[{"href":"https:\/\/www.xcentricbeauty.com\/es\/wp-json\/wp\/v2\/media?parent=8548"}],"wp:term":[{"taxonomy":"product_brand","embeddable":true,"href":"https:\/\/www.xcentricbeauty.com\/es\/wp-json\/wp\/v2\/product_brand?post=8548"},{"taxonomy":"product_cat","embeddable":true,"href":"https:\/\/www.xcentricbeauty.com\/es\/wp-json\/wp\/v2\/product_cat?post=8548"},{"taxonomy":"product_tag","embeddable":true,"href":"https:\/\/www.xcentricbeauty.com\/es\/wp-json\/wp\/v2\/product_tag?post=8548"}],"curies":[{"name":"wp","href":"https:\/\/api.w.org\/{rel}","templated":true}]}}