{"id":8542,"date":"2025-06-10T01:44:24","date_gmt":"2025-06-10T09:44:24","guid":{"rendered":"https:\/\/www.xcentricbeauty.com\/product\/kit-power-dose-instant-blends\/"},"modified":"2025-06-10T01:44:24","modified_gmt":"2025-06-10T09:44:24","slug":"kit-power-dose-instant-blends","status":"publish","type":"product","link":"https:\/\/www.xcentricbeauty.com\/es\/producto\/kit-power-dose-instant-blends\/","title":{"rendered":"Kit Power Dose Instant Blends"},"content":{"rendered":"<p><!--StartFragment --><\/p>\n<p>El Kit Profesional Instant Blends es un sistema de reparaci\u00f3n capilar espec\u00edfico, dise\u00f1ado para restaurar la fuerza, elasticidad y brillo del cabello tratado qu\u00edmicamente y debilitado.<\/p>\n<p><!--EndFragment --><\/p>\n","protected":false},"excerpt":{"rendered":"<p>El Kit Profesional Instant Blends es un sistema de reparaci\u00f3n capilar espec\u00edfico, dise\u00f1ado para restaurar la fuerza, elasticidad y brillo del cabello tratado qu\u00edmicamente y debilitado.<\/p>\n","protected":false},"featured_media":4935,"comment_status":"open","ping_status":"closed","template":"","meta":[],"product_brand":[],"product_cat":[217,216],"product_tag":[],"class_list":{"0":"post-8542","1":"product","2":"type-product","3":"status-publish","4":"has-post-thumbnail","6":"product_cat-nutricion","7":"product_cat-nutricion-home-care","9":"first","10":"instock","11":"taxable","12":"shipping-taxable","13":"purchasable","14":"product-type-simple"},"yoast_head":"<!-- This site is optimized with the Yoast SEO plugin v27.6 - https:\/\/yoast.com\/product\/yoast-seo-wordpress\/ -->\n<title>Kit Power Dose Instant Blends - Xcentric Beauty<\/title>\n<meta name=\"robots\" content=\"index, follow, max-snippet:-1, max-image-preview:large, max-video-preview:-1\" \/>\n<link rel=\"canonical\" href=\"https:\/\/www.xcentricbeauty.com\/es\/producto\/kit-power-dose-instant-blends\/\" \/>\n<meta property=\"og:locale\" content=\"es_ES\" \/>\n<meta property=\"og:type\" content=\"article\" \/>\n<meta property=\"og:title\" content=\"Kit Power Dose Instant Blends - Xcentric Beauty\" \/>\n<meta property=\"og:description\" content=\"El Kit Profesional Instant Blends es un sistema de reparaci\u00f3n capilar espec\u00edfico, dise\u00f1ado para restaurar la fuerza, elasticidad y brillo del cabello tratado qu\u00edmicamente y debilitado.\" \/>\n<meta property=\"og:url\" content=\"https:\/\/www.xcentricbeauty.com\/es\/producto\/kit-power-dose-instant-blends\/\" \/>\n<meta property=\"og:site_name\" content=\"Xcentric Beauty\" \/>\n<meta property=\"og:image\" content=\"https:\/\/www.xcentricbeauty.com\/wp-content\/uploads\/2025\/06\/Nutrition_Blend_Deitada-scaled.webp\" \/>\n\t<meta property=\"og:image:width\" content=\"2560\" \/>\n\t<meta property=\"og:image:height\" content=\"1690\" \/>\n\t<meta property=\"og:image:type\" content=\"image\/webp\" \/>\n<meta name=\"twitter:card\" content=\"summary_large_image\" \/>\n<script type=\"application\/ld+json\" class=\"yoast-schema-graph\">{\"@context\":\"https:\\\/\\\/schema.org\",\"@graph\":[{\"@type\":\"WebPage\",\"@id\":\"https:\\\/\\\/www.xcentricbeauty.com\\\/es\\\/producto\\\/kit-power-dose-instant-blends\\\/\",\"url\":\"https:\\\/\\\/www.xcentricbeauty.com\\\/es\\\/producto\\\/kit-power-dose-instant-blends\\\/\",\"name\":\"Kit Power Dose Instant Blends - Xcentric Beauty\",\"isPartOf\":{\"@id\":\"https:\\\/\\\/www.xcentricbeauty.com\\\/es\\\/#website\"},\"primaryImageOfPage\":{\"@id\":\"https:\\\/\\\/www.xcentricbeauty.com\\\/es\\\/producto\\\/kit-power-dose-instant-blends\\\/#primaryimage\"},\"image\":{\"@id\":\"https:\\\/\\\/www.xcentricbeauty.com\\\/es\\\/producto\\\/kit-power-dose-instant-blends\\\/#primaryimage\"},\"thumbnailUrl\":\"https:\\\/\\\/www.xcentricbeauty.com\\\/wp-content\\\/uploads\\\/2025\\\/06\\\/Nutrition_Blend_Deitada-scaled.webp\",\"datePublished\":\"2025-06-10T09:44:24+00:00\",\"breadcrumb\":{\"@id\":\"https:\\\/\\\/www.xcentricbeauty.com\\\/es\\\/producto\\\/kit-power-dose-instant-blends\\\/#breadcrumb\"},\"inLanguage\":\"es\",\"potentialAction\":[{\"@type\":\"ReadAction\",\"target\":[\"https:\\\/\\\/www.xcentricbeauty.com\\\/es\\\/producto\\\/kit-power-dose-instant-blends\\\/\"]}]},{\"@type\":\"ImageObject\",\"inLanguage\":\"es\",\"@id\":\"https:\\\/\\\/www.xcentricbeauty.com\\\/es\\\/producto\\\/kit-power-dose-instant-blends\\\/#primaryimage\",\"url\":\"https:\\\/\\\/www.xcentricbeauty.com\\\/wp-content\\\/uploads\\\/2025\\\/06\\\/Nutrition_Blend_Deitada-scaled.webp\",\"contentUrl\":\"https:\\\/\\\/www.xcentricbeauty.com\\\/wp-content\\\/uploads\\\/2025\\\/06\\\/Nutrition_Blend_Deitada-scaled.webp\",\"width\":2560,\"height\":1690},{\"@type\":\"BreadcrumbList\",\"@id\":\"https:\\\/\\\/www.xcentricbeauty.com\\\/es\\\/producto\\\/kit-power-dose-instant-blends\\\/#breadcrumb\",\"itemListElement\":[{\"@type\":\"ListItem\",\"position\":1,\"name\":\"Home\",\"item\":\"https:\\\/\\\/www.xcentricbeauty.com\\\/es\\\/inicio\\\/\"},{\"@type\":\"ListItem\",\"position\":2,\"name\":\"Tienda\",\"item\":\"https:\\\/\\\/www.xcentricbeauty.com\\\/es\\\/tienda\\\/\"},{\"@type\":\"ListItem\",\"position\":3,\"name\":\"Kit Power Dose Instant Blends\"}]},{\"@type\":\"WebSite\",\"@id\":\"https:\\\/\\\/www.xcentricbeauty.com\\\/es\\\/#website\",\"url\":\"https:\\\/\\\/www.xcentricbeauty.com\\\/es\\\/\",\"name\":\"Xcentric Beauty\",\"description\":\"Hair Products Shop\",\"potentialAction\":[{\"@type\":\"SearchAction\",\"target\":{\"@type\":\"EntryPoint\",\"urlTemplate\":\"https:\\\/\\\/www.xcentricbeauty.com\\\/es\\\/?s={search_term_string}\"},\"query-input\":{\"@type\":\"PropertyValueSpecification\",\"valueRequired\":true,\"valueName\":\"search_term_string\"}}],\"inLanguage\":\"es\"}]}<\/script>\n<!-- \/ Yoast SEO plugin. -->","yoast_head_json":{"title":"Kit Power Dose Instant Blends - Xcentric Beauty","robots":{"index":"index","follow":"follow","max-snippet":"max-snippet:-1","max-image-preview":"max-image-preview:large","max-video-preview":"max-video-preview:-1"},"canonical":"https:\/\/www.xcentricbeauty.com\/es\/producto\/kit-power-dose-instant-blends\/","og_locale":"es_ES","og_type":"article","og_title":"Kit Power Dose Instant Blends - Xcentric Beauty","og_description":"El Kit Profesional Instant Blends es un sistema de reparaci\u00f3n capilar espec\u00edfico, dise\u00f1ado para restaurar la fuerza, elasticidad y brillo del cabello tratado qu\u00edmicamente y debilitado.","og_url":"https:\/\/www.xcentricbeauty.com\/es\/producto\/kit-power-dose-instant-blends\/","og_site_name":"Xcentric Beauty","og_image":[{"width":2560,"height":1690,"url":"https:\/\/www.xcentricbeauty.com\/wp-content\/uploads\/2025\/06\/Nutrition_Blend_Deitada-scaled.webp","type":"image\/webp"}],"twitter_card":"summary_large_image","schema":{"@context":"https:\/\/schema.org","@graph":[{"@type":"WebPage","@id":"https:\/\/www.xcentricbeauty.com\/es\/producto\/kit-power-dose-instant-blends\/","url":"https:\/\/www.xcentricbeauty.com\/es\/producto\/kit-power-dose-instant-blends\/","name":"Kit Power Dose Instant Blends - Xcentric Beauty","isPartOf":{"@id":"https:\/\/www.xcentricbeauty.com\/es\/#website"},"primaryImageOfPage":{"@id":"https:\/\/www.xcentricbeauty.com\/es\/producto\/kit-power-dose-instant-blends\/#primaryimage"},"image":{"@id":"https:\/\/www.xcentricbeauty.com\/es\/producto\/kit-power-dose-instant-blends\/#primaryimage"},"thumbnailUrl":"https:\/\/www.xcentricbeauty.com\/wp-content\/uploads\/2025\/06\/Nutrition_Blend_Deitada-scaled.webp","datePublished":"2025-06-10T09:44:24+00:00","breadcrumb":{"@id":"https:\/\/www.xcentricbeauty.com\/es\/producto\/kit-power-dose-instant-blends\/#breadcrumb"},"inLanguage":"es","potentialAction":[{"@type":"ReadAction","target":["https:\/\/www.xcentricbeauty.com\/es\/producto\/kit-power-dose-instant-blends\/"]}]},{"@type":"ImageObject","inLanguage":"es","@id":"https:\/\/www.xcentricbeauty.com\/es\/producto\/kit-power-dose-instant-blends\/#primaryimage","url":"https:\/\/www.xcentricbeauty.com\/wp-content\/uploads\/2025\/06\/Nutrition_Blend_Deitada-scaled.webp","contentUrl":"https:\/\/www.xcentricbeauty.com\/wp-content\/uploads\/2025\/06\/Nutrition_Blend_Deitada-scaled.webp","width":2560,"height":1690},{"@type":"BreadcrumbList","@id":"https:\/\/www.xcentricbeauty.com\/es\/producto\/kit-power-dose-instant-blends\/#breadcrumb","itemListElement":[{"@type":"ListItem","position":1,"name":"Home","item":"https:\/\/www.xcentricbeauty.com\/es\/inicio\/"},{"@type":"ListItem","position":2,"name":"Tienda","item":"https:\/\/www.xcentricbeauty.com\/es\/tienda\/"},{"@type":"ListItem","position":3,"name":"Kit Power Dose Instant Blends"}]},{"@type":"WebSite","@id":"https:\/\/www.xcentricbeauty.com\/es\/#website","url":"https:\/\/www.xcentricbeauty.com\/es\/","name":"Xcentric Beauty","description":"Hair Products Shop","potentialAction":[{"@type":"SearchAction","target":{"@type":"EntryPoint","urlTemplate":"https:\/\/www.xcentricbeauty.com\/es\/?s={search_term_string}"},"query-input":{"@type":"PropertyValueSpecification","valueRequired":true,"valueName":"search_term_string"}}],"inLanguage":"es"}]}},"_links":{"self":[{"href":"https:\/\/www.xcentricbeauty.com\/es\/wp-json\/wp\/v2\/product\/8542","targetHints":{"allow":["GET"]}}],"collection":[{"href":"https:\/\/www.xcentricbeauty.com\/es\/wp-json\/wp\/v2\/product"}],"about":[{"href":"https:\/\/www.xcentricbeauty.com\/es\/wp-json\/wp\/v2\/types\/product"}],"replies":[{"embeddable":true,"href":"https:\/\/www.xcentricbeauty.com\/es\/wp-json\/wp\/v2\/comments?post=8542"}],"wp:featuredmedia":[{"embeddable":true,"href":"https:\/\/www.xcentricbeauty.com\/es\/wp-json\/wp\/v2\/media\/4935"}],"wp:attachment":[{"href":"https:\/\/www.xcentricbeauty.com\/es\/wp-json\/wp\/v2\/media?parent=8542"}],"wp:term":[{"taxonomy":"product_brand","embeddable":true,"href":"https:\/\/www.xcentricbeauty.com\/es\/wp-json\/wp\/v2\/product_brand?post=8542"},{"taxonomy":"product_cat","embeddable":true,"href":"https:\/\/www.xcentricbeauty.com\/es\/wp-json\/wp\/v2\/product_cat?post=8542"},{"taxonomy":"product_tag","embeddable":true,"href":"https:\/\/www.xcentricbeauty.com\/es\/wp-json\/wp\/v2\/product_tag?post=8542"}],"curies":[{"name":"wp","href":"https:\/\/api.w.org\/{rel}","templated":true}]}}