{"id":8536,"date":"2025-06-10T12:27:21","date_gmt":"2025-06-10T20:27:21","guid":{"rendered":"https:\/\/www.xcentricbeauty.com\/product\/plastica-capilar-home-care-kit-2\/"},"modified":"2025-06-10T12:27:21","modified_gmt":"2025-06-10T20:27:21","slug":"plastica-capilar-home-care-kit-2","status":"publish","type":"product","link":"https:\/\/www.xcentricbeauty.com\/es\/producto\/plastica-capilar-home-care-kit-2\/","title":{"rendered":"Pl\u00e1stica Capilar Home Care Kit 2"},"content":{"rendered":"<p>L\u00ednea Home Care para el tratamiento del cabello da\u00f1ado, dise\u00f1ada para restaurar la salud capilar sin alterar la estructura de la fibra. Sus activos nanoprocesados ofrecen resultados visibles en solo 20 minutos, dejando el cabello sedoso y suave. Enriquecida con microesferas de caviar, la Home Care Pl\u00e1stica Capilar ayuda a reconstruir la fibra capilar, restaurando su manto hidrolip\u00eddico, reponiendo las capas desgastadas y eliminando los signos de envejecimiento. Este tratamiento de cinco pasos ofrece una aut\u00e9ntica transformaci\u00f3n reconstructora para el cabello muy da\u00f1ado.<br \/>\nFormulada con queratina, algas y caviar, esta l\u00ednea home care repara la fibra y recupera las puntas abiertas, convirti\u00e9ndose en un tratamiento intensivo para el cabello sensible y quebradizo.<\/p>\n","protected":false},"excerpt":{"rendered":"<p>L\u00ednea Home Care para el tratamiento del cabello da\u00f1ado, dise\u00f1ada para restaurar la salud capilar sin alterar la estructura de la fibra. Sus activos nanoprocesados ofrecen resultados visibles en solo 20 minutos, dejando el cabello sedoso y suave. Enriquecida con microesferas de caviar, la Home Care Pl\u00e1stica Capilar ayuda a reconstruir la fibra capilar, restaurando su manto hidrolip\u00eddico, reponiendo las capas desgastadas y eliminando los signos de envejecimiento. Este tratamiento de cinco pasos ofrece una aut\u00e9ntica transformaci\u00f3n reconstructora para el cabello muy da\u00f1ado.<\/p>\n","protected":false},"featured_media":4939,"comment_status":"open","ping_status":"closed","template":"","meta":[],"product_brand":[],"product_cat":[231,232],"product_tag":[],"class_list":{"0":"post-8536","1":"product","2":"type-product","3":"status-publish","4":"has-post-thumbnail","6":"product_cat-plastica-capilar","7":"product_cat-plastica-capilar-home-care","9":"first","10":"instock","11":"sale","12":"taxable","13":"shipping-taxable","14":"purchasable","15":"product-type-woosb"},"yoast_head":"<!-- This site is optimized with the Yoast SEO plugin v27.6 - https:\/\/yoast.com\/product\/yoast-seo-wordpress\/ -->\n<title>Pl\u00e1stica Capilar Home Care Kit 2 - Xcentric Beauty<\/title>\n<meta name=\"robots\" content=\"index, follow, max-snippet:-1, max-image-preview:large, max-video-preview:-1\" \/>\n<link rel=\"canonical\" href=\"https:\/\/www.xcentricbeauty.com\/es\/producto\/plastica-capilar-home-care-kit-2\/\" \/>\n<meta property=\"og:locale\" content=\"es_ES\" \/>\n<meta property=\"og:type\" content=\"article\" \/>\n<meta property=\"og:title\" content=\"Pl\u00e1stica Capilar Home Care Kit 2 - Xcentric Beauty\" \/>\n<meta property=\"og:description\" content=\"L\u00ednea Home Care para el tratamiento del cabello da\u00f1ado, dise\u00f1ada para restaurar la salud capilar sin alterar la estructura de la fibra. Sus activos nanoprocesados ofrecen resultados visibles en solo 20 minutos, dejando el cabello sedoso y suave. Enriquecida con microesferas de caviar, la Home Care Pl\u00e1stica Capilar ayuda a reconstruir la fibra capilar, restaurando su manto hidrolip\u00eddico, reponiendo las capas desgastadas y eliminando los signos de envejecimiento. Este tratamiento de cinco pasos ofrece una aut\u00e9ntica transformaci\u00f3n reconstructora para el cabello muy da\u00f1ado.\" \/>\n<meta property=\"og:url\" content=\"https:\/\/www.xcentricbeauty.com\/es\/producto\/plastica-capilar-home-care-kit-2\/\" \/>\n<meta property=\"og:site_name\" content=\"Xcentric Beauty\" \/>\n<meta property=\"og:image\" content=\"https:\/\/www.xcentricbeauty.com\/wp-content\/uploads\/2025\/06\/PLASTICA-HC-KIT-2-500ML.webp\" \/>\n\t<meta property=\"og:image:width\" content=\"797\" \/>\n\t<meta property=\"og:image:height\" content=\"535\" \/>\n\t<meta property=\"og:image:type\" content=\"image\/webp\" \/>\n<meta name=\"twitter:card\" content=\"summary_large_image\" \/>\n<meta name=\"twitter:label1\" content=\"Tiempo de lectura\" \/>\n\t<meta name=\"twitter:data1\" content=\"1 minuto\" \/>\n<script type=\"application\/ld+json\" class=\"yoast-schema-graph\">{\"@context\":\"https:\\\/\\\/schema.org\",\"@graph\":[{\"@type\":\"WebPage\",\"@id\":\"https:\\\/\\\/www.xcentricbeauty.com\\\/es\\\/producto\\\/plastica-capilar-home-care-kit-2\\\/\",\"url\":\"https:\\\/\\\/www.xcentricbeauty.com\\\/es\\\/producto\\\/plastica-capilar-home-care-kit-2\\\/\",\"name\":\"Pl\u00e1stica Capilar Home Care Kit 2 - Xcentric Beauty\",\"isPartOf\":{\"@id\":\"https:\\\/\\\/www.xcentricbeauty.com\\\/es\\\/#website\"},\"primaryImageOfPage\":{\"@id\":\"https:\\\/\\\/www.xcentricbeauty.com\\\/es\\\/producto\\\/plastica-capilar-home-care-kit-2\\\/#primaryimage\"},\"image\":{\"@id\":\"https:\\\/\\\/www.xcentricbeauty.com\\\/es\\\/producto\\\/plastica-capilar-home-care-kit-2\\\/#primaryimage\"},\"thumbnailUrl\":\"https:\\\/\\\/www.xcentricbeauty.com\\\/wp-content\\\/uploads\\\/2025\\\/06\\\/PLASTICA-HC-KIT-2-500ML.webp\",\"datePublished\":\"2025-06-10T20:27:21+00:00\",\"breadcrumb\":{\"@id\":\"https:\\\/\\\/www.xcentricbeauty.com\\\/es\\\/producto\\\/plastica-capilar-home-care-kit-2\\\/#breadcrumb\"},\"inLanguage\":\"es\",\"potentialAction\":[{\"@type\":\"ReadAction\",\"target\":[\"https:\\\/\\\/www.xcentricbeauty.com\\\/es\\\/producto\\\/plastica-capilar-home-care-kit-2\\\/\"]}]},{\"@type\":\"ImageObject\",\"inLanguage\":\"es\",\"@id\":\"https:\\\/\\\/www.xcentricbeauty.com\\\/es\\\/producto\\\/plastica-capilar-home-care-kit-2\\\/#primaryimage\",\"url\":\"https:\\\/\\\/www.xcentricbeauty.com\\\/wp-content\\\/uploads\\\/2025\\\/06\\\/PLASTICA-HC-KIT-2-500ML.webp\",\"contentUrl\":\"https:\\\/\\\/www.xcentricbeauty.com\\\/wp-content\\\/uploads\\\/2025\\\/06\\\/PLASTICA-HC-KIT-2-500ML.webp\",\"width\":797,\"height\":535},{\"@type\":\"BreadcrumbList\",\"@id\":\"https:\\\/\\\/www.xcentricbeauty.com\\\/es\\\/producto\\\/plastica-capilar-home-care-kit-2\\\/#breadcrumb\",\"itemListElement\":[{\"@type\":\"ListItem\",\"position\":1,\"name\":\"Home\",\"item\":\"https:\\\/\\\/www.xcentricbeauty.com\\\/es\\\/inicio\\\/\"},{\"@type\":\"ListItem\",\"position\":2,\"name\":\"Tienda\",\"item\":\"https:\\\/\\\/www.xcentricbeauty.com\\\/es\\\/tienda\\\/\"},{\"@type\":\"ListItem\",\"position\":3,\"name\":\"Pl\u00e1stica Capilar Home Care Kit 2\"}]},{\"@type\":\"WebSite\",\"@id\":\"https:\\\/\\\/www.xcentricbeauty.com\\\/es\\\/#website\",\"url\":\"https:\\\/\\\/www.xcentricbeauty.com\\\/es\\\/\",\"name\":\"Xcentric Beauty\",\"description\":\"Hair Products Shop\",\"potentialAction\":[{\"@type\":\"SearchAction\",\"target\":{\"@type\":\"EntryPoint\",\"urlTemplate\":\"https:\\\/\\\/www.xcentricbeauty.com\\\/es\\\/?s={search_term_string}\"},\"query-input\":{\"@type\":\"PropertyValueSpecification\",\"valueRequired\":true,\"valueName\":\"search_term_string\"}}],\"inLanguage\":\"es\"}]}<\/script>\n<!-- \/ Yoast SEO plugin. -->","yoast_head_json":{"title":"Pl\u00e1stica Capilar Home Care Kit 2 - Xcentric Beauty","robots":{"index":"index","follow":"follow","max-snippet":"max-snippet:-1","max-image-preview":"max-image-preview:large","max-video-preview":"max-video-preview:-1"},"canonical":"https:\/\/www.xcentricbeauty.com\/es\/producto\/plastica-capilar-home-care-kit-2\/","og_locale":"es_ES","og_type":"article","og_title":"Pl\u00e1stica Capilar Home Care Kit 2 - Xcentric Beauty","og_description":"L\u00ednea Home Care para el tratamiento del cabello da\u00f1ado, dise\u00f1ada para restaurar la salud capilar sin alterar la estructura de la fibra. Sus activos nanoprocesados ofrecen resultados visibles en solo 20 minutos, dejando el cabello sedoso y suave. Enriquecida con microesferas de caviar, la Home Care Pl\u00e1stica Capilar ayuda a reconstruir la fibra capilar, restaurando su manto hidrolip\u00eddico, reponiendo las capas desgastadas y eliminando los signos de envejecimiento. Este tratamiento de cinco pasos ofrece una aut\u00e9ntica transformaci\u00f3n reconstructora para el cabello muy da\u00f1ado.","og_url":"https:\/\/www.xcentricbeauty.com\/es\/producto\/plastica-capilar-home-care-kit-2\/","og_site_name":"Xcentric Beauty","og_image":[{"width":797,"height":535,"url":"https:\/\/www.xcentricbeauty.com\/wp-content\/uploads\/2025\/06\/PLASTICA-HC-KIT-2-500ML.webp","type":"image\/webp"}],"twitter_card":"summary_large_image","twitter_misc":{"Tiempo de lectura":"1 minuto"},"schema":{"@context":"https:\/\/schema.org","@graph":[{"@type":"WebPage","@id":"https:\/\/www.xcentricbeauty.com\/es\/producto\/plastica-capilar-home-care-kit-2\/","url":"https:\/\/www.xcentricbeauty.com\/es\/producto\/plastica-capilar-home-care-kit-2\/","name":"Pl\u00e1stica Capilar Home Care Kit 2 - Xcentric Beauty","isPartOf":{"@id":"https:\/\/www.xcentricbeauty.com\/es\/#website"},"primaryImageOfPage":{"@id":"https:\/\/www.xcentricbeauty.com\/es\/producto\/plastica-capilar-home-care-kit-2\/#primaryimage"},"image":{"@id":"https:\/\/www.xcentricbeauty.com\/es\/producto\/plastica-capilar-home-care-kit-2\/#primaryimage"},"thumbnailUrl":"https:\/\/www.xcentricbeauty.com\/wp-content\/uploads\/2025\/06\/PLASTICA-HC-KIT-2-500ML.webp","datePublished":"2025-06-10T20:27:21+00:00","breadcrumb":{"@id":"https:\/\/www.xcentricbeauty.com\/es\/producto\/plastica-capilar-home-care-kit-2\/#breadcrumb"},"inLanguage":"es","potentialAction":[{"@type":"ReadAction","target":["https:\/\/www.xcentricbeauty.com\/es\/producto\/plastica-capilar-home-care-kit-2\/"]}]},{"@type":"ImageObject","inLanguage":"es","@id":"https:\/\/www.xcentricbeauty.com\/es\/producto\/plastica-capilar-home-care-kit-2\/#primaryimage","url":"https:\/\/www.xcentricbeauty.com\/wp-content\/uploads\/2025\/06\/PLASTICA-HC-KIT-2-500ML.webp","contentUrl":"https:\/\/www.xcentricbeauty.com\/wp-content\/uploads\/2025\/06\/PLASTICA-HC-KIT-2-500ML.webp","width":797,"height":535},{"@type":"BreadcrumbList","@id":"https:\/\/www.xcentricbeauty.com\/es\/producto\/plastica-capilar-home-care-kit-2\/#breadcrumb","itemListElement":[{"@type":"ListItem","position":1,"name":"Home","item":"https:\/\/www.xcentricbeauty.com\/es\/inicio\/"},{"@type":"ListItem","position":2,"name":"Tienda","item":"https:\/\/www.xcentricbeauty.com\/es\/tienda\/"},{"@type":"ListItem","position":3,"name":"Pl\u00e1stica Capilar Home Care Kit 2"}]},{"@type":"WebSite","@id":"https:\/\/www.xcentricbeauty.com\/es\/#website","url":"https:\/\/www.xcentricbeauty.com\/es\/","name":"Xcentric Beauty","description":"Hair Products Shop","potentialAction":[{"@type":"SearchAction","target":{"@type":"EntryPoint","urlTemplate":"https:\/\/www.xcentricbeauty.com\/es\/?s={search_term_string}"},"query-input":{"@type":"PropertyValueSpecification","valueRequired":true,"valueName":"search_term_string"}}],"inLanguage":"es"}]}},"_links":{"self":[{"href":"https:\/\/www.xcentricbeauty.com\/es\/wp-json\/wp\/v2\/product\/8536","targetHints":{"allow":["GET"]}}],"collection":[{"href":"https:\/\/www.xcentricbeauty.com\/es\/wp-json\/wp\/v2\/product"}],"about":[{"href":"https:\/\/www.xcentricbeauty.com\/es\/wp-json\/wp\/v2\/types\/product"}],"replies":[{"embeddable":true,"href":"https:\/\/www.xcentricbeauty.com\/es\/wp-json\/wp\/v2\/comments?post=8536"}],"wp:featuredmedia":[{"embeddable":true,"href":"https:\/\/www.xcentricbeauty.com\/es\/wp-json\/wp\/v2\/media\/4939"}],"wp:attachment":[{"href":"https:\/\/www.xcentricbeauty.com\/es\/wp-json\/wp\/v2\/media?parent=8536"}],"wp:term":[{"taxonomy":"product_brand","embeddable":true,"href":"https:\/\/www.xcentricbeauty.com\/es\/wp-json\/wp\/v2\/product_brand?post=8536"},{"taxonomy":"product_cat","embeddable":true,"href":"https:\/\/www.xcentricbeauty.com\/es\/wp-json\/wp\/v2\/product_cat?post=8536"},{"taxonomy":"product_tag","embeddable":true,"href":"https:\/\/www.xcentricbeauty.com\/es\/wp-json\/wp\/v2\/product_tag?post=8536"}],"curies":[{"name":"wp","href":"https:\/\/api.w.org\/{rel}","templated":true}]}}