{"id":8521,"date":"2025-06-13T20:14:08","date_gmt":"2025-06-14T04:14:08","guid":{"rendered":"https:\/\/www.xcentricbeauty.com\/product\/kit-profesional-celebration\/"},"modified":"2025-06-13T20:14:08","modified_gmt":"2025-06-14T04:14:08","slug":"kit-profesional-celebration","status":"publish","type":"product","link":"https:\/\/www.xcentricbeauty.com\/es\/producto\/kit-profesional-celebration\/","title":{"rendered":"Kit Profesional Celebration"},"content":{"rendered":"<p>La decoloraci\u00f3n, las mechas y el balayage son los tratamientos m\u00e1s habituales en los salones de belleza. Este tipo de servicios conlleva una p\u00e9rdida significativa de prote\u00ednas y agua, lo que puede causar fragilidad, una textura chiclosa y otros problemas capilares. Estos efectos no solo dependen de la t\u00e9cnica del profesional o de la calidad del producto utilizado, sino tambi\u00e9n de todo el historial qu\u00edmico de la fibra capilar, el estado de la cut\u00edcula e incluso la salud general del cliente.<br \/>\nCon esto en mente, y para ofrecer a los estilistas una mayor confianza en estos procesos, hemos combinado la tecnolog\u00eda de Ecosmetics con la experiencia de Gisele Quintino para crear la l\u00ednea Celebration, una gama de productos dise\u00f1ados espec\u00edficamente para tratamientos post-aclarado y cabellos debilitados qu\u00edmicamente. Esta l\u00ednea tiene como objetivo restaurar la elasticidad y la resistencia desde la primera aplicaci\u00f3n, as\u00ed como estabilizar el pH del cabello, reparar los da\u00f1os y aportar nutrici\u00f3n, todo en tres pasos.   <\/p>\n<p>&nbsp;<\/p>\n","protected":false},"excerpt":{"rendered":"<p>La decoloraci\u00f3n, las mechas y el balayage son los tratamientos m\u00e1s habituales en los salones de belleza. Este tipo de servicios conlleva una p\u00e9rdida significativa de prote\u00ednas y agua, lo que puede causar fragilidad, una textura chiclosa y otros problemas capilares. Estos efectos no solo dependen de la t\u00e9cnica del profesional o de la calidad del producto utilizado, sino tambi\u00e9n de todo el historial qu\u00edmico de la fibra capilar, el estado de la cut\u00edcula e incluso la salud general del cliente.  <\/p>\n","protected":false},"featured_media":5181,"comment_status":"open","ping_status":"closed","template":"","meta":[],"product_brand":[],"product_cat":[229],"product_tag":[],"class_list":{"0":"post-8521","1":"product","2":"type-product","3":"status-publish","4":"has-post-thumbnail","6":"product_cat-celebration","8":"first","9":"instock","10":"sale","11":"taxable","12":"shipping-taxable","13":"purchasable","14":"product-type-woosb"},"yoast_head":"<!-- This site is optimized with the Yoast SEO plugin v27.6 - https:\/\/yoast.com\/product\/yoast-seo-wordpress\/ -->\n<title>Kit Profesional Celebration - Xcentric Beauty<\/title>\n<meta name=\"robots\" content=\"index, follow, max-snippet:-1, max-image-preview:large, max-video-preview:-1\" \/>\n<link rel=\"canonical\" href=\"https:\/\/www.xcentricbeauty.com\/es\/producto\/kit-profesional-celebration\/\" \/>\n<meta property=\"og:locale\" content=\"es_ES\" \/>\n<meta property=\"og:type\" content=\"article\" \/>\n<meta property=\"og:title\" content=\"Kit Profesional Celebration - Xcentric Beauty\" \/>\n<meta property=\"og:description\" content=\"La decoloraci\u00f3n, las mechas y el balayage son los tratamientos m\u00e1s habituales en los salones de belleza. Este tipo de servicios conlleva una p\u00e9rdida significativa de prote\u00ednas y agua, lo que puede causar fragilidad, una textura chiclosa y otros problemas capilares. Estos efectos no solo dependen de la t\u00e9cnica del profesional o de la calidad del producto utilizado, sino tambi\u00e9n de todo el historial qu\u00edmico de la fibra capilar, el estado de la cut\u00edcula e incluso la salud general del cliente.\" \/>\n<meta property=\"og:url\" content=\"https:\/\/www.xcentricbeauty.com\/es\/producto\/kit-profesional-celebration\/\" \/>\n<meta property=\"og:site_name\" content=\"Xcentric Beauty\" \/>\n<meta property=\"og:image\" content=\"https:\/\/www.xcentricbeauty.com\/wp-content\/uploads\/2025\/06\/kit-professional-1.webp\" \/>\n\t<meta property=\"og:image:width\" content=\"2491\" \/>\n\t<meta property=\"og:image:height\" content=\"1672\" \/>\n\t<meta property=\"og:image:type\" content=\"image\/webp\" \/>\n<meta name=\"twitter:card\" content=\"summary_large_image\" \/>\n<meta name=\"twitter:label1\" content=\"Tiempo de lectura\" \/>\n\t<meta name=\"twitter:data1\" content=\"1 minuto\" \/>\n<script type=\"application\/ld+json\" class=\"yoast-schema-graph\">{\"@context\":\"https:\\\/\\\/schema.org\",\"@graph\":[{\"@type\":\"WebPage\",\"@id\":\"https:\\\/\\\/www.xcentricbeauty.com\\\/es\\\/producto\\\/kit-profesional-celebration\\\/\",\"url\":\"https:\\\/\\\/www.xcentricbeauty.com\\\/es\\\/producto\\\/kit-profesional-celebration\\\/\",\"name\":\"Kit Profesional Celebration - Xcentric Beauty\",\"isPartOf\":{\"@id\":\"https:\\\/\\\/www.xcentricbeauty.com\\\/es\\\/#website\"},\"primaryImageOfPage\":{\"@id\":\"https:\\\/\\\/www.xcentricbeauty.com\\\/es\\\/producto\\\/kit-profesional-celebration\\\/#primaryimage\"},\"image\":{\"@id\":\"https:\\\/\\\/www.xcentricbeauty.com\\\/es\\\/producto\\\/kit-profesional-celebration\\\/#primaryimage\"},\"thumbnailUrl\":\"https:\\\/\\\/www.xcentricbeauty.com\\\/wp-content\\\/uploads\\\/2025\\\/06\\\/kit-professional-1.webp\",\"datePublished\":\"2025-06-14T04:14:08+00:00\",\"breadcrumb\":{\"@id\":\"https:\\\/\\\/www.xcentricbeauty.com\\\/es\\\/producto\\\/kit-profesional-celebration\\\/#breadcrumb\"},\"inLanguage\":\"es\",\"potentialAction\":[{\"@type\":\"ReadAction\",\"target\":[\"https:\\\/\\\/www.xcentricbeauty.com\\\/es\\\/producto\\\/kit-profesional-celebration\\\/\"]}]},{\"@type\":\"ImageObject\",\"inLanguage\":\"es\",\"@id\":\"https:\\\/\\\/www.xcentricbeauty.com\\\/es\\\/producto\\\/kit-profesional-celebration\\\/#primaryimage\",\"url\":\"https:\\\/\\\/www.xcentricbeauty.com\\\/wp-content\\\/uploads\\\/2025\\\/06\\\/kit-professional-1.webp\",\"contentUrl\":\"https:\\\/\\\/www.xcentricbeauty.com\\\/wp-content\\\/uploads\\\/2025\\\/06\\\/kit-professional-1.webp\",\"width\":2491,\"height\":1672},{\"@type\":\"BreadcrumbList\",\"@id\":\"https:\\\/\\\/www.xcentricbeauty.com\\\/es\\\/producto\\\/kit-profesional-celebration\\\/#breadcrumb\",\"itemListElement\":[{\"@type\":\"ListItem\",\"position\":1,\"name\":\"Home\",\"item\":\"https:\\\/\\\/www.xcentricbeauty.com\\\/es\\\/inicio\\\/\"},{\"@type\":\"ListItem\",\"position\":2,\"name\":\"Tienda\",\"item\":\"https:\\\/\\\/www.xcentricbeauty.com\\\/es\\\/tienda\\\/\"},{\"@type\":\"ListItem\",\"position\":3,\"name\":\"Kit Profesional Celebration\"}]},{\"@type\":\"WebSite\",\"@id\":\"https:\\\/\\\/www.xcentricbeauty.com\\\/es\\\/#website\",\"url\":\"https:\\\/\\\/www.xcentricbeauty.com\\\/es\\\/\",\"name\":\"Xcentric Beauty\",\"description\":\"Hair Products Shop\",\"potentialAction\":[{\"@type\":\"SearchAction\",\"target\":{\"@type\":\"EntryPoint\",\"urlTemplate\":\"https:\\\/\\\/www.xcentricbeauty.com\\\/es\\\/?s={search_term_string}\"},\"query-input\":{\"@type\":\"PropertyValueSpecification\",\"valueRequired\":true,\"valueName\":\"search_term_string\"}}],\"inLanguage\":\"es\"}]}<\/script>\n<!-- \/ Yoast SEO plugin. -->","yoast_head_json":{"title":"Kit Profesional Celebration - Xcentric Beauty","robots":{"index":"index","follow":"follow","max-snippet":"max-snippet:-1","max-image-preview":"max-image-preview:large","max-video-preview":"max-video-preview:-1"},"canonical":"https:\/\/www.xcentricbeauty.com\/es\/producto\/kit-profesional-celebration\/","og_locale":"es_ES","og_type":"article","og_title":"Kit Profesional Celebration - Xcentric Beauty","og_description":"La decoloraci\u00f3n, las mechas y el balayage son los tratamientos m\u00e1s habituales en los salones de belleza. Este tipo de servicios conlleva una p\u00e9rdida significativa de prote\u00ednas y agua, lo que puede causar fragilidad, una textura chiclosa y otros problemas capilares. Estos efectos no solo dependen de la t\u00e9cnica del profesional o de la calidad del producto utilizado, sino tambi\u00e9n de todo el historial qu\u00edmico de la fibra capilar, el estado de la cut\u00edcula e incluso la salud general del cliente.","og_url":"https:\/\/www.xcentricbeauty.com\/es\/producto\/kit-profesional-celebration\/","og_site_name":"Xcentric Beauty","og_image":[{"width":2491,"height":1672,"url":"https:\/\/www.xcentricbeauty.com\/wp-content\/uploads\/2025\/06\/kit-professional-1.webp","type":"image\/webp"}],"twitter_card":"summary_large_image","twitter_misc":{"Tiempo de lectura":"1 minuto"},"schema":{"@context":"https:\/\/schema.org","@graph":[{"@type":"WebPage","@id":"https:\/\/www.xcentricbeauty.com\/es\/producto\/kit-profesional-celebration\/","url":"https:\/\/www.xcentricbeauty.com\/es\/producto\/kit-profesional-celebration\/","name":"Kit Profesional Celebration - Xcentric Beauty","isPartOf":{"@id":"https:\/\/www.xcentricbeauty.com\/es\/#website"},"primaryImageOfPage":{"@id":"https:\/\/www.xcentricbeauty.com\/es\/producto\/kit-profesional-celebration\/#primaryimage"},"image":{"@id":"https:\/\/www.xcentricbeauty.com\/es\/producto\/kit-profesional-celebration\/#primaryimage"},"thumbnailUrl":"https:\/\/www.xcentricbeauty.com\/wp-content\/uploads\/2025\/06\/kit-professional-1.webp","datePublished":"2025-06-14T04:14:08+00:00","breadcrumb":{"@id":"https:\/\/www.xcentricbeauty.com\/es\/producto\/kit-profesional-celebration\/#breadcrumb"},"inLanguage":"es","potentialAction":[{"@type":"ReadAction","target":["https:\/\/www.xcentricbeauty.com\/es\/producto\/kit-profesional-celebration\/"]}]},{"@type":"ImageObject","inLanguage":"es","@id":"https:\/\/www.xcentricbeauty.com\/es\/producto\/kit-profesional-celebration\/#primaryimage","url":"https:\/\/www.xcentricbeauty.com\/wp-content\/uploads\/2025\/06\/kit-professional-1.webp","contentUrl":"https:\/\/www.xcentricbeauty.com\/wp-content\/uploads\/2025\/06\/kit-professional-1.webp","width":2491,"height":1672},{"@type":"BreadcrumbList","@id":"https:\/\/www.xcentricbeauty.com\/es\/producto\/kit-profesional-celebration\/#breadcrumb","itemListElement":[{"@type":"ListItem","position":1,"name":"Home","item":"https:\/\/www.xcentricbeauty.com\/es\/inicio\/"},{"@type":"ListItem","position":2,"name":"Tienda","item":"https:\/\/www.xcentricbeauty.com\/es\/tienda\/"},{"@type":"ListItem","position":3,"name":"Kit Profesional Celebration"}]},{"@type":"WebSite","@id":"https:\/\/www.xcentricbeauty.com\/es\/#website","url":"https:\/\/www.xcentricbeauty.com\/es\/","name":"Xcentric Beauty","description":"Hair Products Shop","potentialAction":[{"@type":"SearchAction","target":{"@type":"EntryPoint","urlTemplate":"https:\/\/www.xcentricbeauty.com\/es\/?s={search_term_string}"},"query-input":{"@type":"PropertyValueSpecification","valueRequired":true,"valueName":"search_term_string"}}],"inLanguage":"es"}]}},"_links":{"self":[{"href":"https:\/\/www.xcentricbeauty.com\/es\/wp-json\/wp\/v2\/product\/8521","targetHints":{"allow":["GET"]}}],"collection":[{"href":"https:\/\/www.xcentricbeauty.com\/es\/wp-json\/wp\/v2\/product"}],"about":[{"href":"https:\/\/www.xcentricbeauty.com\/es\/wp-json\/wp\/v2\/types\/product"}],"replies":[{"embeddable":true,"href":"https:\/\/www.xcentricbeauty.com\/es\/wp-json\/wp\/v2\/comments?post=8521"}],"wp:featuredmedia":[{"embeddable":true,"href":"https:\/\/www.xcentricbeauty.com\/es\/wp-json\/wp\/v2\/media\/5181"}],"wp:attachment":[{"href":"https:\/\/www.xcentricbeauty.com\/es\/wp-json\/wp\/v2\/media?parent=8521"}],"wp:term":[{"taxonomy":"product_brand","embeddable":true,"href":"https:\/\/www.xcentricbeauty.com\/es\/wp-json\/wp\/v2\/product_brand?post=8521"},{"taxonomy":"product_cat","embeddable":true,"href":"https:\/\/www.xcentricbeauty.com\/es\/wp-json\/wp\/v2\/product_cat?post=8521"},{"taxonomy":"product_tag","embeddable":true,"href":"https:\/\/www.xcentricbeauty.com\/es\/wp-json\/wp\/v2\/product_tag?post=8521"}],"curies":[{"name":"wp","href":"https:\/\/api.w.org\/{rel}","templated":true}]}}