{"id":8518,"date":"2025-06-13T17:12:46","date_gmt":"2025-06-14T01:12:46","guid":{"rendered":"https:\/\/www.xcentricbeauty.com\/product\/kit-profesional-florestas-brasileiras\/"},"modified":"2025-06-13T17:12:46","modified_gmt":"2025-06-14T01:12:46","slug":"kit-profesional-florestas-brasileiras","status":"publish","type":"product","link":"https:\/\/www.xcentricbeauty.com\/es\/producto\/kit-profesional-florestas-brasileiras\/","title":{"rendered":"Kit Profesional Florestas Brasileiras"},"content":{"rendered":"<p>La l\u00ednea Florestas Brasileiras es la innovaci\u00f3n m\u00e1s moderna en cosmetolog\u00eda a nivel mundial. Desarrollamos productos multifuncionales que promueven la salud, la belleza y el bienestar a trav\u00e9s de tratamientos de Terapia Capilar y Aromaterapia.<br \/>\nEstos productos tienen un efecto terap\u00e9utico gracias a la sinergia entre sus principios activos y otros componentes de su formulaci\u00f3n. Esta funci\u00f3n ayuda a los profesionales a tratar, prevenir, corregir y reducir posibles disfunciones del cuero cabelludo y del tallo capilar, manteniendo sano el cabello de los clientes\/pacientes. <\/p>\n","protected":false},"excerpt":{"rendered":"<p>La l\u00ednea Florestas Brasileiras es la innovaci\u00f3n m\u00e1s moderna en cosmetolog\u00eda a nivel mundial. Desarrollamos productos multifuncionales que promueven la salud, la belleza y el bienestar a trav\u00e9s de tratamientos de Terapia Capilar y Aromaterapia.<br \/>\nEstos productos tienen un efecto terap\u00e9utico gracias a la sinergia entre sus principios activos y otros componentes de su formulaci\u00f3n. Esta funci\u00f3n ayuda a los profesionales a tratar, prevenir, corregir y reducir posibles disfunciones del cuero cabelludo y del tallo capilar, manteniendo sano el cabello de los clientes\/pacientes. <\/p>\n<p>Este kit incluye:<\/p>\n<p><strong>1- Exfoliante 220 ml: <\/strong>Indicado para la limpieza profunda del cuero cabelludo, ya que ayuda a preparar la aplicaci\u00f3n de los aceites esenciales Florestas Brasileiras, facilitando la limpieza del ostium folicular para que el activo tenga mayor permeabilidad y una acci\u00f3n m\u00e1s r\u00e1pida.<\/p>\n<p><strong>1- Agua de Lemongrass 140 ml:<\/strong> Est\u00e1 indicada para todo tipo de piel, cabello y cuero cabelludo, incluidos ancianos y ni\u00f1os.<\/p>\n<p><strong>1- Aceites Vegetales 60 ml:<\/strong> Indicado para ser usado como aceite portador para vehiculizar aceites esenciales en terapias. Dado que los aceites esenciales est\u00e1n muy concentrados, se recomienda diluirlos en un aceite portador. <\/p>\n<p><strong>1- Aceite Esencial de Menta<\/strong> <strong>4,5 ml: <\/strong>Indicado para cualquier tipo de cabello que necesite limpieza, estimulando y activando la circulaci\u00f3n del cuero cabelludo. Adem\u00e1s de ser ideal para la falta de hidrataci\u00f3n y la sequedad, puede calmar la piel. <\/p>\n<p><strong>1- Aceite Esencial de Jengibre 4,5 ml:<\/strong> Indicado para el encrespamiento, cabellos da\u00f1ados, secos, quebradizos, finos, alisados, relajados o tratados qu\u00edmicamente, adem\u00e1s de cabellos grises y blancos.<\/p>\n<p><strong>1- Aceite Esencial de Pimienta Brasile\u00f1a 4,5 ml: <\/strong>Se recomienda para cabellos lisos y rizados, quebradizos y finos.<\/p>\n<p><strong>1- Aceite Esencial de Romero 4,5 ml: <\/strong>Recomendado para todo tipo de cabellos, incluidos los grasos.<\/p>\n<p><strong>1- Champ\u00fa 500 ml:<\/strong> Este champ\u00fa limpia el cuero cabelludo y el cabello a la vez que contribuye a mejorar la circulaci\u00f3n y la oxigenaci\u00f3n, as\u00ed como a la regeneraci\u00f3n, protecci\u00f3n y equilibrio de la microbiota, entre otros beneficios.<\/p>\n<p><strong>1- Mascarilla de Reconstrucci\u00f3n 1 l: <\/strong>Se recomienda para cabellos secos, da\u00f1ados y tratados qu\u00edmicamente.<\/p>\n<p><strong>1- Mascarilla de Nutrici\u00f3n 1 l:<\/strong> Indicada para cabellos desalineados, con encrespamiento, sin definici\u00f3n, apagados y con volumen, cabellos que se enredan f\u00e1cilmente o que han pasado por procedimientos qu\u00edmicos como tintes y alisados. Tambi\u00e9n puede usarse solo para devolver los nutrientes perdidos en el d\u00eda a d\u00eda. <\/p>\n<p><strong>1- Mascarilla de Hidrataci\u00f3n 1 l: <\/strong>Esencial para todo tipo de cabellos, especialmente para cabellos apagados y sin brillo.<\/p>\n<p><strong>1- Mascarilla de Reparaci\u00f3n 1 l: <\/strong> Indicada para cabellos da\u00f1ados que han pasado por procedimientos qu\u00edmicos.<\/p>\n<p><strong>1- S\u00e9rum 140 ml: <\/strong>Su funci\u00f3n es ayudar a desenredar el cabello, disminuir la fricci\u00f3n entre el peine y el pelo, reducir la rotura, controlar el encrespamiento y el volumen, y alinear las cut\u00edculas, protegi\u00e9ndolas contra factores externos y mec\u00e1nicos.<\/p>\n<p>&nbsp;<\/p>\n<p>&nbsp;<\/p>\n","protected":false},"featured_media":5444,"comment_status":"open","ping_status":"closed","template":"","meta":[],"product_brand":[],"product_cat":[228],"product_tag":[],"class_list":{"0":"post-8518","1":"product","2":"type-product","3":"status-publish","4":"has-post-thumbnail","6":"product_cat-florestas-brasileiras","7":"pa_size-ml-1-l","8":"pa_size-ml-227","10":"first","11":"instock","12":"taxable","13":"shipping-taxable","14":"purchasable","15":"product-type-simple"},"yoast_head":"<!-- This site is optimized with the Yoast SEO plugin v27.6 - https:\/\/yoast.com\/product\/yoast-seo-wordpress\/ -->\n<title>Kit Profesional Florestas Brasileiras - Xcentric Beauty<\/title>\n<meta name=\"robots\" content=\"index, follow, max-snippet:-1, max-image-preview:large, max-video-preview:-1\" \/>\n<link rel=\"canonical\" href=\"https:\/\/www.xcentricbeauty.com\/es\/producto\/kit-profesional-florestas-brasileiras\/\" \/>\n<meta property=\"og:locale\" content=\"es_ES\" \/>\n<meta property=\"og:type\" content=\"article\" \/>\n<meta property=\"og:title\" content=\"Kit Profesional Florestas Brasileiras - Xcentric Beauty\" \/>\n<meta property=\"og:description\" content=\"La l\u00ednea Florestas Brasileiras es la innovaci\u00f3n m\u00e1s moderna en cosmetolog\u00eda a nivel mundial. Desarrollamos productos multifuncionales que promueven la salud, la belleza y el bienestar a trav\u00e9s de tratamientos de Terapia Capilar y Aromaterapia. Estos productos tienen un efecto terap\u00e9utico gracias a la sinergia entre sus principios activos y otros componentes de su formulaci\u00f3n. Esta funci\u00f3n ayuda a los profesionales a tratar, prevenir, corregir y reducir posibles disfunciones del cuero cabelludo y del tallo capilar, manteniendo sano el cabello de los clientes\/pacientes.  Este kit incluye: 1- Exfoliante 220 ml: Indicado para la limpieza profunda del cuero cabelludo, ya que ayuda a preparar la aplicaci\u00f3n de los aceites esenciales Florestas Brasileiras, facilitando la limpieza del ostium folicular para que el activo tenga mayor permeabilidad y una acci\u00f3n m\u00e1s r\u00e1pida. 1- Agua de Lemongrass 140 ml: Est\u00e1 indicada para todo tipo de piel, cabello y cuero cabelludo, incluidos ancianos y ni\u00f1os. 1- Aceites Vegetales 60 ml: Indicado para ser usado como aceite portador para vehiculizar aceites esenciales en terapias. Dado que los aceites esenciales est\u00e1n muy concentrados, se recomienda diluirlos en un aceite portador.  1- Aceite Esencial de Menta 4,5 ml: Indicado para cualquier tipo de cabello que necesite limpieza, estimulando y activando la circulaci\u00f3n del cuero cabelludo. Adem\u00e1s de ser ideal para la falta de hidrataci\u00f3n y la sequedad, puede calmar la piel.  1- Aceite Esencial de Jengibre 4,5 ml: Indicado para el encrespamiento, cabellos da\u00f1ados, secos, quebradizos, finos, alisados, relajados o tratados qu\u00edmicamente, adem\u00e1s de cabellos grises y blancos. 1- Aceite Esencial de Pimienta Brasile\u00f1a 4,5 ml: Se recomienda para cabellos lisos y rizados, quebradizos y finos. 1- Aceite Esencial de Romero 4,5 ml: Recomendado para todo tipo de cabellos, incluidos los grasos. 1- Champ\u00fa 500 ml: Este champ\u00fa limpia el cuero cabelludo y el cabello a la vez que contribuye a mejorar la circulaci\u00f3n y la oxigenaci\u00f3n, as\u00ed como a la regeneraci\u00f3n, protecci\u00f3n y equilibrio de la microbiota, entre otros beneficios. 1- Mascarilla de Reconstrucci\u00f3n 1 l: Se recomienda para cabellos secos, da\u00f1ados y tratados qu\u00edmicamente. 1- Mascarilla de Nutrici\u00f3n 1 l: Indicada para cabellos desalineados, con encrespamiento, sin definici\u00f3n, apagados y con volumen, cabellos que se enredan f\u00e1cilmente o que han pasado por procedimientos qu\u00edmicos como tintes y alisados. Tambi\u00e9n puede usarse solo para devolver los nutrientes perdidos en el d\u00eda a d\u00eda.  1- Mascarilla de Hidrataci\u00f3n 1 l: Esencial para todo tipo de cabellos, especialmente para cabellos apagados y sin brillo. 1- Mascarilla de Reparaci\u00f3n 1 l: Indicada para cabellos da\u00f1ados que han pasado por procedimientos qu\u00edmicos. 1- S\u00e9rum 140 ml: Su funci\u00f3n es ayudar a desenredar el cabello, disminuir la fricci\u00f3n entre el peine y el pelo, reducir la rotura, controlar el encrespamiento y el volumen, y alinear las cut\u00edculas, protegi\u00e9ndolas contra factores externos y mec\u00e1nicos. &nbsp; &nbsp;\" \/>\n<meta property=\"og:url\" content=\"https:\/\/www.xcentricbeauty.com\/es\/producto\/kit-profesional-florestas-brasileiras\/\" \/>\n<meta property=\"og:site_name\" content=\"Xcentric Beauty\" \/>\n<meta property=\"og:image\" content=\"https:\/\/www.xcentricbeauty.com\/wp-content\/uploads\/2025\/06\/florestabrasileira.png\" \/>\n\t<meta property=\"og:image:width\" content=\"797\" \/>\n\t<meta property=\"og:image:height\" content=\"535\" \/>\n\t<meta property=\"og:image:type\" content=\"image\/png\" \/>\n<meta name=\"twitter:card\" content=\"summary_large_image\" \/>\n<script type=\"application\/ld+json\" class=\"yoast-schema-graph\">{\"@context\":\"https:\\\/\\\/schema.org\",\"@graph\":[{\"@type\":\"WebPage\",\"@id\":\"https:\\\/\\\/www.xcentricbeauty.com\\\/es\\\/producto\\\/kit-profesional-florestas-brasileiras\\\/\",\"url\":\"https:\\\/\\\/www.xcentricbeauty.com\\\/es\\\/producto\\\/kit-profesional-florestas-brasileiras\\\/\",\"name\":\"Kit Profesional Florestas Brasileiras - Xcentric Beauty\",\"isPartOf\":{\"@id\":\"https:\\\/\\\/www.xcentricbeauty.com\\\/es\\\/#website\"},\"primaryImageOfPage\":{\"@id\":\"https:\\\/\\\/www.xcentricbeauty.com\\\/es\\\/producto\\\/kit-profesional-florestas-brasileiras\\\/#primaryimage\"},\"image\":{\"@id\":\"https:\\\/\\\/www.xcentricbeauty.com\\\/es\\\/producto\\\/kit-profesional-florestas-brasileiras\\\/#primaryimage\"},\"thumbnailUrl\":\"https:\\\/\\\/www.xcentricbeauty.com\\\/wp-content\\\/uploads\\\/2025\\\/06\\\/florestabrasileira.png\",\"datePublished\":\"2025-06-14T01:12:46+00:00\",\"breadcrumb\":{\"@id\":\"https:\\\/\\\/www.xcentricbeauty.com\\\/es\\\/producto\\\/kit-profesional-florestas-brasileiras\\\/#breadcrumb\"},\"inLanguage\":\"es\",\"potentialAction\":[{\"@type\":\"ReadAction\",\"target\":[\"https:\\\/\\\/www.xcentricbeauty.com\\\/es\\\/producto\\\/kit-profesional-florestas-brasileiras\\\/\"]}]},{\"@type\":\"ImageObject\",\"inLanguage\":\"es\",\"@id\":\"https:\\\/\\\/www.xcentricbeauty.com\\\/es\\\/producto\\\/kit-profesional-florestas-brasileiras\\\/#primaryimage\",\"url\":\"https:\\\/\\\/www.xcentricbeauty.com\\\/wp-content\\\/uploads\\\/2025\\\/06\\\/florestabrasileira.png\",\"contentUrl\":\"https:\\\/\\\/www.xcentricbeauty.com\\\/wp-content\\\/uploads\\\/2025\\\/06\\\/florestabrasileira.png\",\"width\":797,\"height\":535},{\"@type\":\"BreadcrumbList\",\"@id\":\"https:\\\/\\\/www.xcentricbeauty.com\\\/es\\\/producto\\\/kit-profesional-florestas-brasileiras\\\/#breadcrumb\",\"itemListElement\":[{\"@type\":\"ListItem\",\"position\":1,\"name\":\"Home\",\"item\":\"https:\\\/\\\/www.xcentricbeauty.com\\\/es\\\/inicio\\\/\"},{\"@type\":\"ListItem\",\"position\":2,\"name\":\"Tienda\",\"item\":\"https:\\\/\\\/www.xcentricbeauty.com\\\/es\\\/tienda\\\/\"},{\"@type\":\"ListItem\",\"position\":3,\"name\":\"Kit Profesional Florestas Brasileiras\"}]},{\"@type\":\"WebSite\",\"@id\":\"https:\\\/\\\/www.xcentricbeauty.com\\\/es\\\/#website\",\"url\":\"https:\\\/\\\/www.xcentricbeauty.com\\\/es\\\/\",\"name\":\"Xcentric Beauty\",\"description\":\"Hair Products Shop\",\"potentialAction\":[{\"@type\":\"SearchAction\",\"target\":{\"@type\":\"EntryPoint\",\"urlTemplate\":\"https:\\\/\\\/www.xcentricbeauty.com\\\/es\\\/?s={search_term_string}\"},\"query-input\":{\"@type\":\"PropertyValueSpecification\",\"valueRequired\":true,\"valueName\":\"search_term_string\"}}],\"inLanguage\":\"es\"}]}<\/script>\n<!-- \/ Yoast SEO plugin. -->","yoast_head_json":{"title":"Kit Profesional Florestas Brasileiras - Xcentric Beauty","robots":{"index":"index","follow":"follow","max-snippet":"max-snippet:-1","max-image-preview":"max-image-preview:large","max-video-preview":"max-video-preview:-1"},"canonical":"https:\/\/www.xcentricbeauty.com\/es\/producto\/kit-profesional-florestas-brasileiras\/","og_locale":"es_ES","og_type":"article","og_title":"Kit Profesional Florestas Brasileiras - Xcentric Beauty","og_description":"La l\u00ednea Florestas Brasileiras es la innovaci\u00f3n m\u00e1s moderna en cosmetolog\u00eda a nivel mundial. Desarrollamos productos multifuncionales que promueven la salud, la belleza y el bienestar a trav\u00e9s de tratamientos de Terapia Capilar y Aromaterapia. Estos productos tienen un efecto terap\u00e9utico gracias a la sinergia entre sus principios activos y otros componentes de su formulaci\u00f3n. Esta funci\u00f3n ayuda a los profesionales a tratar, prevenir, corregir y reducir posibles disfunciones del cuero cabelludo y del tallo capilar, manteniendo sano el cabello de los clientes\/pacientes.  Este kit incluye: 1- Exfoliante 220 ml: Indicado para la limpieza profunda del cuero cabelludo, ya que ayuda a preparar la aplicaci\u00f3n de los aceites esenciales Florestas Brasileiras, facilitando la limpieza del ostium folicular para que el activo tenga mayor permeabilidad y una acci\u00f3n m\u00e1s r\u00e1pida. 1- Agua de Lemongrass 140 ml: Est\u00e1 indicada para todo tipo de piel, cabello y cuero cabelludo, incluidos ancianos y ni\u00f1os. 1- Aceites Vegetales 60 ml: Indicado para ser usado como aceite portador para vehiculizar aceites esenciales en terapias. Dado que los aceites esenciales est\u00e1n muy concentrados, se recomienda diluirlos en un aceite portador.  1- Aceite Esencial de Menta 4,5 ml: Indicado para cualquier tipo de cabello que necesite limpieza, estimulando y activando la circulaci\u00f3n del cuero cabelludo. Adem\u00e1s de ser ideal para la falta de hidrataci\u00f3n y la sequedad, puede calmar la piel.  1- Aceite Esencial de Jengibre 4,5 ml: Indicado para el encrespamiento, cabellos da\u00f1ados, secos, quebradizos, finos, alisados, relajados o tratados qu\u00edmicamente, adem\u00e1s de cabellos grises y blancos. 1- Aceite Esencial de Pimienta Brasile\u00f1a 4,5 ml: Se recomienda para cabellos lisos y rizados, quebradizos y finos. 1- Aceite Esencial de Romero 4,5 ml: Recomendado para todo tipo de cabellos, incluidos los grasos. 1- Champ\u00fa 500 ml: Este champ\u00fa limpia el cuero cabelludo y el cabello a la vez que contribuye a mejorar la circulaci\u00f3n y la oxigenaci\u00f3n, as\u00ed como a la regeneraci\u00f3n, protecci\u00f3n y equilibrio de la microbiota, entre otros beneficios. 1- Mascarilla de Reconstrucci\u00f3n 1 l: Se recomienda para cabellos secos, da\u00f1ados y tratados qu\u00edmicamente. 1- Mascarilla de Nutrici\u00f3n 1 l: Indicada para cabellos desalineados, con encrespamiento, sin definici\u00f3n, apagados y con volumen, cabellos que se enredan f\u00e1cilmente o que han pasado por procedimientos qu\u00edmicos como tintes y alisados. Tambi\u00e9n puede usarse solo para devolver los nutrientes perdidos en el d\u00eda a d\u00eda.  1- Mascarilla de Hidrataci\u00f3n 1 l: Esencial para todo tipo de cabellos, especialmente para cabellos apagados y sin brillo. 1- Mascarilla de Reparaci\u00f3n 1 l: Indicada para cabellos da\u00f1ados que han pasado por procedimientos qu\u00edmicos. 1- S\u00e9rum 140 ml: Su funci\u00f3n es ayudar a desenredar el cabello, disminuir la fricci\u00f3n entre el peine y el pelo, reducir la rotura, controlar el encrespamiento y el volumen, y alinear las cut\u00edculas, protegi\u00e9ndolas contra factores externos y mec\u00e1nicos. &nbsp; &nbsp;","og_url":"https:\/\/www.xcentricbeauty.com\/es\/producto\/kit-profesional-florestas-brasileiras\/","og_site_name":"Xcentric Beauty","og_image":[{"width":797,"height":535,"url":"https:\/\/www.xcentricbeauty.com\/wp-content\/uploads\/2025\/06\/florestabrasileira.png","type":"image\/png"}],"twitter_card":"summary_large_image","schema":{"@context":"https:\/\/schema.org","@graph":[{"@type":"WebPage","@id":"https:\/\/www.xcentricbeauty.com\/es\/producto\/kit-profesional-florestas-brasileiras\/","url":"https:\/\/www.xcentricbeauty.com\/es\/producto\/kit-profesional-florestas-brasileiras\/","name":"Kit Profesional Florestas Brasileiras - Xcentric Beauty","isPartOf":{"@id":"https:\/\/www.xcentricbeauty.com\/es\/#website"},"primaryImageOfPage":{"@id":"https:\/\/www.xcentricbeauty.com\/es\/producto\/kit-profesional-florestas-brasileiras\/#primaryimage"},"image":{"@id":"https:\/\/www.xcentricbeauty.com\/es\/producto\/kit-profesional-florestas-brasileiras\/#primaryimage"},"thumbnailUrl":"https:\/\/www.xcentricbeauty.com\/wp-content\/uploads\/2025\/06\/florestabrasileira.png","datePublished":"2025-06-14T01:12:46+00:00","breadcrumb":{"@id":"https:\/\/www.xcentricbeauty.com\/es\/producto\/kit-profesional-florestas-brasileiras\/#breadcrumb"},"inLanguage":"es","potentialAction":[{"@type":"ReadAction","target":["https:\/\/www.xcentricbeauty.com\/es\/producto\/kit-profesional-florestas-brasileiras\/"]}]},{"@type":"ImageObject","inLanguage":"es","@id":"https:\/\/www.xcentricbeauty.com\/es\/producto\/kit-profesional-florestas-brasileiras\/#primaryimage","url":"https:\/\/www.xcentricbeauty.com\/wp-content\/uploads\/2025\/06\/florestabrasileira.png","contentUrl":"https:\/\/www.xcentricbeauty.com\/wp-content\/uploads\/2025\/06\/florestabrasileira.png","width":797,"height":535},{"@type":"BreadcrumbList","@id":"https:\/\/www.xcentricbeauty.com\/es\/producto\/kit-profesional-florestas-brasileiras\/#breadcrumb","itemListElement":[{"@type":"ListItem","position":1,"name":"Home","item":"https:\/\/www.xcentricbeauty.com\/es\/inicio\/"},{"@type":"ListItem","position":2,"name":"Tienda","item":"https:\/\/www.xcentricbeauty.com\/es\/tienda\/"},{"@type":"ListItem","position":3,"name":"Kit Profesional Florestas Brasileiras"}]},{"@type":"WebSite","@id":"https:\/\/www.xcentricbeauty.com\/es\/#website","url":"https:\/\/www.xcentricbeauty.com\/es\/","name":"Xcentric Beauty","description":"Hair Products Shop","potentialAction":[{"@type":"SearchAction","target":{"@type":"EntryPoint","urlTemplate":"https:\/\/www.xcentricbeauty.com\/es\/?s={search_term_string}"},"query-input":{"@type":"PropertyValueSpecification","valueRequired":true,"valueName":"search_term_string"}}],"inLanguage":"es"}]}},"_links":{"self":[{"href":"https:\/\/www.xcentricbeauty.com\/es\/wp-json\/wp\/v2\/product\/8518","targetHints":{"allow":["GET"]}}],"collection":[{"href":"https:\/\/www.xcentricbeauty.com\/es\/wp-json\/wp\/v2\/product"}],"about":[{"href":"https:\/\/www.xcentricbeauty.com\/es\/wp-json\/wp\/v2\/types\/product"}],"replies":[{"embeddable":true,"href":"https:\/\/www.xcentricbeauty.com\/es\/wp-json\/wp\/v2\/comments?post=8518"}],"wp:featuredmedia":[{"embeddable":true,"href":"https:\/\/www.xcentricbeauty.com\/es\/wp-json\/wp\/v2\/media\/5444"}],"wp:attachment":[{"href":"https:\/\/www.xcentricbeauty.com\/es\/wp-json\/wp\/v2\/media?parent=8518"}],"wp:term":[{"taxonomy":"product_brand","embeddable":true,"href":"https:\/\/www.xcentricbeauty.com\/es\/wp-json\/wp\/v2\/product_brand?post=8518"},{"taxonomy":"product_cat","embeddable":true,"href":"https:\/\/www.xcentricbeauty.com\/es\/wp-json\/wp\/v2\/product_cat?post=8518"},{"taxonomy":"product_tag","embeddable":true,"href":"https:\/\/www.xcentricbeauty.com\/es\/wp-json\/wp\/v2\/product_tag?post=8518"}],"curies":[{"name":"wp","href":"https:\/\/api.w.org\/{rel}","templated":true}]}}