{"id":8507,"date":"2025-06-12T13:37:00","date_gmt":"2025-06-12T21:37:00","guid":{"rendered":"https:\/\/www.xcentricbeauty.com\/product\/kit-color-glam-brunette\/"},"modified":"2025-06-12T13:37:00","modified_gmt":"2025-06-12T21:37:00","slug":"kit-color-glam-brunette","status":"publish","type":"product","link":"https:\/\/www.xcentricbeauty.com\/es\/producto\/kit-color-glam-brunette\/","title":{"rendered":"Kit Color Glam Brunette"},"content":{"rendered":"<p>Siguiendo el mismo concepto que Color Glam Blond, hemos creado la l\u00ednea Brunette, especialmente dise\u00f1ada para morenas iluminadas. Es apta para todos los tonos de cabello, incluidos beige, casta\u00f1o, rojo, cobre y tonos oscuros.<br \/>\nSu rica f\u00f3rmula cuenta con activos de primera calidad, como la resina de copaiba y la casta\u00f1a de Brasil, que nutren y reconstruyen la fibra capilar, reponiendo las prote\u00ednas perdidas por procesos qu\u00edmicos como la decoloraci\u00f3n y la coloraci\u00f3n. Adem\u00e1s, contiene agentes hidratantes y antioxidantes que restauran la salud del cabello y potencian el brillo. Esta l\u00ednea protege el color del cabello, garantizando suavidad y fuerza. <\/p>\n<p>&nbsp;<\/p>\n","protected":false},"excerpt":{"rendered":"<p>Siguiendo el mismo concepto que Color Glam Blond, hemos creado la l\u00ednea Brunette, especialmente dise\u00f1ada para morenas iluminadas. Es adecuado para todos los tonos de cabello, incluidos los tonos beige, casta\u00f1o, rojo, cobrizo y oscuros.<\/p>\n","protected":false},"featured_media":5785,"comment_status":"open","ping_status":"closed","template":"","meta":[],"product_brand":[],"product_cat":[213,215],"product_tag":[],"class_list":{"0":"post-8507","1":"product","2":"type-product","3":"status-publish","4":"has-post-thumbnail","6":"product_cat-color-glam-brunette","7":"product_cat-color-glam-brunette-home-care","9":"first","10":"instock","11":"sale","12":"taxable","13":"shipping-taxable","14":"purchasable","15":"product-type-woosb"},"yoast_head":"<!-- This site is optimized with the Yoast SEO plugin v27.6 - https:\/\/yoast.com\/product\/yoast-seo-wordpress\/ -->\n<title>Kit Color Glam Brunette - Xcentric Beauty<\/title>\n<meta name=\"robots\" content=\"index, follow, max-snippet:-1, max-image-preview:large, max-video-preview:-1\" \/>\n<link rel=\"canonical\" href=\"https:\/\/www.xcentricbeauty.com\/es\/producto\/kit-color-glam-brunette\/\" \/>\n<meta property=\"og:locale\" content=\"es_ES\" \/>\n<meta property=\"og:type\" content=\"article\" \/>\n<meta property=\"og:title\" content=\"Kit Color Glam Brunette - Xcentric Beauty\" \/>\n<meta property=\"og:description\" content=\"Siguiendo el mismo concepto que Color Glam Blond, hemos creado la l\u00ednea Brunette, especialmente dise\u00f1ada para morenas iluminadas. Es adecuado para todos los tonos de cabello, incluidos los tonos beige, casta\u00f1o, rojo, cobrizo y oscuros.\" \/>\n<meta property=\"og:url\" content=\"https:\/\/www.xcentricbeauty.com\/es\/producto\/kit-color-glam-brunette\/\" \/>\n<meta property=\"og:site_name\" content=\"Xcentric Beauty\" \/>\n<meta property=\"og:image\" content=\"https:\/\/www.xcentricbeauty.com\/wp-content\/uploads\/2025\/06\/colorglambrunette.png\" \/>\n\t<meta property=\"og:image:width\" content=\"797\" \/>\n\t<meta property=\"og:image:height\" content=\"535\" \/>\n\t<meta property=\"og:image:type\" content=\"image\/png\" \/>\n<meta name=\"twitter:card\" content=\"summary_large_image\" \/>\n<meta name=\"twitter:label1\" content=\"Tiempo de lectura\" \/>\n\t<meta name=\"twitter:data1\" content=\"1 minuto\" \/>\n<script type=\"application\/ld+json\" class=\"yoast-schema-graph\">{\"@context\":\"https:\\\/\\\/schema.org\",\"@graph\":[{\"@type\":\"WebPage\",\"@id\":\"https:\\\/\\\/www.xcentricbeauty.com\\\/es\\\/producto\\\/kit-color-glam-brunette\\\/\",\"url\":\"https:\\\/\\\/www.xcentricbeauty.com\\\/es\\\/producto\\\/kit-color-glam-brunette\\\/\",\"name\":\"Kit Color Glam Brunette - Xcentric Beauty\",\"isPartOf\":{\"@id\":\"https:\\\/\\\/www.xcentricbeauty.com\\\/es\\\/#website\"},\"primaryImageOfPage\":{\"@id\":\"https:\\\/\\\/www.xcentricbeauty.com\\\/es\\\/producto\\\/kit-color-glam-brunette\\\/#primaryimage\"},\"image\":{\"@id\":\"https:\\\/\\\/www.xcentricbeauty.com\\\/es\\\/producto\\\/kit-color-glam-brunette\\\/#primaryimage\"},\"thumbnailUrl\":\"https:\\\/\\\/www.xcentricbeauty.com\\\/wp-content\\\/uploads\\\/2025\\\/06\\\/colorglambrunette.png\",\"datePublished\":\"2025-06-12T21:37:00+00:00\",\"breadcrumb\":{\"@id\":\"https:\\\/\\\/www.xcentricbeauty.com\\\/es\\\/producto\\\/kit-color-glam-brunette\\\/#breadcrumb\"},\"inLanguage\":\"es\",\"potentialAction\":[{\"@type\":\"ReadAction\",\"target\":[\"https:\\\/\\\/www.xcentricbeauty.com\\\/es\\\/producto\\\/kit-color-glam-brunette\\\/\"]}]},{\"@type\":\"ImageObject\",\"inLanguage\":\"es\",\"@id\":\"https:\\\/\\\/www.xcentricbeauty.com\\\/es\\\/producto\\\/kit-color-glam-brunette\\\/#primaryimage\",\"url\":\"https:\\\/\\\/www.xcentricbeauty.com\\\/wp-content\\\/uploads\\\/2025\\\/06\\\/colorglambrunette.png\",\"contentUrl\":\"https:\\\/\\\/www.xcentricbeauty.com\\\/wp-content\\\/uploads\\\/2025\\\/06\\\/colorglambrunette.png\",\"width\":797,\"height\":535},{\"@type\":\"BreadcrumbList\",\"@id\":\"https:\\\/\\\/www.xcentricbeauty.com\\\/es\\\/producto\\\/kit-color-glam-brunette\\\/#breadcrumb\",\"itemListElement\":[{\"@type\":\"ListItem\",\"position\":1,\"name\":\"Home\",\"item\":\"https:\\\/\\\/www.xcentricbeauty.com\\\/es\\\/inicio\\\/\"},{\"@type\":\"ListItem\",\"position\":2,\"name\":\"Tienda\",\"item\":\"https:\\\/\\\/www.xcentricbeauty.com\\\/es\\\/tienda\\\/\"},{\"@type\":\"ListItem\",\"position\":3,\"name\":\"Kit Color Glam Brunette\"}]},{\"@type\":\"WebSite\",\"@id\":\"https:\\\/\\\/www.xcentricbeauty.com\\\/es\\\/#website\",\"url\":\"https:\\\/\\\/www.xcentricbeauty.com\\\/es\\\/\",\"name\":\"Xcentric Beauty\",\"description\":\"Hair Products Shop\",\"potentialAction\":[{\"@type\":\"SearchAction\",\"target\":{\"@type\":\"EntryPoint\",\"urlTemplate\":\"https:\\\/\\\/www.xcentricbeauty.com\\\/es\\\/?s={search_term_string}\"},\"query-input\":{\"@type\":\"PropertyValueSpecification\",\"valueRequired\":true,\"valueName\":\"search_term_string\"}}],\"inLanguage\":\"es\"}]}<\/script>\n<!-- \/ Yoast SEO plugin. -->","yoast_head_json":{"title":"Kit Color Glam Brunette - Xcentric Beauty","robots":{"index":"index","follow":"follow","max-snippet":"max-snippet:-1","max-image-preview":"max-image-preview:large","max-video-preview":"max-video-preview:-1"},"canonical":"https:\/\/www.xcentricbeauty.com\/es\/producto\/kit-color-glam-brunette\/","og_locale":"es_ES","og_type":"article","og_title":"Kit Color Glam Brunette - Xcentric Beauty","og_description":"Siguiendo el mismo concepto que Color Glam Blond, hemos creado la l\u00ednea Brunette, especialmente dise\u00f1ada para morenas iluminadas. Es adecuado para todos los tonos de cabello, incluidos los tonos beige, casta\u00f1o, rojo, cobrizo y oscuros.","og_url":"https:\/\/www.xcentricbeauty.com\/es\/producto\/kit-color-glam-brunette\/","og_site_name":"Xcentric Beauty","og_image":[{"width":797,"height":535,"url":"https:\/\/www.xcentricbeauty.com\/wp-content\/uploads\/2025\/06\/colorglambrunette.png","type":"image\/png"}],"twitter_card":"summary_large_image","twitter_misc":{"Tiempo de lectura":"1 minuto"},"schema":{"@context":"https:\/\/schema.org","@graph":[{"@type":"WebPage","@id":"https:\/\/www.xcentricbeauty.com\/es\/producto\/kit-color-glam-brunette\/","url":"https:\/\/www.xcentricbeauty.com\/es\/producto\/kit-color-glam-brunette\/","name":"Kit Color Glam Brunette - Xcentric Beauty","isPartOf":{"@id":"https:\/\/www.xcentricbeauty.com\/es\/#website"},"primaryImageOfPage":{"@id":"https:\/\/www.xcentricbeauty.com\/es\/producto\/kit-color-glam-brunette\/#primaryimage"},"image":{"@id":"https:\/\/www.xcentricbeauty.com\/es\/producto\/kit-color-glam-brunette\/#primaryimage"},"thumbnailUrl":"https:\/\/www.xcentricbeauty.com\/wp-content\/uploads\/2025\/06\/colorglambrunette.png","datePublished":"2025-06-12T21:37:00+00:00","breadcrumb":{"@id":"https:\/\/www.xcentricbeauty.com\/es\/producto\/kit-color-glam-brunette\/#breadcrumb"},"inLanguage":"es","potentialAction":[{"@type":"ReadAction","target":["https:\/\/www.xcentricbeauty.com\/es\/producto\/kit-color-glam-brunette\/"]}]},{"@type":"ImageObject","inLanguage":"es","@id":"https:\/\/www.xcentricbeauty.com\/es\/producto\/kit-color-glam-brunette\/#primaryimage","url":"https:\/\/www.xcentricbeauty.com\/wp-content\/uploads\/2025\/06\/colorglambrunette.png","contentUrl":"https:\/\/www.xcentricbeauty.com\/wp-content\/uploads\/2025\/06\/colorglambrunette.png","width":797,"height":535},{"@type":"BreadcrumbList","@id":"https:\/\/www.xcentricbeauty.com\/es\/producto\/kit-color-glam-brunette\/#breadcrumb","itemListElement":[{"@type":"ListItem","position":1,"name":"Home","item":"https:\/\/www.xcentricbeauty.com\/es\/inicio\/"},{"@type":"ListItem","position":2,"name":"Tienda","item":"https:\/\/www.xcentricbeauty.com\/es\/tienda\/"},{"@type":"ListItem","position":3,"name":"Kit Color Glam Brunette"}]},{"@type":"WebSite","@id":"https:\/\/www.xcentricbeauty.com\/es\/#website","url":"https:\/\/www.xcentricbeauty.com\/es\/","name":"Xcentric Beauty","description":"Hair Products Shop","potentialAction":[{"@type":"SearchAction","target":{"@type":"EntryPoint","urlTemplate":"https:\/\/www.xcentricbeauty.com\/es\/?s={search_term_string}"},"query-input":{"@type":"PropertyValueSpecification","valueRequired":true,"valueName":"search_term_string"}}],"inLanguage":"es"}]}},"_links":{"self":[{"href":"https:\/\/www.xcentricbeauty.com\/es\/wp-json\/wp\/v2\/product\/8507","targetHints":{"allow":["GET"]}}],"collection":[{"href":"https:\/\/www.xcentricbeauty.com\/es\/wp-json\/wp\/v2\/product"}],"about":[{"href":"https:\/\/www.xcentricbeauty.com\/es\/wp-json\/wp\/v2\/types\/product"}],"replies":[{"embeddable":true,"href":"https:\/\/www.xcentricbeauty.com\/es\/wp-json\/wp\/v2\/comments?post=8507"}],"wp:featuredmedia":[{"embeddable":true,"href":"https:\/\/www.xcentricbeauty.com\/es\/wp-json\/wp\/v2\/media\/5785"}],"wp:attachment":[{"href":"https:\/\/www.xcentricbeauty.com\/es\/wp-json\/wp\/v2\/media?parent=8507"}],"wp:term":[{"taxonomy":"product_brand","embeddable":true,"href":"https:\/\/www.xcentricbeauty.com\/es\/wp-json\/wp\/v2\/product_brand?post=8507"},{"taxonomy":"product_cat","embeddable":true,"href":"https:\/\/www.xcentricbeauty.com\/es\/wp-json\/wp\/v2\/product_cat?post=8507"},{"taxonomy":"product_tag","embeddable":true,"href":"https:\/\/www.xcentricbeauty.com\/es\/wp-json\/wp\/v2\/product_tag?post=8507"}],"curies":[{"name":"wp","href":"https:\/\/api.w.org\/{rel}","templated":true}]}}