{"id":8495,"date":"2025-07-05T16:25:23","date_gmt":"2025-07-06T00:25:23","guid":{"rendered":"https:\/\/www.xcentricbeauty.com\/product\/complejo-pa4-champu-low-poo-paso-1-1l\/"},"modified":"2026-05-13T10:13:14","modified_gmt":"2026-05-13T18:13:14","slug":"complejo-pa4-champu-low-poo-paso-1-1l","status":"publish","type":"product","link":"https:\/\/www.xcentricbeauty.com\/es\/producto\/complejo-pa4-champu-low-poo-paso-1-1l\/","title":{"rendered":"Complejo PA4 | Champ\u00fa Low Poo (Paso 1) | 1L"},"content":{"rendered":"<p><!--StartFragment --><\/p>\n<p><!--StartFragment --><\/p>\n<p><!--StartFragment --><\/p>\n<p>Con una f\u00f3rmula exclusiva de Ecosmetics, el Champ\u00fa Low Poo limpia en profundidad tanto el cabello como el cuero cabelludo, eliminando metales pesados y contaminantes presentes en el agua del grifo, pozos, piscinas, el mar e incluso del aire al que est\u00e1 expuesto tu cabello. Su composici\u00f3n incluye \u00e1cidos quelantes de metales, Aceite de Moringa Amaz\u00f3nica y Manteca de Bacuri, que dejan el cabello limpio, suave y libre de sequedad. <\/p>\n<p>Consejo: Para un tratamiento antiverdes y anticontaminaci\u00f3n completo, utiliza tambi\u00e9n los productos de los Pasos 2 y 3.<\/p>\n<p><strong>Indicaci\u00f3n T\u00e9cnica:<\/strong> Recomendado para eliminar metales pesados del cabello que se absorben del agua de mar, piscinas, pozos artesianos y contaminaci\u00f3n del aire. Purifica el cabello, prepar\u00e1ndolo para tratamientos de decoloraci\u00f3n y coloraci\u00f3n.<br data-mce-fragment=\"1\"> <\/p>\n<p><!--EndFragment --><\/p>\n<p>&nbsp;<\/p>\n<p><!--EndFragment --><\/p>\n","protected":false},"excerpt":{"rendered":"<p>Con una f\u00f3rmula exclusiva de Ecosmetics, el Champ\u00fa Low Poo limpia en profundidad tanto el cabello como el cuero cabelludo, eliminando metales pesados y contaminantes presentes en el agua del grifo, pozos, piscinas, el mar e incluso del aire al que est\u00e1 expuesto tu cabello. Su composici\u00f3n incluye \u00e1cidos quelantes de metales, Aceite de Moringa Amaz\u00f3nica y Manteca de Bacuri, que dejan el cabello limpio, suave y libre de sequedad. <\/p>\n","protected":false},"featured_media":5368,"comment_status":"open","ping_status":"closed","template":"","meta":[],"product_brand":[],"product_cat":[221],"product_tag":[],"class_list":{"0":"post-8495","1":"product","2":"type-product","3":"status-publish","4":"has-post-thumbnail","6":"product_cat-complex-pa4","7":"pa_size-ml-220","8":"pa_size-ml-219","10":"first","11":"instock","12":"taxable","13":"shipping-taxable","14":"purchasable","15":"product-type-simple"},"yoast_head":"<!-- This site is optimized with the Yoast SEO plugin v27.6 - https:\/\/yoast.com\/product\/yoast-seo-wordpress\/ -->\n<title>Complejo PA4 | Champ\u00fa Low Poo (Paso 1) | 1L - Xcentric Beauty<\/title>\n<meta name=\"robots\" content=\"index, follow, max-snippet:-1, max-image-preview:large, max-video-preview:-1\" \/>\n<link rel=\"canonical\" href=\"https:\/\/www.xcentricbeauty.com\/es\/producto\/complejo-pa4-champu-low-poo-paso-1-1l\/\" \/>\n<meta property=\"og:locale\" content=\"es_ES\" \/>\n<meta property=\"og:type\" content=\"article\" \/>\n<meta property=\"og:title\" content=\"Complejo PA4 | Champ\u00fa Low Poo (Paso 1) | 1L - Xcentric Beauty\" \/>\n<meta property=\"og:description\" content=\"Con una f\u00f3rmula exclusiva de Ecosmetics, el Champ\u00fa Low Poo limpia en profundidad tanto el cabello como el cuero cabelludo, eliminando metales pesados y contaminantes presentes en el agua del grifo, pozos, piscinas, el mar e incluso del aire al que est\u00e1 expuesto tu cabello. Su composici\u00f3n incluye \u00e1cidos quelantes de metales, Aceite de Moringa Amaz\u00f3nica y Manteca de Bacuri, que dejan el cabello limpio, suave y libre de sequedad.\" \/>\n<meta property=\"og:url\" content=\"https:\/\/www.xcentricbeauty.com\/es\/producto\/complejo-pa4-champu-low-poo-paso-1-1l\/\" \/>\n<meta property=\"og:site_name\" content=\"Xcentric Beauty\" \/>\n<meta property=\"article:modified_time\" content=\"2026-05-13T18:13:14+00:00\" \/>\n<meta property=\"og:image\" content=\"https:\/\/www.xcentricbeauty.com\/wp-content\/uploads\/2025\/07\/Shampoo_1L-scaled.webp\" \/>\n\t<meta property=\"og:image:width\" content=\"736\" \/>\n\t<meta property=\"og:image:height\" content=\"2560\" \/>\n\t<meta property=\"og:image:type\" content=\"image\/webp\" \/>\n<meta name=\"twitter:card\" content=\"summary_large_image\" \/>\n<meta name=\"twitter:label1\" content=\"Tiempo de lectura\" \/>\n\t<meta name=\"twitter:data1\" content=\"1 minuto\" \/>\n<script type=\"application\/ld+json\" class=\"yoast-schema-graph\">{\"@context\":\"https:\\\/\\\/schema.org\",\"@graph\":[{\"@type\":\"WebPage\",\"@id\":\"https:\\\/\\\/www.xcentricbeauty.com\\\/es\\\/producto\\\/complejo-pa4-champu-low-poo-paso-1-1l\\\/\",\"url\":\"https:\\\/\\\/www.xcentricbeauty.com\\\/es\\\/producto\\\/complejo-pa4-champu-low-poo-paso-1-1l\\\/\",\"name\":\"Complejo PA4 | Champ\u00fa Low Poo (Paso 1) | 1L - Xcentric Beauty\",\"isPartOf\":{\"@id\":\"https:\\\/\\\/www.xcentricbeauty.com\\\/es\\\/#website\"},\"primaryImageOfPage\":{\"@id\":\"https:\\\/\\\/www.xcentricbeauty.com\\\/es\\\/producto\\\/complejo-pa4-champu-low-poo-paso-1-1l\\\/#primaryimage\"},\"image\":{\"@id\":\"https:\\\/\\\/www.xcentricbeauty.com\\\/es\\\/producto\\\/complejo-pa4-champu-low-poo-paso-1-1l\\\/#primaryimage\"},\"thumbnailUrl\":\"https:\\\/\\\/www.xcentricbeauty.com\\\/wp-content\\\/uploads\\\/2025\\\/07\\\/Shampoo_1L-scaled.webp\",\"datePublished\":\"2025-07-06T00:25:23+00:00\",\"dateModified\":\"2026-05-13T18:13:14+00:00\",\"breadcrumb\":{\"@id\":\"https:\\\/\\\/www.xcentricbeauty.com\\\/es\\\/producto\\\/complejo-pa4-champu-low-poo-paso-1-1l\\\/#breadcrumb\"},\"inLanguage\":\"es\",\"potentialAction\":[{\"@type\":\"ReadAction\",\"target\":[\"https:\\\/\\\/www.xcentricbeauty.com\\\/es\\\/producto\\\/complejo-pa4-champu-low-poo-paso-1-1l\\\/\"]}]},{\"@type\":\"ImageObject\",\"inLanguage\":\"es\",\"@id\":\"https:\\\/\\\/www.xcentricbeauty.com\\\/es\\\/producto\\\/complejo-pa4-champu-low-poo-paso-1-1l\\\/#primaryimage\",\"url\":\"https:\\\/\\\/www.xcentricbeauty.com\\\/wp-content\\\/uploads\\\/2025\\\/07\\\/Shampoo_1L-scaled.webp\",\"contentUrl\":\"https:\\\/\\\/www.xcentricbeauty.com\\\/wp-content\\\/uploads\\\/2025\\\/07\\\/Shampoo_1L-scaled.webp\",\"width\":736,\"height\":2560},{\"@type\":\"BreadcrumbList\",\"@id\":\"https:\\\/\\\/www.xcentricbeauty.com\\\/es\\\/producto\\\/complejo-pa4-champu-low-poo-paso-1-1l\\\/#breadcrumb\",\"itemListElement\":[{\"@type\":\"ListItem\",\"position\":1,\"name\":\"Home\",\"item\":\"https:\\\/\\\/www.xcentricbeauty.com\\\/es\\\/inicio\\\/\"},{\"@type\":\"ListItem\",\"position\":2,\"name\":\"Tienda\",\"item\":\"https:\\\/\\\/www.xcentricbeauty.com\\\/es\\\/tienda\\\/\"},{\"@type\":\"ListItem\",\"position\":3,\"name\":\"Complejo PA4 | Champ\u00fa Low Poo (Paso 1) | 1L\"}]},{\"@type\":\"WebSite\",\"@id\":\"https:\\\/\\\/www.xcentricbeauty.com\\\/es\\\/#website\",\"url\":\"https:\\\/\\\/www.xcentricbeauty.com\\\/es\\\/\",\"name\":\"Xcentric Beauty\",\"description\":\"Hair Products Shop\",\"potentialAction\":[{\"@type\":\"SearchAction\",\"target\":{\"@type\":\"EntryPoint\",\"urlTemplate\":\"https:\\\/\\\/www.xcentricbeauty.com\\\/es\\\/?s={search_term_string}\"},\"query-input\":{\"@type\":\"PropertyValueSpecification\",\"valueRequired\":true,\"valueName\":\"search_term_string\"}}],\"inLanguage\":\"es\"}]}<\/script>\n<!-- \/ Yoast SEO plugin. -->","yoast_head_json":{"title":"Complejo PA4 | Champ\u00fa Low Poo (Paso 1) | 1L - Xcentric Beauty","robots":{"index":"index","follow":"follow","max-snippet":"max-snippet:-1","max-image-preview":"max-image-preview:large","max-video-preview":"max-video-preview:-1"},"canonical":"https:\/\/www.xcentricbeauty.com\/es\/producto\/complejo-pa4-champu-low-poo-paso-1-1l\/","og_locale":"es_ES","og_type":"article","og_title":"Complejo PA4 | Champ\u00fa Low Poo (Paso 1) | 1L - Xcentric Beauty","og_description":"Con una f\u00f3rmula exclusiva de Ecosmetics, el Champ\u00fa Low Poo limpia en profundidad tanto el cabello como el cuero cabelludo, eliminando metales pesados y contaminantes presentes en el agua del grifo, pozos, piscinas, el mar e incluso del aire al que est\u00e1 expuesto tu cabello. Su composici\u00f3n incluye \u00e1cidos quelantes de metales, Aceite de Moringa Amaz\u00f3nica y Manteca de Bacuri, que dejan el cabello limpio, suave y libre de sequedad.","og_url":"https:\/\/www.xcentricbeauty.com\/es\/producto\/complejo-pa4-champu-low-poo-paso-1-1l\/","og_site_name":"Xcentric Beauty","article_modified_time":"2026-05-13T18:13:14+00:00","og_image":[{"width":736,"height":2560,"url":"https:\/\/www.xcentricbeauty.com\/wp-content\/uploads\/2025\/07\/Shampoo_1L-scaled.webp","type":"image\/webp"}],"twitter_card":"summary_large_image","twitter_misc":{"Tiempo de lectura":"1 minuto"},"schema":{"@context":"https:\/\/schema.org","@graph":[{"@type":"WebPage","@id":"https:\/\/www.xcentricbeauty.com\/es\/producto\/complejo-pa4-champu-low-poo-paso-1-1l\/","url":"https:\/\/www.xcentricbeauty.com\/es\/producto\/complejo-pa4-champu-low-poo-paso-1-1l\/","name":"Complejo PA4 | Champ\u00fa Low Poo (Paso 1) | 1L - Xcentric Beauty","isPartOf":{"@id":"https:\/\/www.xcentricbeauty.com\/es\/#website"},"primaryImageOfPage":{"@id":"https:\/\/www.xcentricbeauty.com\/es\/producto\/complejo-pa4-champu-low-poo-paso-1-1l\/#primaryimage"},"image":{"@id":"https:\/\/www.xcentricbeauty.com\/es\/producto\/complejo-pa4-champu-low-poo-paso-1-1l\/#primaryimage"},"thumbnailUrl":"https:\/\/www.xcentricbeauty.com\/wp-content\/uploads\/2025\/07\/Shampoo_1L-scaled.webp","datePublished":"2025-07-06T00:25:23+00:00","dateModified":"2026-05-13T18:13:14+00:00","breadcrumb":{"@id":"https:\/\/www.xcentricbeauty.com\/es\/producto\/complejo-pa4-champu-low-poo-paso-1-1l\/#breadcrumb"},"inLanguage":"es","potentialAction":[{"@type":"ReadAction","target":["https:\/\/www.xcentricbeauty.com\/es\/producto\/complejo-pa4-champu-low-poo-paso-1-1l\/"]}]},{"@type":"ImageObject","inLanguage":"es","@id":"https:\/\/www.xcentricbeauty.com\/es\/producto\/complejo-pa4-champu-low-poo-paso-1-1l\/#primaryimage","url":"https:\/\/www.xcentricbeauty.com\/wp-content\/uploads\/2025\/07\/Shampoo_1L-scaled.webp","contentUrl":"https:\/\/www.xcentricbeauty.com\/wp-content\/uploads\/2025\/07\/Shampoo_1L-scaled.webp","width":736,"height":2560},{"@type":"BreadcrumbList","@id":"https:\/\/www.xcentricbeauty.com\/es\/producto\/complejo-pa4-champu-low-poo-paso-1-1l\/#breadcrumb","itemListElement":[{"@type":"ListItem","position":1,"name":"Home","item":"https:\/\/www.xcentricbeauty.com\/es\/inicio\/"},{"@type":"ListItem","position":2,"name":"Tienda","item":"https:\/\/www.xcentricbeauty.com\/es\/tienda\/"},{"@type":"ListItem","position":3,"name":"Complejo PA4 | Champ\u00fa Low Poo (Paso 1) | 1L"}]},{"@type":"WebSite","@id":"https:\/\/www.xcentricbeauty.com\/es\/#website","url":"https:\/\/www.xcentricbeauty.com\/es\/","name":"Xcentric Beauty","description":"Hair Products Shop","potentialAction":[{"@type":"SearchAction","target":{"@type":"EntryPoint","urlTemplate":"https:\/\/www.xcentricbeauty.com\/es\/?s={search_term_string}"},"query-input":{"@type":"PropertyValueSpecification","valueRequired":true,"valueName":"search_term_string"}}],"inLanguage":"es"}]}},"_links":{"self":[{"href":"https:\/\/www.xcentricbeauty.com\/es\/wp-json\/wp\/v2\/product\/8495","targetHints":{"allow":["GET"]}}],"collection":[{"href":"https:\/\/www.xcentricbeauty.com\/es\/wp-json\/wp\/v2\/product"}],"about":[{"href":"https:\/\/www.xcentricbeauty.com\/es\/wp-json\/wp\/v2\/types\/product"}],"replies":[{"embeddable":true,"href":"https:\/\/www.xcentricbeauty.com\/es\/wp-json\/wp\/v2\/comments?post=8495"}],"wp:featuredmedia":[{"embeddable":true,"href":"https:\/\/www.xcentricbeauty.com\/es\/wp-json\/wp\/v2\/media\/5368"}],"wp:attachment":[{"href":"https:\/\/www.xcentricbeauty.com\/es\/wp-json\/wp\/v2\/media?parent=8495"}],"wp:term":[{"taxonomy":"product_brand","embeddable":true,"href":"https:\/\/www.xcentricbeauty.com\/es\/wp-json\/wp\/v2\/product_brand?post=8495"},{"taxonomy":"product_cat","embeddable":true,"href":"https:\/\/www.xcentricbeauty.com\/es\/wp-json\/wp\/v2\/product_cat?post=8495"},{"taxonomy":"product_tag","embeddable":true,"href":"https:\/\/www.xcentricbeauty.com\/es\/wp-json\/wp\/v2\/product_tag?post=8495"}],"curies":[{"name":"wp","href":"https:\/\/api.w.org\/{rel}","templated":true}]}}