{"id":8480,"date":"2025-07-05T18:01:39","date_gmt":"2025-07-06T02:01:39","guid":{"rendered":"https:\/\/www.xcentricbeauty.com\/product\/complex-pa4-infusion-reparadora-paso-3-1-l\/"},"modified":"2025-07-05T18:01:39","modified_gmt":"2025-07-06T02:01:39","slug":"complex-pa4-infusion-reparadora-paso-3-1-l","status":"publish","type":"product","link":"https:\/\/www.xcentricbeauty.com\/es\/producto\/complex-pa4-infusion-reparadora-paso-3-1-l\/","title":{"rendered":"Complex PA4 | Infusi\u00f3n Reparadora (Paso 3) | 1 L"},"content":{"rendered":"<p><!--StartFragment --><\/p>\n<p><!--StartFragment --><\/p>\n<p><!--StartFragment --><\/p>\n<p><!--StartFragment --><\/p>\n<p><!--StartFragment --><\/p>\n<p>Formulado con la tecnolog\u00eda avanzada de Ecosmetics, este tratamiento est\u00e1 enriquecido con Manteca de Bacuri amaz\u00f3nica, Aceite de Moringa y Complejos de \u00c1cidos Quelantes. Potencia los efectos antimetales, antipoluci\u00f3n y antitono verdoso, restaurando la flexibilidad, la sedosidad, la emoliencia y el brillo intenso del cabello. <\/p>\n<p>Consejo: Para un resultado completo, \u00fasalo junto con los Pasos 1 y 2.<\/p>\n<p><!--EndFragment --><\/p>\n<p><!--EndFragment --><\/p>\n<p><strong>Indicaci\u00f3n t\u00e9cnica:\u200b<\/strong> <!--StartFragment -->Recomendado para eliminar metales pesados del cabello, absorbidos del agua de mar, piscinas, pozos artesianos y la contaminaci\u00f3n del aire. Deja el cabello purificado y listo para tratamientos de decoloraci\u00f3n y coloraci\u00f3n.   <!--EndFragment --><br \/>\n\u200b\u200b\u200b<\/p>\n<p><!--EndFragment --><\/p>\n<p>&nbsp;<\/p>\n<p><!--EndFragment --><\/p>\n","protected":false},"excerpt":{"rendered":"<p>Formulado con la tecnolog\u00eda avanzada de Ecosmetics, este tratamiento est\u00e1 enriquecido con Manteca de Bacuri amaz\u00f3nica, Aceite de Moringa y Complejos de \u00c1cidos Quelantes. Potencia los efectos antimetales, antipoluci\u00f3n y antitono verdoso, restaurando la flexibilidad, la sedosidad, la emoliencia y el brillo intenso del cabello. <\/p>\n","protected":false},"featured_media":5373,"comment_status":"open","ping_status":"closed","template":"","meta":[],"product_brand":[],"product_cat":[221],"product_tag":[],"class_list":{"0":"post-8480","1":"product","2":"type-product","3":"status-publish","4":"has-post-thumbnail","6":"product_cat-complex-pa4","7":"pa_size-ml-220","8":"pa_size-ml-219","10":"first","11":"instock","12":"taxable","13":"shipping-taxable","14":"purchasable","15":"product-type-simple"},"yoast_head":"<!-- This site is optimized with the Yoast SEO plugin v27.6 - https:\/\/yoast.com\/product\/yoast-seo-wordpress\/ -->\n<title>Complex PA4 | Infusi\u00f3n Reparadora (Paso 3) | 1 L - Xcentric Beauty<\/title>\n<meta name=\"robots\" content=\"index, follow, max-snippet:-1, max-image-preview:large, max-video-preview:-1\" \/>\n<link rel=\"canonical\" href=\"https:\/\/www.xcentricbeauty.com\/es\/producto\/complex-pa4-infusion-reparadora-paso-3-1-l\/\" \/>\n<meta property=\"og:locale\" content=\"es_ES\" \/>\n<meta property=\"og:type\" content=\"article\" \/>\n<meta property=\"og:title\" content=\"Complex PA4 | Infusi\u00f3n Reparadora (Paso 3) | 1 L - Xcentric Beauty\" \/>\n<meta property=\"og:description\" content=\"Formulado con la tecnolog\u00eda avanzada de Ecosmetics, este tratamiento est\u00e1 enriquecido con Manteca de Bacuri amaz\u00f3nica, Aceite de Moringa y Complejos de \u00c1cidos Quelantes. Potencia los efectos antimetales, antipoluci\u00f3n y antitono verdoso, restaurando la flexibilidad, la sedosidad, la emoliencia y el brillo intenso del cabello.\" \/>\n<meta property=\"og:url\" content=\"https:\/\/www.xcentricbeauty.com\/es\/producto\/complex-pa4-infusion-reparadora-paso-3-1-l\/\" \/>\n<meta property=\"og:site_name\" content=\"Xcentric Beauty\" \/>\n<meta property=\"og:image\" content=\"https:\/\/www.xcentricbeauty.com\/wp-content\/uploads\/2025\/07\/Infusion_1L-scaled.webp\" \/>\n\t<meta property=\"og:image:width\" content=\"734\" \/>\n\t<meta property=\"og:image:height\" content=\"2560\" \/>\n\t<meta property=\"og:image:type\" content=\"image\/webp\" \/>\n<meta name=\"twitter:card\" content=\"summary_large_image\" \/>\n<script type=\"application\/ld+json\" class=\"yoast-schema-graph\">{\"@context\":\"https:\\\/\\\/schema.org\",\"@graph\":[{\"@type\":\"WebPage\",\"@id\":\"https:\\\/\\\/www.xcentricbeauty.com\\\/es\\\/producto\\\/complex-pa4-infusion-reparadora-paso-3-1-l\\\/\",\"url\":\"https:\\\/\\\/www.xcentricbeauty.com\\\/es\\\/producto\\\/complex-pa4-infusion-reparadora-paso-3-1-l\\\/\",\"name\":\"Complex PA4 | Infusi\u00f3n Reparadora (Paso 3) | 1 L - Xcentric Beauty\",\"isPartOf\":{\"@id\":\"https:\\\/\\\/www.xcentricbeauty.com\\\/es\\\/#website\"},\"primaryImageOfPage\":{\"@id\":\"https:\\\/\\\/www.xcentricbeauty.com\\\/es\\\/producto\\\/complex-pa4-infusion-reparadora-paso-3-1-l\\\/#primaryimage\"},\"image\":{\"@id\":\"https:\\\/\\\/www.xcentricbeauty.com\\\/es\\\/producto\\\/complex-pa4-infusion-reparadora-paso-3-1-l\\\/#primaryimage\"},\"thumbnailUrl\":\"https:\\\/\\\/www.xcentricbeauty.com\\\/wp-content\\\/uploads\\\/2025\\\/07\\\/Infusion_1L-scaled.webp\",\"datePublished\":\"2025-07-06T02:01:39+00:00\",\"breadcrumb\":{\"@id\":\"https:\\\/\\\/www.xcentricbeauty.com\\\/es\\\/producto\\\/complex-pa4-infusion-reparadora-paso-3-1-l\\\/#breadcrumb\"},\"inLanguage\":\"es\",\"potentialAction\":[{\"@type\":\"ReadAction\",\"target\":[\"https:\\\/\\\/www.xcentricbeauty.com\\\/es\\\/producto\\\/complex-pa4-infusion-reparadora-paso-3-1-l\\\/\"]}]},{\"@type\":\"ImageObject\",\"inLanguage\":\"es\",\"@id\":\"https:\\\/\\\/www.xcentricbeauty.com\\\/es\\\/producto\\\/complex-pa4-infusion-reparadora-paso-3-1-l\\\/#primaryimage\",\"url\":\"https:\\\/\\\/www.xcentricbeauty.com\\\/wp-content\\\/uploads\\\/2025\\\/07\\\/Infusion_1L-scaled.webp\",\"contentUrl\":\"https:\\\/\\\/www.xcentricbeauty.com\\\/wp-content\\\/uploads\\\/2025\\\/07\\\/Infusion_1L-scaled.webp\",\"width\":734,\"height\":2560},{\"@type\":\"BreadcrumbList\",\"@id\":\"https:\\\/\\\/www.xcentricbeauty.com\\\/es\\\/producto\\\/complex-pa4-infusion-reparadora-paso-3-1-l\\\/#breadcrumb\",\"itemListElement\":[{\"@type\":\"ListItem\",\"position\":1,\"name\":\"Home\",\"item\":\"https:\\\/\\\/www.xcentricbeauty.com\\\/es\\\/inicio\\\/\"},{\"@type\":\"ListItem\",\"position\":2,\"name\":\"Tienda\",\"item\":\"https:\\\/\\\/www.xcentricbeauty.com\\\/es\\\/tienda\\\/\"},{\"@type\":\"ListItem\",\"position\":3,\"name\":\"Complex PA4 | Infusi\u00f3n Reparadora (Paso 3) | 1 L\"}]},{\"@type\":\"WebSite\",\"@id\":\"https:\\\/\\\/www.xcentricbeauty.com\\\/es\\\/#website\",\"url\":\"https:\\\/\\\/www.xcentricbeauty.com\\\/es\\\/\",\"name\":\"Xcentric Beauty\",\"description\":\"Hair Products Shop\",\"potentialAction\":[{\"@type\":\"SearchAction\",\"target\":{\"@type\":\"EntryPoint\",\"urlTemplate\":\"https:\\\/\\\/www.xcentricbeauty.com\\\/es\\\/?s={search_term_string}\"},\"query-input\":{\"@type\":\"PropertyValueSpecification\",\"valueRequired\":true,\"valueName\":\"search_term_string\"}}],\"inLanguage\":\"es\"}]}<\/script>\n<!-- \/ Yoast SEO plugin. -->","yoast_head_json":{"title":"Complex PA4 | Infusi\u00f3n Reparadora (Paso 3) | 1 L - Xcentric Beauty","robots":{"index":"index","follow":"follow","max-snippet":"max-snippet:-1","max-image-preview":"max-image-preview:large","max-video-preview":"max-video-preview:-1"},"canonical":"https:\/\/www.xcentricbeauty.com\/es\/producto\/complex-pa4-infusion-reparadora-paso-3-1-l\/","og_locale":"es_ES","og_type":"article","og_title":"Complex PA4 | Infusi\u00f3n Reparadora (Paso 3) | 1 L - Xcentric Beauty","og_description":"Formulado con la tecnolog\u00eda avanzada de Ecosmetics, este tratamiento est\u00e1 enriquecido con Manteca de Bacuri amaz\u00f3nica, Aceite de Moringa y Complejos de \u00c1cidos Quelantes. Potencia los efectos antimetales, antipoluci\u00f3n y antitono verdoso, restaurando la flexibilidad, la sedosidad, la emoliencia y el brillo intenso del cabello.","og_url":"https:\/\/www.xcentricbeauty.com\/es\/producto\/complex-pa4-infusion-reparadora-paso-3-1-l\/","og_site_name":"Xcentric Beauty","og_image":[{"width":734,"height":2560,"url":"https:\/\/www.xcentricbeauty.com\/wp-content\/uploads\/2025\/07\/Infusion_1L-scaled.webp","type":"image\/webp"}],"twitter_card":"summary_large_image","schema":{"@context":"https:\/\/schema.org","@graph":[{"@type":"WebPage","@id":"https:\/\/www.xcentricbeauty.com\/es\/producto\/complex-pa4-infusion-reparadora-paso-3-1-l\/","url":"https:\/\/www.xcentricbeauty.com\/es\/producto\/complex-pa4-infusion-reparadora-paso-3-1-l\/","name":"Complex PA4 | Infusi\u00f3n Reparadora (Paso 3) | 1 L - Xcentric Beauty","isPartOf":{"@id":"https:\/\/www.xcentricbeauty.com\/es\/#website"},"primaryImageOfPage":{"@id":"https:\/\/www.xcentricbeauty.com\/es\/producto\/complex-pa4-infusion-reparadora-paso-3-1-l\/#primaryimage"},"image":{"@id":"https:\/\/www.xcentricbeauty.com\/es\/producto\/complex-pa4-infusion-reparadora-paso-3-1-l\/#primaryimage"},"thumbnailUrl":"https:\/\/www.xcentricbeauty.com\/wp-content\/uploads\/2025\/07\/Infusion_1L-scaled.webp","datePublished":"2025-07-06T02:01:39+00:00","breadcrumb":{"@id":"https:\/\/www.xcentricbeauty.com\/es\/producto\/complex-pa4-infusion-reparadora-paso-3-1-l\/#breadcrumb"},"inLanguage":"es","potentialAction":[{"@type":"ReadAction","target":["https:\/\/www.xcentricbeauty.com\/es\/producto\/complex-pa4-infusion-reparadora-paso-3-1-l\/"]}]},{"@type":"ImageObject","inLanguage":"es","@id":"https:\/\/www.xcentricbeauty.com\/es\/producto\/complex-pa4-infusion-reparadora-paso-3-1-l\/#primaryimage","url":"https:\/\/www.xcentricbeauty.com\/wp-content\/uploads\/2025\/07\/Infusion_1L-scaled.webp","contentUrl":"https:\/\/www.xcentricbeauty.com\/wp-content\/uploads\/2025\/07\/Infusion_1L-scaled.webp","width":734,"height":2560},{"@type":"BreadcrumbList","@id":"https:\/\/www.xcentricbeauty.com\/es\/producto\/complex-pa4-infusion-reparadora-paso-3-1-l\/#breadcrumb","itemListElement":[{"@type":"ListItem","position":1,"name":"Home","item":"https:\/\/www.xcentricbeauty.com\/es\/inicio\/"},{"@type":"ListItem","position":2,"name":"Tienda","item":"https:\/\/www.xcentricbeauty.com\/es\/tienda\/"},{"@type":"ListItem","position":3,"name":"Complex PA4 | Infusi\u00f3n Reparadora (Paso 3) | 1 L"}]},{"@type":"WebSite","@id":"https:\/\/www.xcentricbeauty.com\/es\/#website","url":"https:\/\/www.xcentricbeauty.com\/es\/","name":"Xcentric Beauty","description":"Hair Products Shop","potentialAction":[{"@type":"SearchAction","target":{"@type":"EntryPoint","urlTemplate":"https:\/\/www.xcentricbeauty.com\/es\/?s={search_term_string}"},"query-input":{"@type":"PropertyValueSpecification","valueRequired":true,"valueName":"search_term_string"}}],"inLanguage":"es"}]}},"_links":{"self":[{"href":"https:\/\/www.xcentricbeauty.com\/es\/wp-json\/wp\/v2\/product\/8480","targetHints":{"allow":["GET"]}}],"collection":[{"href":"https:\/\/www.xcentricbeauty.com\/es\/wp-json\/wp\/v2\/product"}],"about":[{"href":"https:\/\/www.xcentricbeauty.com\/es\/wp-json\/wp\/v2\/types\/product"}],"replies":[{"embeddable":true,"href":"https:\/\/www.xcentricbeauty.com\/es\/wp-json\/wp\/v2\/comments?post=8480"}],"wp:featuredmedia":[{"embeddable":true,"href":"https:\/\/www.xcentricbeauty.com\/es\/wp-json\/wp\/v2\/media\/5373"}],"wp:attachment":[{"href":"https:\/\/www.xcentricbeauty.com\/es\/wp-json\/wp\/v2\/media?parent=8480"}],"wp:term":[{"taxonomy":"product_brand","embeddable":true,"href":"https:\/\/www.xcentricbeauty.com\/es\/wp-json\/wp\/v2\/product_brand?post=8480"},{"taxonomy":"product_cat","embeddable":true,"href":"https:\/\/www.xcentricbeauty.com\/es\/wp-json\/wp\/v2\/product_cat?post=8480"},{"taxonomy":"product_tag","embeddable":true,"href":"https:\/\/www.xcentricbeauty.com\/es\/wp-json\/wp\/v2\/product_tag?post=8480"}],"curies":[{"name":"wp","href":"https:\/\/api.w.org\/{rel}","templated":true}]}}