{"id":8068,"date":"2025-05-14T15:17:51","date_gmt":"2025-05-14T23:17:51","guid":{"rendered":"https:\/\/www.xcentricbeauty.com\/marca-blanca\/"},"modified":"2026-05-11T07:39:20","modified_gmt":"2026-05-11T15:39:20","slug":"marca-blanca","status":"publish","type":"page","link":"https:\/\/www.xcentricbeauty.com\/es\/marca-blanca\/","title":{"rendered":"Marca blanca"},"content":{"rendered":"\t\t<div data-elementor-type=\"wp-page\" data-elementor-id=\"8068\" class=\"elementor elementor-8068 elementor-3068\" data-elementor-post-type=\"page\">\n\t\t\t\t<div class=\"elementor-element elementor-element-f945e62 e-con-full e-flex e-con e-parent\" data-id=\"f945e62\" data-element_type=\"container\" data-e-type=\"container\" data-settings=\"{&quot;background_background&quot;:&quot;classic&quot;}\">\n\t\t<div class=\"elementor-element elementor-element-70a4f36 e-flex e-con-boxed e-con e-child\" data-id=\"70a4f36\" data-element_type=\"container\" data-e-type=\"container\">\n\t\t\t\t\t<div class=\"e-con-inner\">\n\t\t\t\t<div class=\"elementor-element elementor-element-598c03a elementor-widget elementor-widget-heading\" data-id=\"598c03a\" data-element_type=\"widget\" data-e-type=\"widget\" data-widget_type=\"heading.default\">\n\t\t\t\t\t<h1 class=\"elementor-heading-title elementor-size-default\">Marca blanca<\/h1>\t\t\t\t<\/div>\n\t\t<div class=\"elementor-element elementor-element-1f17306 e-flex e-con-boxed e-con e-child\" data-id=\"1f17306\" data-element_type=\"container\" data-e-type=\"container\">\n\t\t\t\t\t<div class=\"e-con-inner\">\n\t\t\t\t<div class=\"elementor-element elementor-element-c4903b8 elementor-widget elementor-widget-heading\" data-id=\"c4903b8\" data-element_type=\"widget\" data-e-type=\"widget\" data-widget_type=\"heading.default\">\n\t\t\t\t\t<span class=\"elementor-heading-title elementor-size-default\">inicio<\/span>\t\t\t\t<\/div>\n\t\t\t\t<div class=\"elementor-element elementor-element-92f5cee elementor-view-default elementor-widget elementor-widget-icon\" data-id=\"92f5cee\" data-element_type=\"widget\" data-e-type=\"widget\" data-widget_type=\"icon.default\">\n\t\t\t\t\t\t\t<div class=\"elementor-icon-wrapper\">\n\t\t\t<div class=\"elementor-icon\">\n\t\t\t<svg xmlns=\"http:\/\/www.w3.org\/2000\/svg\" width=\"14\" height=\"14\" viewBox=\"0 0 14 14\" fill=\"none\"><rect x=\"0.964355\" y=\"7\" width=\"8.53552\" height=\"8.53552\" transform=\"rotate(-45 0.964355 7)\" fill=\"#B6713D\"><\/rect><\/svg>\t\t\t<\/div>\n\t\t<\/div>\n\t\t\t\t\t\t<\/div>\n\t\t\t\t<div class=\"elementor-element elementor-element-880fe7b elementor-widget elementor-widget-heading\" data-id=\"880fe7b\" data-element_type=\"widget\" data-e-type=\"widget\" data-widget_type=\"heading.default\">\n\t\t\t\t\t<span class=\"elementor-heading-title elementor-size-default\">Marca blanca<\/span>\t\t\t\t<\/div>\n\t\t\t\t\t<\/div>\n\t\t\t\t<\/div>\n\t\t\t\t\t<\/div>\n\t\t\t\t<\/div>\n\t\t\t\t<\/div>\n\t\t<div class=\"elementor-element elementor-element-fded3d8 e-flex e-con-boxed e-con e-parent\" data-id=\"fded3d8\" data-element_type=\"container\" data-e-type=\"container\" data-settings=\"{&quot;background_background&quot;:&quot;classic&quot;}\">\n\t\t\t\t\t<div class=\"e-con-inner\">\n\t\t<div class=\"elementor-element elementor-element-19941a9 e-con-full e-flex e-con e-child\" data-id=\"19941a9\" data-element_type=\"container\" data-e-type=\"container\">\n\t\t\t\t<div class=\"elementor-element elementor-element-38a694f elementor-widget elementor-widget-heading\" data-id=\"38a694f\" data-element_type=\"widget\" data-e-type=\"widget\" data-widget_type=\"heading.default\">\n\t\t\t\t\t<h2 class=\"elementor-heading-title elementor-size-default\">\u00bfListo para hacer realidad tu visi\u00f3n?<\/h2>\t\t\t\t<\/div>\n\t\t\t\t<div class=\"elementor-element elementor-element-584b46d elementor-widget elementor-widget-text-editor\" data-id=\"584b46d\" data-element_type=\"widget\" data-e-type=\"widget\" data-widget_type=\"text-editor.default\">\n\t\t\t\t\t\t\t\t\t<p>Con nuestro servicio de Marca Blanca, puedes dise\u00f1ar tu propia l\u00ednea de productos profesionales para el cuidado del cabello desde cero.<\/p><p>Desde la selecci\u00f3n de ingredientes de alta calidad hasta la personalizaci\u00f3n del packaging, te guiamos en cada paso para crear productos que reflejen el estilo \u00fanico de tu marca.<\/p><p>\u00a1Eleva tu negocio y deja tu huella con una l\u00ednea de productos personalizada creada solo para ti!<\/p>\t\t\t\t\t\t\t\t<\/div>\n\t\t\t\t<div class=\"elementor-element elementor-element-bb241b5 elementor-align-center elementor-widget__width-initial elementor-widget elementor-widget-button\" data-id=\"bb241b5\" data-element_type=\"widget\" data-e-type=\"widget\" data-widget_type=\"button.default\">\n\t\t\t\t\t\t\t\t\t\t<a class=\"elementor-button elementor-button-link elementor-size-sm\" href=\"https:\/\/wa.link\/14vleg\" target=\"_blank\">\n\t\t\t\t\t\t<span class=\"elementor-button-content-wrapper\">\n\t\t\t\t\t\t<span class=\"elementor-button-icon\">\n\t\t\t\t<svg xmlns=\"http:\/\/www.w3.org\/2000\/svg\" width=\"24\" height=\"24\" viewBox=\"0 0 24 24\" fill=\"none\"><path d=\"M0.0493164 23.9995L1.72683 17.8729C-3.24303 8.99641 4.18017 -1.61401 14.2751 0.205742C21.7176 1.54766 25.9931 9.67436 22.9723 16.6269C20.1751 23.0646 12.5243 25.6413 6.30901 22.3726L0.0493164 24V23.9995ZM2.94868 21.1021C3.09237 21.2275 6.19329 20.2414 6.65136 20.2038C11.2268 23.1031 17.2637 21.889 20.2754 17.3941C23.9902 11.8504 21.1805 4.18568 14.7732 2.39437C6.88281 0.188383 -0.0967846 7.86617 2.84405 15.5184C3.1295 16.2615 3.57937 16.8873 3.87302 17.6058L2.94916 21.1026L2.94868 21.1021Z\" fill=\"#FCFEFD\"><\/path><path d=\"M2.94432 21.1018L3.86818 17.605C3.57501 16.8866 3.12465 16.2607 2.8392 15.5177C-0.101629 7.86543 6.87796 0.187639 14.7684 2.39362C21.1761 4.18541 23.9853 11.8497 20.2706 17.3934C17.2589 21.8883 11.2224 23.1024 6.64652 20.203C6.18844 20.2406 3.08753 21.2267 2.94384 21.1013L2.94432 21.1018ZM7.59159 6.4184C7.32591 6.4724 6.8635 6.92807 6.69329 7.14601C4.90246 9.43976 6.94884 12.2591 8.52847 14.0012C10.2798 15.9333 14.2394 18.6364 16.8509 17.1561C17.6113 16.725 17.987 16.227 18.0675 15.334C18.107 14.8947 18.1446 14.7669 17.7719 14.5162C17.3163 14.2095 16.2559 13.7456 15.7197 13.5282C15.5466 13.4578 15.2491 13.3016 15.0751 13.3261C14.7607 13.37 14.0977 14.6039 13.7312 14.8161C13.4178 14.9979 12.8059 14.6531 12.4877 14.4964C11.4085 13.965 10.3776 13.045 9.67414 12.0783C9.53768 11.8907 9.14567 11.3453 9.10854 11.1549C9.00198 10.61 10.042 10.0878 10.083 9.47206C10.0951 9.29172 9.25512 7.27813 9.10758 6.99075C9.00246 6.78631 8.92001 6.5105 8.67457 6.43383C8.47302 6.37066 7.80568 6.37452 7.59111 6.4184H7.59159Z\" fill=\"#25D266\"><\/path><path d=\"M7.5964 6.41858C7.81098 6.37519 8.47832 6.37085 8.67987 6.43402C8.9253 6.51068 9.00775 6.78649 9.11287 6.99094C9.2609 7.27832 10.1004 9.29191 10.0883 9.47225C10.0469 10.088 9.00727 10.6097 9.11383 11.1551C9.15096 11.3455 9.54297 11.8909 9.67943 12.0784C10.3829 13.0452 11.4134 13.9652 12.493 14.4966C12.8112 14.6533 13.4231 14.9976 13.7365 14.8163C14.103 14.6041 14.766 13.3702 15.0804 13.3263C15.2544 13.3017 15.5519 13.458 15.725 13.5284C16.2607 13.7458 17.3215 14.2097 17.7772 14.5164C18.1499 14.7676 18.1128 14.8954 18.0728 15.3341C17.9923 16.2271 17.6166 16.7257 16.8562 17.1563C14.2447 18.6366 10.2846 15.933 8.53377 14.0014C6.95414 12.2588 4.90775 9.43994 6.69858 7.1462C6.86879 6.92825 7.3312 6.47259 7.59689 6.41858H7.5964Z\" fill=\"#FCFEFD\"><\/path><\/svg>\t\t\t<\/span>\n\t\t\t\t\t\t\t\t\t<span class=\"elementor-button-text\">Cont\u00e1ctanos<\/span>\n\t\t\t\t\t<\/span>\n\t\t\t\t\t<\/a>\n\t\t\t\t\t\t\t\t<\/div>\n\t\t\t\t<div class=\"elementor-element elementor-element-202b632 elementor-widget elementor-widget-image\" data-id=\"202b632\" data-element_type=\"widget\" data-e-type=\"widget\" data-widget_type=\"image.default\">\n\t\t\t\t\t\t\t\t\t\t\t\t\t\t\t<img fetchpriority=\"high\" decoding=\"async\" width=\"716\" height=\"600\" src=\"https:\/\/www.xcentricbeauty.com\/wp-content\/uploads\/2025\/04\/Expert_Georgia_necessaire2-1.png\" class=\"attachment-medium_large size-medium_large wp-image-8073\" alt=\"\" srcset=\"https:\/\/www.xcentricbeauty.com\/wp-content\/uploads\/2025\/04\/Expert_Georgia_necessaire2-1.png 716w, https:\/\/www.xcentricbeauty.com\/wp-content\/uploads\/2025\/04\/Expert_Georgia_necessaire2-1-300x251.png 300w, https:\/\/www.xcentricbeauty.com\/wp-content\/uploads\/2025\/04\/Expert_Georgia_necessaire2-1-600x503.png 600w\" sizes=\"(max-width: 716px) 100vw, 716px\" \/>\t\t\t\t\t\t\t\t\t\t\t\t\t\t\t<\/div>\n\t\t\t\t<\/div>\n\t\t\t\t\t<\/div>\n\t\t\t\t<\/div>\n\t\t<div class=\"elementor-element elementor-element-db05712 e-flex e-con-boxed e-con e-parent\" data-id=\"db05712\" data-element_type=\"container\" data-e-type=\"container\" data-settings=\"{&quot;background_background&quot;:&quot;classic&quot;}\">\n\t\t\t\t\t<div class=\"e-con-inner\">\n\t\t<div class=\"elementor-element elementor-element-d244df8 e-con-full e-flex e-con e-child\" data-id=\"d244df8\" data-element_type=\"container\" data-e-type=\"container\">\n\t\t\t\t<div class=\"elementor-element elementor-element-59fad4a elementor-widget elementor-widget-heading\" data-id=\"59fad4a\" data-element_type=\"widget\" data-e-type=\"widget\" data-widget_type=\"heading.default\">\n\t\t\t\t\t<h2 class=\"elementor-heading-title elementor-size-default\">Descubre hoy beneficios \u00fanicos para tu negocio<\/h2>\t\t\t\t<\/div>\n\t\t\t\t<div class=\"elementor-element elementor-element-ecc40ac elementor-widget elementor-widget-heading\" data-id=\"ecc40ac\" data-element_type=\"widget\" data-e-type=\"widget\" data-widget_type=\"heading.default\">\n\t\t\t\t\t<h3 class=\"elementor-heading-title elementor-size-default\">Accede a descuentos exclusivos y productos al por mayor para profesionales<\/h3>\t\t\t\t<\/div>\n\t\t\t\t<div class=\"elementor-element elementor-element-59650dd elementor-widget elementor-widget-text-editor\" data-id=\"59650dd\" data-element_type=\"widget\" data-e-type=\"widget\" data-widget_type=\"text-editor.default\">\n\t\t\t\t\t\t\t\t\t<p>Descubre c\u00f3mo comprar productos al por mayor y acceder a descuentos exclusivos dise\u00f1ados para profesionales como t\u00fa. Cont\u00e1ctame por WhatsApp y te explicar\u00e9 c\u00f3mo aprovechar estos beneficios para tu negocio.<\/p>\t\t\t\t\t\t\t\t<\/div>\n\t\t\t\t<div class=\"elementor-element elementor-element-0a92c57 elementor-align-justify elementor-widget__width-initial elementor-widget elementor-widget-button\" data-id=\"0a92c57\" data-element_type=\"widget\" data-e-type=\"widget\" data-widget_type=\"button.default\">\n\t\t\t\t\t\t\t\t\t\t<a class=\"elementor-button elementor-button-link elementor-size-sm\" href=\"https:\/\/wa.link\/14vleg\" target=\"_blank\">\n\t\t\t\t\t\t<span class=\"elementor-button-content-wrapper\">\n\t\t\t\t\t\t<span class=\"elementor-button-icon\">\n\t\t\t\t<svg xmlns=\"http:\/\/www.w3.org\/2000\/svg\" width=\"24\" height=\"24\" viewBox=\"0 0 24 24\" fill=\"none\"><path d=\"M0.0493164 23.9995L1.72683 17.8729C-3.24303 8.99641 4.18017 -1.61401 14.2751 0.205742C21.7176 1.54766 25.9931 9.67436 22.9723 16.6269C20.1751 23.0646 12.5243 25.6413 6.30901 22.3726L0.0493164 24V23.9995ZM2.94868 21.1021C3.09237 21.2275 6.19329 20.2414 6.65136 20.2038C11.2268 23.1031 17.2637 21.889 20.2754 17.3941C23.9902 11.8504 21.1805 4.18568 14.7732 2.39437C6.88281 0.188383 -0.0967846 7.86617 2.84405 15.5184C3.1295 16.2615 3.57937 16.8873 3.87302 17.6058L2.94916 21.1026L2.94868 21.1021Z\" fill=\"#FCFEFD\"><\/path><path d=\"M2.94432 21.1018L3.86818 17.605C3.57501 16.8866 3.12465 16.2607 2.8392 15.5177C-0.101629 7.86543 6.87796 0.187639 14.7684 2.39362C21.1761 4.18541 23.9853 11.8497 20.2706 17.3934C17.2589 21.8883 11.2224 23.1024 6.64652 20.203C6.18844 20.2406 3.08753 21.2267 2.94384 21.1013L2.94432 21.1018ZM7.59159 6.4184C7.32591 6.4724 6.8635 6.92807 6.69329 7.14601C4.90246 9.43976 6.94884 12.2591 8.52847 14.0012C10.2798 15.9333 14.2394 18.6364 16.8509 17.1561C17.6113 16.725 17.987 16.227 18.0675 15.334C18.107 14.8947 18.1446 14.7669 17.7719 14.5162C17.3163 14.2095 16.2559 13.7456 15.7197 13.5282C15.5466 13.4578 15.2491 13.3016 15.0751 13.3261C14.7607 13.37 14.0977 14.6039 13.7312 14.8161C13.4178 14.9979 12.8059 14.6531 12.4877 14.4964C11.4085 13.965 10.3776 13.045 9.67414 12.0783C9.53768 11.8907 9.14567 11.3453 9.10854 11.1549C9.00198 10.61 10.042 10.0878 10.083 9.47206C10.0951 9.29172 9.25512 7.27813 9.10758 6.99075C9.00246 6.78631 8.92001 6.5105 8.67457 6.43383C8.47302 6.37066 7.80568 6.37452 7.59111 6.4184H7.59159Z\" fill=\"#25D266\"><\/path><path d=\"M7.5964 6.41858C7.81098 6.37519 8.47832 6.37085 8.67987 6.43402C8.9253 6.51068 9.00775 6.78649 9.11287 6.99094C9.2609 7.27832 10.1004 9.29191 10.0883 9.47225C10.0469 10.088 9.00727 10.6097 9.11383 11.1551C9.15096 11.3455 9.54297 11.8909 9.67943 12.0784C10.3829 13.0452 11.4134 13.9652 12.493 14.4966C12.8112 14.6533 13.4231 14.9976 13.7365 14.8163C14.103 14.6041 14.766 13.3702 15.0804 13.3263C15.2544 13.3017 15.5519 13.458 15.725 13.5284C16.2607 13.7458 17.3215 14.2097 17.7772 14.5164C18.1499 14.7676 18.1128 14.8954 18.0728 15.3341C17.9923 16.2271 17.6166 16.7257 16.8562 17.1563C14.2447 18.6366 10.2846 15.933 8.53377 14.0014C6.95414 12.2588 4.90775 9.43994 6.69858 7.1462C6.86879 6.92825 7.3312 6.47259 7.59689 6.41858H7.5964Z\" fill=\"#FCFEFD\"><\/path><\/svg>\t\t\t<\/span>\n\t\t\t\t\t\t\t\t\t<span class=\"elementor-button-text\">Cont\u00e1ctanos<\/span>\n\t\t\t\t\t<\/span>\n\t\t\t\t\t<\/a>\n\t\t\t\t\t\t\t\t<\/div>\n\t\t\t\t<\/div>\n\t\t<div class=\"elementor-element elementor-element-859ebfa e-con-full e-flex e-con e-child\" data-id=\"859ebfa\" data-element_type=\"container\" data-e-type=\"container\">\n\t\t\t\t<div class=\"elementor-element elementor-element-5876b1a elementor-widget elementor-widget-image\" data-id=\"5876b1a\" data-element_type=\"widget\" data-e-type=\"widget\" data-widget_type=\"image.default\">\n\t\t\t\t\t\t\t\t\t\t\t\t\t\t\t<img decoding=\"async\" width=\"1024\" height=\"617\" src=\"https:\/\/www.xcentricbeauty.com\/wp-content\/uploads\/2025\/05\/whisole-1024x617.webp\" class=\"attachment-large size-large wp-image-8074\" alt=\"\" srcset=\"https:\/\/www.xcentricbeauty.com\/wp-content\/uploads\/2025\/05\/whisole-1024x617.webp 1024w, https:\/\/www.xcentricbeauty.com\/wp-content\/uploads\/2025\/05\/whisole-300x181.webp 300w, https:\/\/www.xcentricbeauty.com\/wp-content\/uploads\/2025\/05\/whisole-768x463.webp 768w, https:\/\/www.xcentricbeauty.com\/wp-content\/uploads\/2025\/05\/whisole-600x361.webp 600w, https:\/\/www.xcentricbeauty.com\/wp-content\/uploads\/2025\/05\/whisole.webp 1446w\" sizes=\"(max-width: 1024px) 100vw, 1024px\" \/>\t\t\t\t\t\t\t\t\t\t\t\t\t\t\t<\/div>\n\t\t\t\t<\/div>\n\t\t\t\t\t<\/div>\n\t\t\t\t<\/div>\n\t\t\t\t<\/div>\n\t\t","protected":false},"excerpt":{"rendered":"<p>inicio \u00bfListo para hacer realidad tu visi\u00f3n? Con nuestro servicio de Marca Blanca, puedes dise\u00f1ar tu propia l\u00ednea de productos profesionales para el cuidado del cabello desde cero. Desde la selecci\u00f3n de ingredientes de alta calidad hasta la personalizaci\u00f3n del packaging, te guiamos en cada paso para crear productos que reflejen el estilo \u00fanico de [&hellip;]<\/p>\n","protected":false},"author":2,"featured_media":0,"parent":0,"menu_order":0,"comment_status":"closed","ping_status":"closed","template":"","meta":{"footnotes":""},"class_list":["post-8068","page","type-page","status-publish","hentry"],"yoast_head":"<!-- This site is optimized with the Yoast SEO plugin v27.6 - https:\/\/yoast.com\/product\/yoast-seo-wordpress\/ -->\n<title>Marca blanca - Xcentric Beauty<\/title>\n<meta name=\"robots\" content=\"index, follow, max-snippet:-1, max-image-preview:large, max-video-preview:-1\" \/>\n<link rel=\"canonical\" href=\"https:\/\/www.xcentricbeauty.com\/es\/marca-blanca\/\" \/>\n<meta property=\"og:locale\" content=\"es_ES\" \/>\n<meta property=\"og:type\" content=\"article\" \/>\n<meta property=\"og:title\" content=\"Marca blanca - Xcentric Beauty\" \/>\n<meta property=\"og:description\" content=\"inicio \u00bfListo para hacer realidad tu visi\u00f3n? Con nuestro servicio de Marca Blanca, puedes dise\u00f1ar tu propia l\u00ednea de productos profesionales para el cuidado del cabello desde cero. Desde la selecci\u00f3n de ingredientes de alta calidad hasta la personalizaci\u00f3n del packaging, te guiamos en cada paso para crear productos que reflejen el estilo \u00fanico de [&hellip;]\" \/>\n<meta property=\"og:url\" content=\"https:\/\/www.xcentricbeauty.com\/es\/marca-blanca\/\" \/>\n<meta property=\"og:site_name\" content=\"Xcentric Beauty\" \/>\n<meta property=\"article:modified_time\" content=\"2026-05-11T15:39:20+00:00\" \/>\n<meta property=\"og:image\" content=\"https:\/\/www.xcentricbeauty.com\/wp-content\/uploads\/2025\/04\/Expert_Georgia_necessaire2-1.png\" \/>\n\t<meta property=\"og:image:width\" content=\"716\" \/>\n\t<meta property=\"og:image:height\" content=\"600\" \/>\n\t<meta property=\"og:image:type\" content=\"image\/png\" \/>\n<meta name=\"twitter:card\" content=\"summary_large_image\" \/>\n<meta name=\"twitter:label1\" content=\"Tiempo de lectura\" \/>\n\t<meta name=\"twitter:data1\" content=\"1 minuto\" \/>\n<script type=\"application\/ld+json\" class=\"yoast-schema-graph\">{\"@context\":\"https:\\\/\\\/schema.org\",\"@graph\":[{\"@type\":\"WebPage\",\"@id\":\"https:\\\/\\\/www.xcentricbeauty.com\\\/es\\\/marca-blanca\\\/\",\"url\":\"https:\\\/\\\/www.xcentricbeauty.com\\\/es\\\/marca-blanca\\\/\",\"name\":\"Marca blanca - Xcentric Beauty\",\"isPartOf\":{\"@id\":\"https:\\\/\\\/www.xcentricbeauty.com\\\/es\\\/#website\"},\"primaryImageOfPage\":{\"@id\":\"https:\\\/\\\/www.xcentricbeauty.com\\\/es\\\/marca-blanca\\\/#primaryimage\"},\"image\":{\"@id\":\"https:\\\/\\\/www.xcentricbeauty.com\\\/es\\\/marca-blanca\\\/#primaryimage\"},\"thumbnailUrl\":\"https:\\\/\\\/www.xcentricbeauty.com\\\/wp-content\\\/uploads\\\/2025\\\/04\\\/Expert_Georgia_necessaire2-1.png\",\"datePublished\":\"2025-05-14T23:17:51+00:00\",\"dateModified\":\"2026-05-11T15:39:20+00:00\",\"breadcrumb\":{\"@id\":\"https:\\\/\\\/www.xcentricbeauty.com\\\/es\\\/marca-blanca\\\/#breadcrumb\"},\"inLanguage\":\"es\",\"potentialAction\":[{\"@type\":\"ReadAction\",\"target\":[\"https:\\\/\\\/www.xcentricbeauty.com\\\/es\\\/marca-blanca\\\/\"]}]},{\"@type\":\"ImageObject\",\"inLanguage\":\"es\",\"@id\":\"https:\\\/\\\/www.xcentricbeauty.com\\\/es\\\/marca-blanca\\\/#primaryimage\",\"url\":\"https:\\\/\\\/www.xcentricbeauty.com\\\/wp-content\\\/uploads\\\/2025\\\/04\\\/Expert_Georgia_necessaire2-1.png\",\"contentUrl\":\"https:\\\/\\\/www.xcentricbeauty.com\\\/wp-content\\\/uploads\\\/2025\\\/04\\\/Expert_Georgia_necessaire2-1.png\"},{\"@type\":\"BreadcrumbList\",\"@id\":\"https:\\\/\\\/www.xcentricbeauty.com\\\/es\\\/marca-blanca\\\/#breadcrumb\",\"itemListElement\":[{\"@type\":\"ListItem\",\"position\":1,\"name\":\"Home\",\"item\":\"https:\\\/\\\/www.xcentricbeauty.com\\\/es\\\/inicio\\\/\"},{\"@type\":\"ListItem\",\"position\":2,\"name\":\"Marca blanca\"}]},{\"@type\":\"WebSite\",\"@id\":\"https:\\\/\\\/www.xcentricbeauty.com\\\/es\\\/#website\",\"url\":\"https:\\\/\\\/www.xcentricbeauty.com\\\/es\\\/\",\"name\":\"Xcentric Beauty\",\"description\":\"Hair Products Shop\",\"potentialAction\":[{\"@type\":\"SearchAction\",\"target\":{\"@type\":\"EntryPoint\",\"urlTemplate\":\"https:\\\/\\\/www.xcentricbeauty.com\\\/es\\\/?s={search_term_string}\"},\"query-input\":{\"@type\":\"PropertyValueSpecification\",\"valueRequired\":true,\"valueName\":\"search_term_string\"}}],\"inLanguage\":\"es\"}]}<\/script>\n<!-- \/ Yoast SEO plugin. -->","yoast_head_json":{"title":"Marca blanca - Xcentric Beauty","robots":{"index":"index","follow":"follow","max-snippet":"max-snippet:-1","max-image-preview":"max-image-preview:large","max-video-preview":"max-video-preview:-1"},"canonical":"https:\/\/www.xcentricbeauty.com\/es\/marca-blanca\/","og_locale":"es_ES","og_type":"article","og_title":"Marca blanca - Xcentric Beauty","og_description":"inicio \u00bfListo para hacer realidad tu visi\u00f3n? Con nuestro servicio de Marca Blanca, puedes dise\u00f1ar tu propia l\u00ednea de productos profesionales para el cuidado del cabello desde cero. Desde la selecci\u00f3n de ingredientes de alta calidad hasta la personalizaci\u00f3n del packaging, te guiamos en cada paso para crear productos que reflejen el estilo \u00fanico de [&hellip;]","og_url":"https:\/\/www.xcentricbeauty.com\/es\/marca-blanca\/","og_site_name":"Xcentric Beauty","article_modified_time":"2026-05-11T15:39:20+00:00","og_image":[{"width":716,"height":600,"url":"https:\/\/www.xcentricbeauty.com\/wp-content\/uploads\/2025\/04\/Expert_Georgia_necessaire2-1.png","type":"image\/png"}],"twitter_card":"summary_large_image","twitter_misc":{"Tiempo de lectura":"1 minuto"},"schema":{"@context":"https:\/\/schema.org","@graph":[{"@type":"WebPage","@id":"https:\/\/www.xcentricbeauty.com\/es\/marca-blanca\/","url":"https:\/\/www.xcentricbeauty.com\/es\/marca-blanca\/","name":"Marca blanca - Xcentric Beauty","isPartOf":{"@id":"https:\/\/www.xcentricbeauty.com\/es\/#website"},"primaryImageOfPage":{"@id":"https:\/\/www.xcentricbeauty.com\/es\/marca-blanca\/#primaryimage"},"image":{"@id":"https:\/\/www.xcentricbeauty.com\/es\/marca-blanca\/#primaryimage"},"thumbnailUrl":"https:\/\/www.xcentricbeauty.com\/wp-content\/uploads\/2025\/04\/Expert_Georgia_necessaire2-1.png","datePublished":"2025-05-14T23:17:51+00:00","dateModified":"2026-05-11T15:39:20+00:00","breadcrumb":{"@id":"https:\/\/www.xcentricbeauty.com\/es\/marca-blanca\/#breadcrumb"},"inLanguage":"es","potentialAction":[{"@type":"ReadAction","target":["https:\/\/www.xcentricbeauty.com\/es\/marca-blanca\/"]}]},{"@type":"ImageObject","inLanguage":"es","@id":"https:\/\/www.xcentricbeauty.com\/es\/marca-blanca\/#primaryimage","url":"https:\/\/www.xcentricbeauty.com\/wp-content\/uploads\/2025\/04\/Expert_Georgia_necessaire2-1.png","contentUrl":"https:\/\/www.xcentricbeauty.com\/wp-content\/uploads\/2025\/04\/Expert_Georgia_necessaire2-1.png"},{"@type":"BreadcrumbList","@id":"https:\/\/www.xcentricbeauty.com\/es\/marca-blanca\/#breadcrumb","itemListElement":[{"@type":"ListItem","position":1,"name":"Home","item":"https:\/\/www.xcentricbeauty.com\/es\/inicio\/"},{"@type":"ListItem","position":2,"name":"Marca blanca"}]},{"@type":"WebSite","@id":"https:\/\/www.xcentricbeauty.com\/es\/#website","url":"https:\/\/www.xcentricbeauty.com\/es\/","name":"Xcentric Beauty","description":"Hair Products Shop","potentialAction":[{"@type":"SearchAction","target":{"@type":"EntryPoint","urlTemplate":"https:\/\/www.xcentricbeauty.com\/es\/?s={search_term_string}"},"query-input":{"@type":"PropertyValueSpecification","valueRequired":true,"valueName":"search_term_string"}}],"inLanguage":"es"}]}},"_links":{"self":[{"href":"https:\/\/www.xcentricbeauty.com\/es\/wp-json\/wp\/v2\/pages\/8068","targetHints":{"allow":["GET"]}}],"collection":[{"href":"https:\/\/www.xcentricbeauty.com\/es\/wp-json\/wp\/v2\/pages"}],"about":[{"href":"https:\/\/www.xcentricbeauty.com\/es\/wp-json\/wp\/v2\/types\/page"}],"author":[{"embeddable":true,"href":"https:\/\/www.xcentricbeauty.com\/es\/wp-json\/wp\/v2\/users\/2"}],"replies":[{"embeddable":true,"href":"https:\/\/www.xcentricbeauty.com\/es\/wp-json\/wp\/v2\/comments?post=8068"}],"version-history":[{"count":0,"href":"https:\/\/www.xcentricbeauty.com\/es\/wp-json\/wp\/v2\/pages\/8068\/revisions"}],"wp:attachment":[{"href":"https:\/\/www.xcentricbeauty.com\/es\/wp-json\/wp\/v2\/media?parent=8068"}],"curies":[{"name":"wp","href":"https:\/\/api.w.org\/{rel}","templated":true}]}}